{"id":946,"date":"2022-09-18T08:36:16","date_gmt":"2022-09-18T08:36:16","guid":{"rendered":"https:\/\/www.largepillow.com\/product\/wedge-pillow-for-acid-reflux_37_38_39_40_41_42_43_44_45_46_47_48"},"modified":"2024-10-03T16:31:35","modified_gmt":"2024-10-03T16:31:35","slug":"poduszka-do-lozka-4","status":"publish","type":"product","link":"https:\/\/www.largepillow.com\/pl\/product\/bolster-cushion-for-bed","title":{"rendered":"Poduszka Poduszka Do \u0141\u00f3\u017cka"},"content":{"rendered":"<p>Najwy\u017cszy komfort i wsparcie: poduszka wzmacniaj\u0105ca do \u0142\u00f3\u017cka<\/p>\n<p>Czy masz do\u015b\u0107 niewygodnych i nie podtrzymuj\u0105cych poduszek, kt\u00f3re sprawiaj\u0105, \u017ce czujesz si\u0119 zm\u0119czony i obola\u0142y? Nie szukaj dalej \u2013 poduszka do \u0142\u00f3\u017cka Bolster to rozwi\u0105zanie wszystkich Twoich problem\u00f3w przed snem.<\/p>\n<p>Niezr\u00f3wnany komfort i wsparcie plec\u00f3w<\/p>\n<p>Ta poduszka z podwy\u017cszonym zag\u0142\u00f3wkiem ma zakrzywiony kszta\u0142t, kt\u00f3ry dopasowuje si\u0119 do cia\u0142a, zapewniaj\u0105c wyj\u0105tkowy komfort. Unikalne, dwurz\u0119dowe, podwy\u017cszone oparcie zapewnia niezr\u00f3wnane podparcie szyi i plec\u00f3w, dzi\u0119ki czemu jest idealne dla moli ksi\u0105\u017ckowych, nocnych mark\u00f3w i entuzjast\u00f3w telewizji.<\/p>\n<p>Wielofunkcyjny i wszechstronny<\/p>\n<p>Dzi\u0119ki trzem wszechstronnym sposobom u\u017cycia poduszka Bolster jest idealnym towarzyszem w ka\u017cdej sytuacji. U\u017cyj jej jako pionowej poduszki pod plecy, aby wygodnie czyta\u0107, jako poduszki klinowej dla podwy\u017cszonego podparcia n\u00f3g lub jako poduszki na nogi dla wi\u0119kszego komfortu.<\/p>\n<p>Wyj\u0105tkowe wykonanie i materia\u0142y<\/p>\n<p>Wykonane z luksusowej tkaniny o wygl\u0105dzie aksamitu (poliester 100%), ekologiczne wype\u0142nienie z w\u0142\u00f3kien poliestrowych poduszki Bolster Cushion zapewnia wysok\u0105 spr\u0119\u017cysto\u015b\u0107 i wsparcie. Odpinany zag\u0142\u00f3wek sprawia, \u017ce mo\u017cna go pra\u0107 w pralce niezwykle \u0142atwo, a ma\u0142e boczne kieszenie zwi\u0119kszaj\u0105 funkcjonalno\u015b\u0107.<\/p>\n<p>\u0141atwa konserwacja<\/p>\n<p>Konserwacja poduszki wzmacniaj\u0105cej jest prosta. Poszewk\u0119 na poduszk\u0119 w zag\u0142\u00f3wku zapina si\u0119 na guziki i posiada wygodny zamek b\u0142yskawiczny, kt\u00f3ry u\u0142atwia jej zdejmowanie. Wystarczy zdj\u0105\u0107 poszewk\u0119 i wrzuci\u0107 j\u0105 do pralki, aby j\u0105 od\u015bwie\u017cy\u0107.<\/p>\n<p>Dost\u0119pne w r\u00f3\u017cnych rozmiarach<\/p>\n<p>Wybieraj spo\u015br\u00f3d r\u00f3\u017cnych rozmiar\u00f3w, aby idealnie dopasowa\u0107 \u0142\u00f3\u017cko do swoich potrzeb: 100 cm, 120 cm, 140 cm, 160 cm, 180 cm i 200 cm.<\/p>\n<p>Referencje klient\u00f3w<\/p>\n<p>Nie wierz nam tylko na s\u0142owo. Oto co m\u00f3wi\u0105 zadowoleni klienci:<\/p>\n<p>\u201eTa poduszka wzmacniaj\u0105ca zmienia zasady gry. Ca\u0142kowicie poprawi\u0142o jako\u015b\u0107 mojego snu i wsparcie plec\u00f3w.\u201d \u2013 Sara J.<br \/>\n\u201eDla \u017car\u0142ocznego czytelnika mog\u0119 powiedzie\u0107, \u017ce dzi\u0119ki tej poduszce zasypianie sta\u0142o si\u0119 naprawd\u0119 relaksuj\u0105cym prze\u017cyciem. To takie wygodne i wspieraj\u0105ce.\u201d \u2013 Johna F.<br \/>\n\u201eUwielbiam wszechstronno\u015b\u0107 tej poduszki. Idealnie nadaje si\u0119 do czytania, ogl\u0105dania telewizji, a nawet jako podn\u00f3\u017cek.\u201d \u2013 Maria K.<\/p>\n<p>Popraw swoj\u0105 rutyn\u0119 przed snem dzi\u0119ki poduszce wzmacniaj\u0105cej<\/p>\n<p>Podnie\u015b jako\u015b\u0107 swojej sypialni dzi\u0119ki poduszce wzmacniaj\u0105cej do \u0142\u00f3\u017cka. Jego wyj\u0105tkowy komfort, wsparcie, wszechstronno\u015b\u0107 i \u0142atwa konserwacja zamieni\u0105 Twoje noce w oaz\u0119 relaksu i odm\u0142odzenia.<\/p>","protected":false},"excerpt":{"rendered":"<ul>\n<li><strong>Najwy\u017cszy komfort:<\/strong> Ta poduszka z podwy\u017cszonym zag\u0142\u00f3wkiem w rozmiarze XL zapewnia doskona\u0142y komfort dzi\u0119ki zakrzywionej formie. Ta poduszka do czytania zag\u0142\u00f3wkiem pomo\u017ce Ci zachowa\u0107 spok\u00f3j na kanapie lub kanapie, co jest idealne dla pracuj\u0105cych nocnych mark\u00f3w, moli ksi\u0105\u017ckowych i ogl\u0105dania telewizji w \u0142\u00f3\u017cku.<\/li>\n<li><strong>Podwy\u017cszona konstrukcja oparcia:<\/strong> Ciesz si\u0119 niezr\u00f3wnanym komfortem dzi\u0119ki unikalnej, dwurz\u0119dowej konstrukcji podwy\u017cszonego oparcia naszej poduszki zag\u0142\u00f3wkowej. Podwy\u017cszona poduszka zag\u0142\u00f3wka oparcia zapewnia doskona\u0142e podparcie szyi i plec\u00f3w, dzi\u0119ki czemu jest idealnym miejscem do relaksu i czytania w \u0142\u00f3\u017cku.<\/li>\n<li><strong>Poduszka wielofunkcyjna:<\/strong> Dzi\u0119ki trzem r\u00f3\u017cnym sposobom u\u017cycia nasza poduszka jest idealna w ka\u017cdej sytuacji. Niezale\u017cnie od tego, czy wolisz u\u017cywa\u0107 jej jako pionowej poduszki pod plecy, poduszki klinowej czy poduszki na nogi dla lepszego podparcia, jest to idealne akcesorium zapewniaj\u0105ce komfortowy odpoczynek i relaks.<\/li>\n<li><strong>Doskona\u0142e rzemios\u0142o:<\/strong> Wykonana z tkaniny o wygl\u0105dzie aksamitu, kt\u00f3rej sk\u0142ad stanowi poliester 100%, nasza poduszka wezg\u0142owia jest wype\u0142niona ekologicznym i wytrzyma\u0142ym wype\u0142nieniem z w\u0142\u00f3kien poliestrowych. Odpinan\u0105 poduszk\u0119 z zag\u0142\u00f3wkiem mo\u017cna \u0142atwo wypra\u0107 w pralce, a ma\u0142e boczne kieszenie dodaj\u0105 praktyczno\u015bci temu i tak ju\u017c luksusowemu produktowi.<\/li>\n<li><strong>\u0141atwe do mycia:<\/strong> Pokrycie poduszki wezg\u0142owia jest przymocowane do wewn\u0119trznej strony poduszki za pomoc\u0105 guzik\u00f3w i mo\u017cna je \u0142atwo zdj\u0105\u0107 za pomoc\u0105 prostego zamka b\u0142yskawicznego. Dzi\u0119ki temu jego czyszczenie nie sprawia \u017cadnych problem\u00f3w. Wystarczy zdj\u0105\u0107 poszewk\u0119 i szybko wypra\u0107 poduszk\u0119 w pralce, a poduszka b\u0119dzie wygl\u0105da\u0107 jak nowa.<\/li>\n<li><strong>Rozmiar:<\/strong> 100 cm (d\u0142. 100 x szer. 26 x wys. 55 | 3 przyciski na kolumnach), 120 cm (d\u0142. 120 x szer. 26 x wys. 55 | 4 przyciski na kolumnach), 140 cm (d\u0142. 140 x szer. 26 x wys. 55 | 4 przyciski na kolumnach), 160 cm (d\u0142. 160 x szer. 26 x wys. 55 | przyciski na 5 kolumnach ), 180 cm (d\u0142. 180 x szer. 26 x wys. 55 | przyciski z 6 kolumnami), 200 cm (d\u0142. 200 x szer. 26 x wys. 55 | przyciski z 7 kolumnami).<\/li>\n<\/ul>","protected":false},"featured_media":937,"comment_status":"open","ping_status":"closed","template":"","meta":[],"product_brand":[],"product_cat":[15],"product_tag":[108,173,161,168,143,120,65],"class_list":{"0":"post-946","1":"product","2":"type-product","3":"status-publish","4":"has-post-thumbnail","6":"product_cat-large-wedge-pillow","7":"product_tag-bed-cushion","8":"product_tag-bolster-cushion","9":"product_tag-elevated-headboard-pillow","10":"product_tag-headboard-pillow","11":"product_tag-multifunctional-pillow","12":"product_tag-velvet-pillow","13":"product_tag-wedge-pillow","15":"first","16":"instock","17":"shipping-taxable","18":"purchasable","19":"product-type-variable"},"_links":{"self":[{"href":"https:\/\/www.largepillow.com\/pl\/wp-json\/wp\/v2\/product\/946","targetHints":{"allow":["GET"]}}],"collection":[{"href":"https:\/\/www.largepillow.com\/pl\/wp-json\/wp\/v2\/product"}],"about":[{"href":"https:\/\/www.largepillow.com\/pl\/wp-json\/wp\/v2\/types\/product"}],"replies":[{"embeddable":true,"href":"https:\/\/www.largepillow.com\/pl\/wp-json\/wp\/v2\/comments?post=946"}],"wp:featuredmedia":[{"embeddable":true,"href":"https:\/\/www.largepillow.com\/pl\/wp-json\/wp\/v2\/media\/937"}],"wp:attachment":[{"href":"https:\/\/www.largepillow.com\/pl\/wp-json\/wp\/v2\/media?parent=946"}],"wp:term":[{"taxonomy":"product_brand","embeddable":true,"href":"https:\/\/www.largepillow.com\/pl\/wp-json\/wp\/v2\/product_brand?post=946"},{"taxonomy":"product_cat","embeddable":true,"href":"https:\/\/www.largepillow.com\/pl\/wp-json\/wp\/v2\/product_cat?post=946"},{"taxonomy":"product_tag","embeddable":true,"href":"https:\/\/www.largepillow.com\/pl\/wp-json\/wp\/v2\/product_tag?post=946"}],"curies":[{"name":"wp","href":"https:\/\/api.w.org\/{rel}","templated":true}]}}