{"id":97,"date":"2022-09-15T04:01:03","date_gmt":"2022-09-15T04:01:03","guid":{"rendered":"https:\/\/www.largepillow.com\/product\/wedge-bolster-pillow"},"modified":"2026-03-22T07:11:02","modified_gmt":"2026-03-22T07:11:02","slug":"poduszka-klinowa-3","status":"publish","type":"product","link":"https:\/\/www.largepillow.com\/pl\/product\/wedge-support-pillow","title":{"rendered":"Poduszka klinowa"},"content":{"rendered":"<p>Najwy\u017cszy komfort i wsparcie: poduszka klinowa<\/p>\n<p>Szukasz sposobu na zwi\u0119kszenie relaksu i komfortu, niezale\u017cnie od tego, czy czytasz, pracujesz, czy ogl\u0105dasz telewizj\u0119 w \u0142\u00f3\u017cku? Nie szukaj dalej ni\u017c poduszka klinowa! Ta wszechstronna poduszka oferuje szereg korzy\u015bci, dzi\u0119ki czemu jest niezb\u0119dna w ka\u017cdym domu.<\/p>\n<p>Wyj\u0105tkowy komfort i podparcie l\u0119d\u017awiowe<\/p>\n<p>Tr\u00f3jk\u0105tny kszta\u0142t poduszki klinowej idealnie dopasowuje si\u0119 do plec\u00f3w i talii, zapewniaj\u0105c doskona\u0142e podparcie odcinka l\u0119d\u017awiowego i minimalizuj\u0105c nacisk na doln\u0105 cz\u0119\u015b\u0107 plec\u00f3w. Mi\u0119kka amortyzacja zapewnia maksymalny komfort, dzi\u0119ki czemu mo\u017cesz si\u0119 zrelaksowa\u0107 i cieszy\u0107 si\u0119 aktywno\u015bci\u0105 przez wiele godzin.<\/p>\n<p>Wielofunkcyjny projekt na ka\u017cd\u0105 potrzeb\u0119<\/p>\n<p>Wszechstronno\u015b\u0107 tej poduszki wykracza poza jej podstawowe zastosowanie jako poduszki wezg\u0142owia. Mo\u017cna jej r\u00f3wnie\u017c u\u017cywa\u0107 jako poduszki klinowej dla dodatkowego podparcia podczas snu lub jako poduszki na nogi, aby z\u0142agodzi\u0107 dyskomfort i poprawi\u0107 kr\u0105\u017cenie. Jego du\u017ce rozmiary zapewniaj\u0105 wystarczaj\u0105co du\u017co miejsca dla dw\u00f3ch os\u00f3b, co czyni go idealnym rozwi\u0105zaniem dla par.<\/p>\n<p>Stylowy i funkcjonalny dodatek<\/p>\n<p>Poduszka klinowa jest nie tylko wygodna; jest r\u00f3wnie\u017c stylowy. Poszewka na poduszk\u0119 o wygl\u0105dzie sztruksu wniesie odrobin\u0119 wyrafinowania do Twojej sypialni lub salonu. Jego funkcjonalno\u015b\u0107 jako poduszki zabezpieczaj\u0105cej lub oparcia kanapy sprawia, \u017ce jest praktycznym i estetycznym dodatkiem do ka\u017cdej przestrzeni.<\/p>\n<p>Wysokiej jako\u015bci wykonanie i \u0142atwa piel\u0119gnacja<\/p>\n<p>Wykonana z wysokiej jako\u015bci materia\u0142\u00f3w poduszka zosta\u0142a zaprojektowana z my\u015bl\u0105 o trwa\u0142o\u015bci. Oddychaj\u0105ca poliestrowa poszewka na poduszk\u0119 zapewnia wygod\u0119 i trwa\u0142o\u015b\u0107, zachowuj\u0105c sw\u00f3j kszta\u0142t przez d\u0142ugi czas. Wygodne kieszenie boczne zapewniaj\u0105 \u0142atwy dost\u0119p do telefonu lub ksi\u0105\u017cki.<\/p>\n<p>\u0141atwe czyszczenie<\/p>\n<p>Utrzymanie poduszki klinowej jest proste. Zdejmowana poszewka na poduszk\u0119 zapinana na zamek b\u0142yskawiczny umo\u017cliwia \u0142atwe pranie. Wystarczy zdj\u0105\u0107 poszewk\u0119 i wypra\u0107 j\u0105 w pralce, aby poduszka wygl\u0105da\u0142a \u015bwie\u017co i czysto.<\/p>\n<p>Wyj\u0105tkowe recenzje klient\u00f3w<\/p>\n<p>Oto, co zadowoleni klienci maj\u0105 do powiedzenia na temat poduszki klinowej:<\/p>\n<p>\u201eTa poduszka jest jak marzenie! Zapewnia niesamowite wsparcie i komfort. Gor\u0105co polecam.&quot;<br \/>\n\u201eSztruksowa tkanina jest mi\u0119kka i luksusowa. Dodaje klasy mojej sypialni.\u201d<br \/>\n\u201eNigdy nie s\u0105dzi\u0142am, \u017ce poduszka mo\u017ce mie\u0107 tak du\u017ce znaczenie. To najlepsza inwestycja, jak\u0105 poczyni\u0142em dla w\u0142asnego komfortu.\u201d<\/p>\n<p>Rozmiary na ka\u017cd\u0105 potrzeb\u0119<\/p>\n<p>Wybierz jeden z wielu rozmiar\u00f3w, aby dopasowa\u0107 si\u0119 do indywidualnych potrzeb:<\/p>\n<p>45cm, 60cm, 80cm, 100cm, 120cm, 140cm, 160cm, 180cm, 200cm<\/p>\n<p>Zam\u00f3w poduszk\u0119 klinow\u0105 ju\u017c dzi\u015b i do\u015bwiadcz najwy\u017cszego komfortu i wsparcia. Tw\u00f3j czas relaksu ju\u017c nigdy nie b\u0119dzie taki sam!<\/p>","protected":false},"excerpt":{"rendered":"<ul>\n<li><strong>Najwy\u017cszy komfort:<\/strong> Ta poduszka zag\u0142\u00f3wkowa zapewnia doskona\u0142y komfort dzi\u0119ki tr\u00f3jk\u0105tnemu kszta\u0142towi. Poduszka podtrzymuj\u0105ca \u0142\u00f3\u017cko dobrze dopasowuje si\u0119 do plec\u00f3w i talii, minimalizuj\u0105c nacisk na odcinek l\u0119d\u017awiowy\/plecy. Ta klinowa poduszka do czytania pomo\u017ce Ci zachowa\u0107 spok\u00f3j w \u0142\u00f3\u017cku lub na sofie, co jest idealne dla pracuj\u0105cych nocnych mark\u00f3w, moli ksi\u0105\u017ckowych i ogl\u0105dania telewizji w \u0142\u00f3\u017cku. Ta wyj\u0105tkowo du\u017ca poduszka z wa\u0142kiem jest jedyn\u0105 poduszk\u0105 klinow\u0105, kt\u00f3ra mo\u017ce pomie\u015bci\u0107 dwie osoby.<\/li>\n<li><strong>Du\u017ca poduszka 3 w 1:<\/strong> Mo\u017cesz u\u017cywa\u0107 poduszki w pozycji pionowej jako poduszki podpieraj\u0105cej plecy do zag\u0142\u00f3wka podczas siedzenia w \u0142\u00f3\u017cku lub po\u0142o\u017cy\u0107 j\u0105 p\u0142asko na \u0142\u00f3\u017cku, aby u\u017cywa\u0107 jej jako du\u017cej poduszki klinowej podczas snu na plecach lub boku, lub jako poduszki na nogi, aby unie\u015b\u0107 nogi. Je\u015bli potrzebujesz du\u017cej poduszki wezg\u0142owia, kt\u00f3ra zapewni wsparcie zar\u00f3wno Tobie, jak i Twojemu wsp\u00f3\u0142ma\u0142\u017conkowi. To doskona\u0142a alternatywa.<\/li>\n<li><strong>Wielofunkcyjny projekt:<\/strong> Niekt\u00f3rzy u\u017cywaj\u0105 du\u017cej poduszki tr\u00f3jk\u0105tnej jako poduszki zag\u0142\u00f3wka, podczas gdy inni u\u017cywaj\u0105 jej jako poduszki zabezpieczaj\u0105cej, mo\u017ce to by\u0107 r\u00f3wnie\u017c poduszka wspieraj\u0105ca oparcie kanapy lub kanapy. Jest stylowy i funkcjonalny, co czyni go doskona\u0142ym dodatkiem do ka\u017cdej sypialni.<\/li>\n<li><strong>Doskona\u0142e rzemios\u0142o:<\/strong> Poszewka na poduszk\u0119 ma wygl\u0105d sztruksu i sk\u0142ada si\u0119 z poliestru 100%. nasza poduszka wezg\u0142owia jest oddychaj\u0105ca i wystarczaj\u0105co wygodna, aby utrzyma\u0107 sw\u00f3j kszta\u0142t i nie utraci\u0107 kszta\u0142tu z up\u0142ywem czasu. Boczna kiesze\u0144 po ka\u017cdej stronie pozwala na wsuni\u0119cie ksi\u0105\u017cki lub telefonu.<\/li>\n<li><strong>\u0141atwe do mycia:<\/strong> Pokrowiec na poduszk\u0119 do czytania mocuje si\u0119 do poduszki za pomoc\u0105 guzik\u00f3w i mo\u017cna go \u0142atwo zdj\u0105\u0107 za pomoc\u0105 prostego zamka b\u0142yskawicznego. Dzi\u0119ki temu jego czyszczenie nie sprawia \u017cadnych problem\u00f3w. Wystarczy zdj\u0105\u0107 poszewk\u0119 i szybko wypra\u0107 poduszk\u0119 w pralce, a poduszka b\u0119dzie wygl\u0105da\u0107 jak nowa.<\/li>\n<li><strong>Rozmiar:<\/strong> 45 cm (d\u0142. 45 x szer. 20 x wys. 50 | 0 przycisk\u00f3w), 60 cm (d\u0142. 60 x szer. 20 x wys. 50 | 0 przycisk\u00f3w), 80 cm (d\u0142. 80 x szer. 20 x wys. 50 | 2 przyciski), 100 cm (d\u0142. 100 x szer. 20 x wys. 50 | 3 przyciski), 120 cm ( D\u0142. 120 x szer. 20 x wys. 50 | 4 przyciski), 140 cm (d\u0142. 140 x szer. 20 x wys. 50 | 4 przyciski), 160 cm (d\u0142. 160 x szer. 20 x wys. 50 | 5 przycisk\u00f3w), 180 cm (d\u0142. 180 x szer. 20 x wys. 50 | 6 przycisk\u00f3w), 200 cm (d\u0142. 200 x wys. S20 x W50 | 7 przycisk\u00f3w).<\/li>\n<\/ul>","protected":false},"featured_media":80,"comment_status":"open","ping_status":"closed","template":"","meta":[],"product_brand":[],"product_cat":[15],"product_tag":[205,194,206,218,226,207,132,163,68],"class_list":{"0":"post-97","1":"product","2":"type-product","3":"status-publish","4":"has-post-thumbnail","6":"product_cat-large-wedge-pillow","7":"product_tag-back-support-headboard-pillow","8":"product_tag-blue-pillow","9":"product_tag-bumper-pillow","10":"product_tag-corduroy-pillow","11":"product_tag-couch-backrest-bolster-pillow","12":"product_tag-daybed-backrest-bolster-pillow","13":"product_tag-large-bolster-pillow","14":"product_tag-leg-pillow","15":"product_tag-wedge-reading-pillow","17":"first","18":"instock","19":"featured","20":"shipping-taxable","21":"purchasable","22":"product-type-variable"},"_links":{"self":[{"href":"https:\/\/www.largepillow.com\/pl\/wp-json\/wp\/v2\/product\/97","targetHints":{"allow":["GET"]}}],"collection":[{"href":"https:\/\/www.largepillow.com\/pl\/wp-json\/wp\/v2\/product"}],"about":[{"href":"https:\/\/www.largepillow.com\/pl\/wp-json\/wp\/v2\/types\/product"}],"replies":[{"embeddable":true,"href":"https:\/\/www.largepillow.com\/pl\/wp-json\/wp\/v2\/comments?post=97"}],"wp:featuredmedia":[{"embeddable":true,"href":"https:\/\/www.largepillow.com\/pl\/wp-json\/wp\/v2\/media\/80"}],"wp:attachment":[{"href":"https:\/\/www.largepillow.com\/pl\/wp-json\/wp\/v2\/media?parent=97"}],"wp:term":[{"taxonomy":"product_brand","embeddable":true,"href":"https:\/\/www.largepillow.com\/pl\/wp-json\/wp\/v2\/product_brand?post=97"},{"taxonomy":"product_cat","embeddable":true,"href":"https:\/\/www.largepillow.com\/pl\/wp-json\/wp\/v2\/product_cat?post=97"},{"taxonomy":"product_tag","embeddable":true,"href":"https:\/\/www.largepillow.com\/pl\/wp-json\/wp\/v2\/product_tag?post=97"}],"curies":[{"name":"wp","href":"https:\/\/api.w.org\/{rel}","templated":true}]}}