{"id":998,"date":"2022-09-19T02:00:32","date_gmt":"2022-09-19T02:00:32","guid":{"rendered":"https:\/\/www.largepillow.com\/product\/backrest-body-cushion"},"modified":"2025-12-05T12:02:00","modified_gmt":"2025-12-05T12:02:00","slug":"duza-poduszka","status":"publish","type":"product","link":"https:\/\/www.largepillow.com\/pl\/product\/large-body-pillow\/","title":{"rendered":"Du\u017ca poduszka na cia\u0142o"},"content":{"rendered":"<p>Zanurz si\u0119 w komforcie i wszechstronno\u015bci du\u017cej poduszki na cia\u0142o<\/p>\n<p>Podnie\u015b jako\u015b\u0107 snu dzi\u0119ki wyj\u0105tkowej du\u017cej poduszce na cia\u0142o, starannie wykonanej, aby zapewni\u0107 niezr\u00f3wnany komfort i wsparcie.<\/p>\n<p>Idealny partner do czytania<\/p>\n<p>Przytul si\u0119 z wci\u0105gaj\u0105c\u0105 ksi\u0105\u017ck\u0105, nie rezygnuj\u0105c z wygody. Prostok\u0105tny kszta\u0142t tej poduszki zapewnia optymalne podparcie l\u0119d\u017awiowe, dzi\u0119ki czemu mo\u017cesz godzinami zag\u0142\u0119bia\u0107 si\u0119 w swoje ulubione opowie\u015bci. Niezale\u017cnie od tego, czy siedzisz w \u0142\u00f3\u017cku, czytaj\u0105c, ogl\u0105daj\u0105c telewizj\u0119, czy przegl\u0105daj\u0105c Internet, ta poduszka zapewni Ci ochron\u0119.<\/p>\n<p>Niezr\u00f3wnane wsparcie cia\u0142a<\/p>\n<p>Jako du\u017ca poduszka na cia\u0142o wykracza poza rol\u0119 zwyk\u0142ej poduszki do odpoczynku. Jego wielopozycyjna konstrukcja pozwala dopasowa\u0107 go do r\u00f3\u017cnych cz\u0119\u015bci cia\u0142a, zapewniaj\u0105c wsparcie dla plec\u00f3w, ramion, kr\u0119gos\u0142upa, brzucha i n\u00f3g. Promuje wyr\u00f3wnanie kr\u0119gos\u0142upa, dzi\u0119ki czemu jest idealny dla wszystkich \u015bpi\u0105cych, niezale\u017cnie od preferowanej pozycji do spania.<\/p>\n<p>Najwy\u017cszej jako\u015bci konstrukcja i materia\u0142y<\/p>\n<p>Poczuj r\u00f3\u017cnic\u0119 dzi\u0119ki tej wyj\u0105tkowej poduszce, zaprojektowanej z najwy\u017csz\u0105 staranno\u015bci\u0105 i dba\u0142o\u015bci\u0105 o szczeg\u00f3\u0142y. Tr\u00f3jwymiarowe paski, k\u0119pki guzik\u00f3w z tkaniny i ca\u0142kowicie obszyte kraw\u0119dzie odr\u00f3\u017cniaj\u0105 j\u0105 od zwyk\u0142ych poduszek na oparciach. Spr\u0119\u017cyste i elastyczne wype\u0142nienie z mikropoliestrowych w\u0142\u00f3kien zapewnia optymalne wsparcie, kt\u00f3re z czasem nie traci kszta\u0142tu.<\/p>\n<p>Stylowe akcesorium przy \u0142\u00f3\u017cku<\/p>\n<p>Dodaj odrobin\u0119 elegancji do swojej sypialni dzi\u0119ki tej stylowej poduszce do czytania. Jego atrakcyjny wygl\u0105d zmienia go w pi\u0119kn\u0105 dekoracj\u0119 \u0142\u00f3\u017cka, dodaj\u0105c zach\u0119caj\u0105c\u0105 atmosfer\u0119 do Twojego sanktuarium. Jest regulowany i wszechstronny, dzi\u0119ki czemu doskonale komponuje si\u0119 z ka\u017cd\u0105 sypialni\u0105, hotelem lub szpitalem.<\/p>\n<p>\u0141atwe do czyszczenia i konserwacji<\/p>\n<p>Utrzymanie \u015bwie\u017co\u015bci i higieny poduszki jest proste. Zdejmowan\u0105 poszewk\u0119 na poduszk\u0119 mo\u017cna \u0142atwo rozpi\u0105\u0107 i wypra\u0107 w pralce, zapewniaj\u0105c czyste i wolne od alergen\u00f3w \u015brodowisko snu.<\/p>\n<p>Referencje klient\u00f3w<\/p>\n<p>\u201eTa poduszka zmieni\u0142a regu\u0142y gry podczas moich sesji czytelniczych. Zapewnia doskona\u0142e wsparcie i wygod\u0119, dzi\u0119ki czemu mog\u0119 czyta\u0107 godzinami bez \u017cadnego dyskomfortu. \u2013 Jennifer B.<\/p>\n<p>\u201eJako poduszka na cia\u0142o ratuje \u017cycie. Pomaga mi spa\u0107 w wygodniejszej i zrelaksowanej pozycji, znacznie zmniejszaj\u0105c b\u00f3l plec\u00f3w. \u2013 Marek H.<\/p>\n<p>\u201eProjekt jest absolutnie wspania\u0142y. To idealny zamiennik zag\u0142\u00f3wka, kt\u00f3ry dodaje mojej sypialni odrobiny wyrafinowania.\u201d \u2013 Emilia G.<\/p>\n<p>Wybierz poduszk\u0119 Large Body Pillow ju\u017c dzi\u015b i do\u015bwiadcz najwy\u017cszego komfortu i wsparcia. Dost\u0119pne w r\u00f3\u017cnych rozmiarach od 100x50x8cm do 200x50x8cm, z pewno\u015bci\u0105 znajdziesz produkt idealnie dopasowany do Twoich potrzeb. Zam\u00f3w teraz i podnie\u015b poziom swojej gry w zakresie snu i relaksu!<\/p>","protected":false},"excerpt":{"rendered":"<ul>\n<li><strong>IDEALNA PODUSZKA DO CZYTANIA:<\/strong> Dzi\u0119ki prostok\u0105tnej poduszce, ta wygodna poduszka do czytania przy \u0142\u00f3\u017cku dzia\u0142a doskonale, zapewniaj\u0105c mi\u0119kkie podparcie plec\u00f3w jako poduszka l\u0119d\u017awiowa, gdy siedzisz na \u0142\u00f3\u017cku do czytania, ogl\u0105dania telewizji, przegl\u0105dania telefonu, surfowania po tablecie, grania w gry wideo, \u0107wicze\u0144 jogi, karmienia piersi\u0105 i odpoczynku po operacji.<\/li>\n<li><strong>WYGODNA PODUSZKA DO CIA\u0141A:<\/strong> Jako du\u017ca poduszka na cia\u0142o zast\u0119puje wszystkie normalne poduszki do le\u017cenia lub poduszki l\u0119d\u017awiowe, tworzy wiele pozycji jako poduszka pozycjonuj\u0105ca do podparcia plec\u00f3w, ramion, kr\u0119gos\u0142upa, brzucha, n\u00f3g i pozwala mi\u0119\u015bniom pozosta\u0107 zrelaksowanym. Promuje wyr\u00f3wnany kr\u0119gos\u0142up dla ka\u017cdego \u015bpi\u0105cego, niezale\u017cnie od tego, czy potrzebujesz tapicerowanej poduszki na \u0142\u00f3\u017cko, czy du\u017cej poduszki pod plecy, je\u015bli potrzebujesz tylko mniej lub bardziej strychu. Mo\u017cesz r\u00f3wnie\u017c u\u017cy\u0107 jej jako poduszki ci\u0105\u017cowej, kt\u00f3ra zapewnia podparcie r\u00f3\u017cnych cz\u0119\u015bci cia\u0142a i \u0142agodzi b\u00f3le ci\u0105\u017cowe.<\/li>\n<li><strong>ORYGINALNIE ZAPROJEKTOWANE Z WYSOKIEJ JAKO\u015aCI MATERIA\u0141\u00d3W:<\/strong> Prostok\u0105tna poduszka do czytania ma tr\u00f3jwymiarowe paski, k\u0119pki guzik\u00f3w z tkaniny, w pe\u0142ni obszyte kraw\u0119dzie s\u0105 bardzo wyr\u00f3\u017cniaj\u0105ce spo\u015br\u00f3d wszystkich innych zwyk\u0142ych poduszek oparciowych. Chocia\u017c poduszka dekoracyjna z podparciem plec\u00f3w jest mi\u0119kka, nadal zachowuje sw\u00f3j wspieraj\u0105cy kszta\u0142t, wykorzystuj\u0105c w pe\u0142ni spr\u0119\u017cyste i elastyczne wype\u0142nienie z mikropoliestru. Dwukierunkowy zamek b\u0142yskawiczny poduszki nocnej, kt\u00f3ra jest bardzo mocna i trwa\u0142a do d\u0142ugotrwa\u0142ego u\u017cytkowania.<\/li>\n<li><strong>PI\u0118KNA PODUSZKA DEKORACYJNA PRZY NOCY:<\/strong> Je\u015bli potrzebujesz szybkiego i \u0142atwego zag\u0142\u00f3wka, ta tapicerowana poduszka do czytania zag\u0142\u00f3wka mo\u017ce by\u0107 u\u017cywana jako alternatywny zamiennik, b\u0119d\u0105c jednocze\u015bnie pi\u0119kn\u0105 dekoracj\u0105 \u0142\u00f3\u017cka. Jego elegancki wygl\u0105d doda przytulnego widoku do Twojej sypialni. Dzi\u0119ki atrakcyjnemu wygl\u0105dowi ta oryginalna wy\u015bci\u00f3\u0142ka oparcia przy \u0142\u00f3\u017cku jest regulowana do sypialni, hotelu, szpitala, siedzenia przy oknie, kanapy, sofy, \u0142\u00f3\u017cka dziennego, \u0142\u00f3\u017cka pi\u0119trowego, \u0142\u00f3\u017cka w akademiku, \u0142\u00f3\u017cka na platformie.<\/li>\n<li><strong>ZDEJMOWANA POKRYWA PODUSZKI L\u0118D\u0179WIOWEJ I \u0141ATWE W PRANIE:<\/strong> Mo\u017cesz \u0142atwo zdj\u0105\u0107 poszewk\u0119 poduszki bloster na \u0142\u00f3\u017cko, otwieraj\u0105c zamek b\u0142yskawiczny i odpinaj\u0105c guziki z poszewki na poduszk\u0119 do czytania i wypraj\u0105c j\u0105 w pralce.<\/li>\n<li><strong>Tkanina:<\/strong> Mieszanka poliestru i lnu.<\/li>\n<li><strong>Rozmiar:<\/strong> 100x50x8cm(3 guziki), 120x50x8cm(4 guziki), 140x50x8cm(4 guziki), 160x50x8cm(5 guzik\u00f3w), 180x50x8cm(6 guzik\u00f3w), 200x50x8cm(7 guzik\u00f3w)<\/li>\n<\/ul>","protected":false},"featured_media":985,"comment_status":"open","ping_status":"closed","template":"","meta":[],"product_brand":[],"product_cat":[28],"product_tag":[66,133,142,145,157,154,79,158,144,118,156,125,123],"class_list":{"0":"post-998","1":"product","2":"type-product","3":"status-publish","4":"has-post-thumbnail","6":"product_cat-large-body-pillow","7":"product_tag-back-support-pillow","8":"product_tag-bedroom-decor-pillow","9":"product_tag-bedside-reading-pillow","10":"product_tag-decorative-pillow","11":"product_tag-headboard-replacement","12":"product_tag-large-body-pillow","13":"product_tag-lumbar-pillow","14":"product_tag-platform-bed-decor","15":"product_tag-positioner-pillow","16":"product_tag-pregnancy-pillow","17":"product_tag-rectangular-cushion","18":"product_tag-removable-pillow-cover","19":"product_tag-upholstered-bedrest-pillow","21":"first","22":"instock","23":"featured","24":"shipping-taxable","25":"purchasable","26":"product-type-variable"},"_links":{"self":[{"href":"https:\/\/www.largepillow.com\/pl\/wp-json\/wp\/v2\/product\/998","targetHints":{"allow":["GET"]}}],"collection":[{"href":"https:\/\/www.largepillow.com\/pl\/wp-json\/wp\/v2\/product"}],"about":[{"href":"https:\/\/www.largepillow.com\/pl\/wp-json\/wp\/v2\/types\/product"}],"replies":[{"embeddable":true,"href":"https:\/\/www.largepillow.com\/pl\/wp-json\/wp\/v2\/comments?post=998"}],"wp:featuredmedia":[{"embeddable":true,"href":"https:\/\/www.largepillow.com\/pl\/wp-json\/wp\/v2\/media\/985"}],"wp:attachment":[{"href":"https:\/\/www.largepillow.com\/pl\/wp-json\/wp\/v2\/media?parent=998"}],"wp:term":[{"taxonomy":"product_brand","embeddable":true,"href":"https:\/\/www.largepillow.com\/pl\/wp-json\/wp\/v2\/product_brand?post=998"},{"taxonomy":"product_cat","embeddable":true,"href":"https:\/\/www.largepillow.com\/pl\/wp-json\/wp\/v2\/product_cat?post=998"},{"taxonomy":"product_tag","embeddable":true,"href":"https:\/\/www.largepillow.com\/pl\/wp-json\/wp\/v2\/product_tag?post=998"}],"curies":[{"name":"wp","href":"https:\/\/api.w.org\/{rel}","templated":true}]}}