{"id":1209,"date":"2022-09-19T03:31:40","date_gmt":"2022-09-19T03:31:40","guid":{"rendered":"https:\/\/www.largepillow.com\/product\/back-support-pillow"},"modified":"2025-12-11T13:44:46","modified_gmt":"2025-12-11T13:44:46","slug":"cama-cama-almofada-travesseiro","status":"publish","type":"product","link":"https:\/\/www.largepillow.com\/pt\/product\/large-bed-bolster-pillow","title":{"rendered":"Travesseiro grande para cama"},"content":{"rendered":"<p>Encontre a almofada de leitura perfeita com o travesseiro de cama grande<\/p>\n<p>Se voc\u00ea adora ler, assistir TV ou trabalhar na cama, mas precisa de apoio extra para as costas, a almofada grande para cama \u00e9 a solu\u00e7\u00e3o perfeita. Esta almofada retangular oferece suporte lombar ajust\u00e1vel para que voc\u00ea possa sentar-se confortavelmente apoiado na cama. <\/p>\n<p>Feita com enchimento de microfibra de poli\u00e9ster macio e resistente, a almofada mant\u00e9m sua forma enquanto se adapta ao seu corpo. O z\u00edper bidirecional tamb\u00e9m torna a capa de veludo remov\u00edvel f\u00e1cil de tirar e lavar na m\u00e1quina. Com seus bot\u00f5es tufados e bordas bem definidas, esta almofada confere eleg\u00e2ncia simples \u00e0 decora\u00e7\u00e3o de qualquer quarto. <\/p>\n<p>Os clientes adoram usar esta almofada vers\u00e1til de v\u00e1rias maneiras:<\/p>\n<p>\u201cInicialmente comprei como almofada de leitura, mas \u00e9 t\u00e3o confort\u00e1vel que acabo usando mesmo quando n\u00e3o estou lendo. \u00c9 a almofada de encosto perfeita, quer esteja a trabalhar no meu port\u00e1til na cama ou apenas a relaxar a ver televis\u00e3o.\u201d<\/p>\n<p>\u201cComo travesseiro de gravidez, era ajust\u00e1vel o suficiente para apoiar minhas costas ou colocar embaixo da barriga. E agora que estou amamentando, ainda \u00e9 \u00fatil apoi\u00e1-lo atr\u00e1s de mim enquanto me sento na cama.\u201d  <\/p>\n<p>\u201cEste \u00e9 um \u00f3timo travesseiro de apoio lombar ap\u00f3s minha cirurgia. Posso ajustar o loft e ele fica nas minhas costas enquanto me recupero.\u201d<\/p>\n<p>Com seis tamanhos dispon\u00edveis, voc\u00ea certamente encontrar\u00e1 as dimens\u00f5es perfeitas para suas necessidades. Os pre\u00e7os variam de $XX.XX-$XX.XX dependendo do tamanho. Traga conforto e estilo sem esfor\u00e7o para o seu quarto com o suporte vers\u00e1til da almofada de cama grande.<\/p>","protected":false},"excerpt":{"rendered":"<ul>\n<li><strong>ALMOFADA DE LEITURA PERFEITA:<\/strong> Com uma almofada de formato retangular, esta confort\u00e1vel almofada de leitura de cabeceira funciona perfeitamente para fornecer suporte macio para as costas como um travesseiro lombar quando voc\u00ea se senta na cama para ler, assistir TV, navegar no telefone, surfar no tablet, jogar videogame, praticar ioga, amamentar e descansar depois da cirurgia.<\/li>\n<li><strong>ALMOFADA DE CORPO CONFORT\u00c1VEL:<\/strong> Como um travesseiro de corpo grande, ele substitui todos os descansos de cama normais ou travesseiros lombares, cria v\u00e1rias posi\u00e7\u00f5es como um travesseiro posicionador para apoiar costas, ombros, coluna, est\u00f4mago, pernas e permite que seus m\u00fasculos fiquem relaxados. Promove uma coluna alinhada para qualquer dorminhoco, quer voc\u00ea precise de um travesseiro estofado para cama ou de uma grande almofada de apoio para as costas, se precisar apenas de mais ou menos loft. Voc\u00ea tamb\u00e9m pode us\u00e1-lo como um travesseiro de gravidez que oferece suporte a diferentes partes do corpo e libera dores de gravidez.<\/li>\n<li><strong>ORIGINALMENTE PROJETADO COM MATERIAIS DE ALTA QUALIDADE:<\/strong> O travesseiro de leitura retangular vem com listras tridimensionais, tufos de bot\u00e3o de tecido, bordas totalmente bainha s\u00e3o o que mais se distingue entre todos os outros travesseiros de encosto normais. Embora o travesseiro decorativo de suporte traseiro seja macio, ele ainda mant\u00e9m sua forma de suporte aproveitando ao m\u00e1ximo o enchimento de fibra de micro poli\u00e9ster resiliente e flex\u00edvel. O z\u00edper bidirecional da almofada de cabeceira, que \u00e9 muito forte e dur\u00e1vel para uso a longo prazo.<\/li>\n<li><strong>LINDA ALMOFADA DECORATIVA DE CABECEIRA:<\/strong> Se voc\u00ea precisa de uma cabeceira r\u00e1pida e f\u00e1cil, esta almofada de leitura de cabeceira estofada pode ser usada como uma alternativa de substitui\u00e7\u00e3o enquanto \u00e9 uma bela decora\u00e7\u00e3o de cama. O seu design elegante adicionar\u00e1 uma vista convidativa ao seu quarto. Com sua apar\u00eancia atraente, esta almofada de encosto de cabeceira original \u00e9 ajust\u00e1vel para quarto, hotel, hospital, assento de janela, sof\u00e1, sof\u00e1, sof\u00e1-cama, beliche, cama de dormit\u00f3rio, cama de plataforma.<\/li>\n<li><strong>CAPA DE ALMOFADA LOMBAR REMOV\u00cdVEL E F\u00c1CIL DE LAVAR:<\/strong> Voc\u00ea pode remover facilmente a capa da almofada do descanso de cama abrindo o z\u00edper e soltando os bot\u00f5es da capa da almofada de leitura e lav\u00e1-la na m\u00e1quina.<\/li>\n<li><strong>Tecido:<\/strong> Veludo (100% Poli\u00e9ster).<\/li>\n<li><strong>Tamanho:<\/strong> 100x50x8cm(3 bot\u00f5es), 120x50x8cm(4 bot\u00f5es), 140x50x8cm(4 bot\u00f5es), 160x50x8cm(5 bot\u00f5es), 180x50x8cm(6 bot\u00f5es), 200x50x8cm(7 bot\u00f5es)<\/li>\n<\/ul>","protected":false},"featured_media":1194,"comment_status":"open","ping_status":"closed","template":"","meta":[],"product_brand":[],"product_cat":[28],"product_tag":[117,60,116,115,114,79,118,59,119,120],"class_list":{"0":"post-1209","1":"product","2":"type-product","3":"status-publish","4":"has-post-thumbnail","6":"product_cat-large-body-pillow","7":"product_tag-back-support-cushion","8":"product_tag-backrest-pillow","9":"product_tag-bed-rest","10":"product_tag-comfortable-body-pillow","11":"product_tag-large-bed-bolster-pillow","12":"product_tag-lumbar-pillow","13":"product_tag-pregnancy-pillow","14":"product_tag-reading-pillow","15":"product_tag-rectangular-reading-pillow","16":"product_tag-velvet-pillow","18":"first","19":"instock","20":"featured","21":"shipping-taxable","22":"purchasable","23":"product-type-variable"},"_links":{"self":[{"href":"https:\/\/www.largepillow.com\/pt\/wp-json\/wp\/v2\/product\/1209","targetHints":{"allow":["GET"]}}],"collection":[{"href":"https:\/\/www.largepillow.com\/pt\/wp-json\/wp\/v2\/product"}],"about":[{"href":"https:\/\/www.largepillow.com\/pt\/wp-json\/wp\/v2\/types\/product"}],"replies":[{"embeddable":true,"href":"https:\/\/www.largepillow.com\/pt\/wp-json\/wp\/v2\/comments?post=1209"}],"wp:featuredmedia":[{"embeddable":true,"href":"https:\/\/www.largepillow.com\/pt\/wp-json\/wp\/v2\/media\/1194"}],"wp:attachment":[{"href":"https:\/\/www.largepillow.com\/pt\/wp-json\/wp\/v2\/media?parent=1209"}],"wp:term":[{"taxonomy":"product_brand","embeddable":true,"href":"https:\/\/www.largepillow.com\/pt\/wp-json\/wp\/v2\/product_brand?post=1209"},{"taxonomy":"product_cat","embeddable":true,"href":"https:\/\/www.largepillow.com\/pt\/wp-json\/wp\/v2\/product_cat?post=1209"},{"taxonomy":"product_tag","embeddable":true,"href":"https:\/\/www.largepillow.com\/pt\/wp-json\/wp\/v2\/product_tag?post=1209"}],"curies":[{"name":"wp","href":"https:\/\/api.w.org\/{rel}","templated":true}]}}