{"id":1238,"date":"2022-09-19T05:36:36","date_gmt":"2022-09-19T05:36:36","guid":{"rendered":"https:\/\/www.largepillow.com\/product\/back-cushion-for-sofa"},"modified":"2026-02-06T13:51:15","modified_gmt":"2026-02-06T13:51:15","slug":"travesseiro-de-cama-2","status":"publish","type":"product","link":"https:\/\/www.largepillow.com\/pt\/product\/bedrest-pillow\/","title":{"rendered":"Travesseiro"},"content":{"rendered":"<p>Delicie-se com conforto e suporte com nosso travesseiro de cama<\/p>\n<p>Procurando o travesseiro perfeito para elevar seu relaxamento e bem-estar? N\u00e3o procure mais, nosso travesseiro de cama premium, projetado meticulosamente para fornecer suporte e conforto incompar\u00e1veis.<\/p>\n<p>Qualidade e conforto incompar\u00e1veis<\/p>\n<p>Fabricada com precis\u00e3o excepcional, nossa almofada de descanso para cama \u00e9 preenchida com fibra de poli\u00e9ster premium que se adapta perfeitamente ao seu corpo, garantindo suporte inabal\u00e1vel para as costas e uma sensa\u00e7\u00e3o de pel\u00facia. Envolto em tecido Velvet luxuosamente macio, resiste \u00e0 deforma\u00e7\u00e3o e bolinhas, prometendo conforto duradouro.<\/p>\n<p>Ajuste vers\u00e1til e conveni\u00eancia<\/p>\n<p>Com seu design ajust\u00e1vel, nossa almofada vem equipada com uma pequena almofada de rolo que pode ser estrategicamente posicionada para suporte direcionado. Mantenha a coluna alinhada e evite curvar-se para manter uma postura saud\u00e1vel. Al\u00e9m disso, a capa de almofada remov\u00edvel e lav\u00e1vel acrescenta uma camada extra de higiene e facilidade de manuten\u00e7\u00e3o. Para maior comodidade, dois pr\u00e1ticos bolsos laterais proporcionam armazenamento para pequenos itens essenciais, mantendo seus itens favoritos ao seu alcance.<\/p>\n<p>Apoio Cient\u00edfico<\/p>\n<p>Ergonomicamente projetada, nossa almofada de apoio para cama oferece suporte incompar\u00e1vel para as costas, aliviando dores lombares e cervicais, promovendo uma postura adequada e evitando o desconforto causado por ficar sentado ou deitado por muito tempo.<\/p>\n<p>Conforto multiuso<\/p>\n<p>Vers\u00e1til e adapt\u00e1vel, a nossa almofada de apoio de cama transcende os limites do quarto. \u00c9 um companheiro ideal para sof\u00e1s, espregui\u00e7adeiras, cadeiras e sof\u00e1s, permitindo-lhe desfrutar do m\u00e1ximo conforto e apoio espinhal em qualquer ambiente. Quer esteja a ler um romance cativante, a acompanhar os seus programas favoritos ou simplesmente a relaxar ap\u00f3s um longo dia, a nossa almofada garante uma experi\u00eancia rejuvenescedora.<\/p>\n<p>Endossos do cliente<\/p>\n<p>\u201cEsta almofada triangular \u00e9 super confort\u00e1vel. O tecido de veludo holand\u00eas \u00e9 t\u00e3o macio contra a minha pele e a almofada cil\u00edndrica \u00e9 perfeita para apoiar o pesco\u00e7o. - Cliente satisfeito<\/p>\n<p>\u201cAdoro os bolsos espa\u00e7osos nas laterais. Eles mant\u00eam meu telefone, bloco de notas e outros itens essenciais organizados e \u00e0 m\u00e3o.\u201d \u2013 Usu\u00e1rio encantado<\/p>\n<p>Especifica\u00e7\u00f5es<\/p>\n<p>* Tecido: Veludo de poli\u00e9ster 100%<br \/>\n* Tamanho: 60x50x22cm<\/p>\n<p>Invista hoje na melhor solu\u00e7\u00e3o de relaxamento e suporte com nossa excepcional almofada de apoio para cama. Seu conforto superior, versatilidade e durabilidade ir\u00e3o revolucionar sua casa e melhorar seu bem-estar.<\/p>","protected":false},"excerpt":{"rendered":"<ul>\n<li><strong>Almofada Cunha Qualificada:<\/strong> Este travesseiro bedwedge \u00e9 recheado com fibra de poli\u00e9ster premium para fornecer suporte est\u00e1vel para as costas e fazer voc\u00ea se sentir confort\u00e1vel enquanto l\u00ea, descansa, assiste TV em sua cama ou sof\u00e1. O tecido de veludo de alta qualidade toca muito macio, dur\u00e1vel e n\u00e3o \u00e9 f\u00e1cil de deformar ou empilhar.<\/li>\n<li><strong>Almofada Cunha Ajust\u00e1vel:<\/strong> O travesseiro decorativo vem com um pequeno travesseiro de rolo. Pode ser ajustado onde voc\u00ea precisar. Isso ajuda a manter as costas retas para que voc\u00ea n\u00e3o caia. A capa de almofada traseira de leitura \u00e9 remov\u00edvel e lav\u00e1vel. Existem 2 bolsos pequenos na lateral para armazenar itens de pe\u00e7as pequenas, como caneta, celular, controle remoto de TV, etc.<\/li>\n<li><strong>Excelente suporte para as costas:<\/strong> O grande travesseiro de suporte est\u00e1 em conformidade com o design ergon\u00f4mico, que pode fornecer suporte cient\u00edfico para as costas e melhorar a postura sentada. Estas almofadas para sof\u00e1 fornecem suporte confort\u00e1vel para a cintura, costas e pesco\u00e7o. Tamb\u00e9m pode prevenir e aliviar doen\u00e7as lombares e cervicais e aliviar dores nas costas.<\/li>\n<li><strong>Ampla gama de usos:<\/strong> O travesseiro de cunha pode fornecer uma variedade de usos, o que \u00e9 muito adequado para uso na cama, sof\u00e1-cama, cadeira e sof\u00e1. Presente perfeito para voc\u00ea, amigos ou familiares.<\/li>\n<li><strong>F\u00e1cil de limpar:<\/strong> Esta almofada de suporte apresenta um design de z\u00edper mais pr\u00f3ximo para tornar a capa facilmente remov\u00edvel e lav\u00e1vel na m\u00e1quina.<\/li>\n<li><strong>Tecido:<\/strong> Veludo (100% Poli\u00e9ster).<\/li>\n<li><strong>Tamanho:<\/strong>\u00a060x50x22cm.<\/li>\n<\/ul>","protected":false},"featured_media":1228,"comment_status":"open","ping_status":"closed","template":"","meta":[],"product_brand":[],"product_cat":[29],"product_tag":[66,60,111,101,112,59,107,71,65],"class_list":{"0":"post-1238","1":"product","2":"type-product","3":"status-publish","4":"has-post-thumbnail","6":"product_cat-large-reading-pillow","7":"product_tag-back-support-pillow","8":"product_tag-backrest-pillow","9":"product_tag-bedrest-pillow","10":"product_tag-chair-cushion","11":"product_tag-lumbar-support-pillow","12":"product_tag-reading-pillow","13":"product_tag-sofa-cushion","14":"product_tag-tv-pillow","15":"product_tag-wedge-pillow","17":"first","18":"outofstock","19":"shipping-taxable","20":"purchasable","21":"product-type-simple"},"_links":{"self":[{"href":"https:\/\/www.largepillow.com\/pt\/wp-json\/wp\/v2\/product\/1238","targetHints":{"allow":["GET"]}}],"collection":[{"href":"https:\/\/www.largepillow.com\/pt\/wp-json\/wp\/v2\/product"}],"about":[{"href":"https:\/\/www.largepillow.com\/pt\/wp-json\/wp\/v2\/types\/product"}],"replies":[{"embeddable":true,"href":"https:\/\/www.largepillow.com\/pt\/wp-json\/wp\/v2\/comments?post=1238"}],"wp:featuredmedia":[{"embeddable":true,"href":"https:\/\/www.largepillow.com\/pt\/wp-json\/wp\/v2\/media\/1228"}],"wp:attachment":[{"href":"https:\/\/www.largepillow.com\/pt\/wp-json\/wp\/v2\/media?parent=1238"}],"wp:term":[{"taxonomy":"product_brand","embeddable":true,"href":"https:\/\/www.largepillow.com\/pt\/wp-json\/wp\/v2\/product_brand?post=1238"},{"taxonomy":"product_cat","embeddable":true,"href":"https:\/\/www.largepillow.com\/pt\/wp-json\/wp\/v2\/product_cat?post=1238"},{"taxonomy":"product_tag","embeddable":true,"href":"https:\/\/www.largepillow.com\/pt\/wp-json\/wp\/v2\/product_tag?post=1238"}],"curies":[{"name":"wp","href":"https:\/\/api.w.org\/{rel}","templated":true}]}}