{"id":1307,"date":"2022-09-19T06:01:39","date_gmt":"2022-09-19T06:01:39","guid":{"rendered":"https:\/\/www.largepillow.com\/product\/reading-wedge-pillow"},"modified":"2024-10-03T16:31:26","modified_gmt":"2024-10-03T16:31:26","slug":"almofada-de-recanto-de-leitura","status":"publish","type":"product","link":"https:\/\/www.largepillow.com\/pt\/product\/reading-nook-pillow\/","title":{"rendered":"Almofada Recanto De Leitura"},"content":{"rendered":"<p>Almofada Reading Nook: sua companheira essencial para conforto e estilo<\/p>\n<p>Para os leitores \u00e1vidos que apreciam o santu\u00e1rio da leitura, a almofada Reading Nook eleva sua experi\u00eancia a um novo n\u00edvel de conforto e divers\u00e3o. Com o seu engenhoso design ergon\u00f3mico, esta almofada alivia os desconfortos f\u00edsicos associados \u00e0 leitura prolongada na cama.<\/p>\n<p>Ergonomia excepcional para perfei\u00e7\u00e3o de postura:<\/p>\n<p>Projetada para apoiar seu corpo em uma posi\u00e7\u00e3o ideal de leitura, a almofada Reading Nook aborda com efic\u00e1cia problemas comuns, como dores na parte inferior e superior das costas, rigidez no pesco\u00e7o e nos ombros. O seu amortecimento firme proporciona a quantidade certa de apoio para uma postura confort\u00e1vel e ergon\u00f3mica, reduzindo a fadiga e o desconforto.<\/p>\n<p>Materiais Premium para Durabilidade e Respirabilidade:<\/p>\n<p>Fabricada em tecido de lona de alta qualidade, a capa de almofada garante durabilidade e respirabilidade excepcionais. A tecnologia reativa de impress\u00e3o e tingimento garante cores vibrantes que n\u00e3o desbotam com o tempo. O n\u00facleo interno da almofada \u00e9 preenchido com fibra de poli\u00e9ster de alta elasticidade, mantendo uma forma est\u00e1vel sem desmoronar.<\/p>\n<p>Funcionalidade multifuncional:<\/p>\n<p>Al\u00e9m de seu prop\u00f3sito principal como companheiro de leitura, a Almofada Reading Nook apresenta not\u00e1vel versatilidade. Seu formato curvo oferece suporte elevado para partes espec\u00edficas do corpo, auxiliando no al\u00edvio de condi\u00e7\u00f5es m\u00e9dicas como ronco e refluxo \u00e1cido. As mulheres gr\u00e1vidas podem utiliz\u00e1-lo para dormir de lado e apoio lombar para aumentar o conforto.<\/p>\n<p>Estampas vibrantes para iluminar sua decora\u00e7\u00e3o:<\/p>\n<p>Com uma ampla sele\u00e7\u00e3o de designs de estampas vibrantes, de m\u00fasica florestal a jornais retr\u00f4, a almofada Reading Nook complementa qualquer decora\u00e7\u00e3o de quarto. Suas cores alegres e padr\u00f5es charmosos d\u00e3o um toque de personalidade ao seu espa\u00e7o, criando um recanto de leitura convidativo e cheio de estilo.<\/p>\n<p>Conveni\u00eancia e facilidade de atendimento:<\/p>\n<p>A capa da almofada possui um z\u00edper de metal invis\u00edvel para remo\u00e7\u00e3o e instala\u00e7\u00e3o sem esfor\u00e7o, facilitando a limpeza. Seu design lav\u00e1vel \u00e0 m\u00e1quina garante f\u00e1cil manuten\u00e7\u00e3o. Um pr\u00e1tico bolso lateral mant\u00e9m seus itens essenciais, como celulares e \u00f3culos, sempre ao seu alcance.<\/p>\n<p>Depoimentos de clientes:<\/p>\n<p>\u201cEsta almofada \u00e9 uma virada de jogo nas minhas sess\u00f5es de leitura! \u00c9 t\u00e3o confort\u00e1vel e apoia minhas costas perfeitamente. Minhas dores no pesco\u00e7o e nos ombros desapareceram.\u201d<\/p>\n<p>\u201cAdorei os desenhos estampados! Eles acrescentam muita vida ao meu quarto. Tamb\u00e9m aprecio o bolso lateral para manter meu telefone e livros organizados.\u201d<\/p>\n<p>\u201cUtilizo esta almofada n\u00e3o s\u00f3 para ler, mas tamb\u00e9m como apoio lombar enquanto vejo televis\u00e3o no sof\u00e1. \u00c9 incrivelmente vers\u00e1til.\u201d<\/p>\n<p>Especifica\u00e7\u00f5es:<\/p>\n<p>* Dimens\u00f5es: 60x20x50cm<br \/>\n* Materiais: Tecido de lona, enchimento de fibra de poli\u00e9ster de alta elasticidade<br \/>\n* Capa de almofada remov\u00edvel e lav\u00e1vel com z\u00edper de metal invis\u00edvel<br \/>\n* Bolso lateral para armazenamento conveniente<\/p>\n<p>Quer voc\u00ea seja um leitor \u00e1vido, um entusiasta do design ou simplesmente esteja em busca de conforto e suporte, a almofada Reading Nook \u00e9 uma escolha excepcional. Seu design ergon\u00f4mico, materiais premium e estampas vibrantes ir\u00e3o elevar sua experi\u00eancia de leitura enquanto complementam a decora\u00e7\u00e3o da sua casa com estilo.<\/p>","protected":false},"excerpt":{"rendered":"<ul>\n<li><strong>Travesseiro Ergon\u00f4mico:<\/strong>\u00a0Se voc\u00ea e seus amigos gostam de ler na cama, mas t\u00eam v\u00e1rios desconfortos devido \u00e0 postura inadequada: dores na parte inferior e superior das costas, problemas no pesco\u00e7o e nos ombros, etc. Ent\u00e3o, use este travesseiro ergon\u00f4mico para ajud\u00e1-lo a ler com uma postura ergon\u00f4mica. Esta almofada de leitura n\u00e3o \u00e9 apenas macia e confort\u00e1vel, mas tamb\u00e9m firme o suficiente para fornecer amortecimento e suporte.<\/li>\n<li><strong>Materiais de alta qualidade:<\/strong>\u00a0A capa de almofada de cunha \u00e9 feita de tecido de lona de alta qualidade, que \u00e9 forte e dur\u00e1vel, e tem permeabilidade ao ar muito boa; adota tecnologia de impress\u00e3o e tingimento reativa, que n\u00e3o desbota; o n\u00facleo interno \u00e9 preenchido com fibra de poli\u00e9ster de alta elasticidade de alta qualidade, que pode manter uma forma est\u00e1vel sem entrar em colapso.<\/li>\n<li><strong>Uso multifuncional:<\/strong>\u00a0Este travesseiro de forma curva pode manter certas partes do corpo elevadas. Portanto, ajuda a aliviar certas condi\u00e7\u00f5es m\u00e9dicas, como ronco ou refluxo \u00e1cido. Al\u00e9m disso, tamb\u00e9m pode ajudar as mulheres gr\u00e1vidas a evitar virar e manter uma posi\u00e7\u00e3o de dormir de lado ou us\u00e1-lo como travesseiro lombar para reduzir a press\u00e3o lombar. Al\u00e9m de usar esta almofada de encosto na cama, ela tamb\u00e9m pode ser usada no sof\u00e1, no ch\u00e3o da \u00e1rea de recrea\u00e7\u00e3o infantil, nos m\u00f3veis de jardim ao ar livre.<\/li>\n<li><strong>Excelente design de impress\u00e3o:<\/strong>\u00a0Esta s\u00e9rie de almofadas de posicionamento decoradas com cores brilhantes para adicionar brilho ao seu quarto. Estilo pastoral \u201cm\u00fasica da floresta\u201d, estilo retr\u00f4 \u201cjornal antigo\u201d, estilo liter\u00e1rio \u201cborboleta azul\u201d, estilo realista \u201cmapa camelo\u201d, com certeza voc\u00ea encontrar\u00e1 a cor que combina com sua personalidade. \u00c9 um bom travesseiro de leitura para meninos e meninas ou adultos. Este tamb\u00e9m \u00e9 um \u00f3timo presente para crian\u00e7as que adoram ler e deixar\u00e1 seu quarto mais legal.<\/li>\n<li><strong>Capa de Almofada Destac\u00e1vel:<\/strong>\u00a0A fronha, que possui z\u00edper invis\u00edvel de metal, pode ser facilmente retirada e instalada no travesseiro; \u00e9 f\u00e1cil de limpar e adequado para lavagem \u00e0 m\u00e1quina; o conveniente bolso lateral pode conter pequenos objetos, como telefones celulares e \u00f3culos, a qualquer momento.<\/li>\n<li><strong>Tamanho:<\/strong>\u00a060x20x50cm.<\/li>\n<\/ul>","protected":false},"featured_media":1299,"comment_status":"open","ping_status":"closed","template":"","meta":[],"product_brand":[],"product_cat":[29],"product_tag":[60,81,86,78,79,87,59,84],"class_list":{"0":"post-1307","1":"product","2":"type-product","3":"status-publish","4":"has-post-thumbnail","6":"product_cat-large-reading-pillow","7":"product_tag-backrest-pillow","8":"product_tag-curved-shape-pillow","9":"product_tag-detachable-pillow-cover","10":"product_tag-ergonomic-pillow","11":"product_tag-lumbar-pillow","12":"product_tag-reading-nook-pillow","13":"product_tag-reading-pillow","14":"product_tag-sofa-pillow","16":"first","17":"instock","18":"featured","19":"shipping-taxable","20":"purchasable","21":"product-type-simple"},"_links":{"self":[{"href":"https:\/\/www.largepillow.com\/pt\/wp-json\/wp\/v2\/product\/1307","targetHints":{"allow":["GET"]}}],"collection":[{"href":"https:\/\/www.largepillow.com\/pt\/wp-json\/wp\/v2\/product"}],"about":[{"href":"https:\/\/www.largepillow.com\/pt\/wp-json\/wp\/v2\/types\/product"}],"replies":[{"embeddable":true,"href":"https:\/\/www.largepillow.com\/pt\/wp-json\/wp\/v2\/comments?post=1307"}],"wp:featuredmedia":[{"embeddable":true,"href":"https:\/\/www.largepillow.com\/pt\/wp-json\/wp\/v2\/media\/1299"}],"wp:attachment":[{"href":"https:\/\/www.largepillow.com\/pt\/wp-json\/wp\/v2\/media?parent=1307"}],"wp:term":[{"taxonomy":"product_brand","embeddable":true,"href":"https:\/\/www.largepillow.com\/pt\/wp-json\/wp\/v2\/product_brand?post=1307"},{"taxonomy":"product_cat","embeddable":true,"href":"https:\/\/www.largepillow.com\/pt\/wp-json\/wp\/v2\/product_cat?post=1307"},{"taxonomy":"product_tag","embeddable":true,"href":"https:\/\/www.largepillow.com\/pt\/wp-json\/wp\/v2\/product_tag?post=1307"}],"curies":[{"name":"wp","href":"https:\/\/api.w.org\/{rel}","templated":true}]}}