{"id":1323,"date":"2022-09-19T06:02:03","date_gmt":"2022-09-19T06:02:03","guid":{"rendered":"https:\/\/www.largepillow.com\/product\/reading-wedges"},"modified":"2024-10-03T16:31:26","modified_gmt":"2024-10-03T16:31:26","slug":"cunhas-de-leitura","status":"publish","type":"product","link":"https:\/\/www.largepillow.com\/pt\/product\/reading-wedges\/","title":{"rendered":"Blocos de Leitura"},"content":{"rendered":"<p>Voc\u00ea \u00e9 um leitor \u00e1vido que gosta de ler na cama, mas sofre desconforto e dor devido \u00e0 m\u00e1 postura? Se sim, temos a solu\u00e7\u00e3o perfeita para voc\u00ea \u2013 Reading Wedges!<\/p>\n<p>Esta almofada ergon\u00f4mica foi projetada para fornecer suporte e amortecimento \u00e0 parte inferior e superior das costas, pesco\u00e7o e ombros, garantindo que voc\u00ea possa ler na cama com uma postura ergon\u00f4mica. A almofada \u00e9 macia e confort\u00e1vel, ao mesmo tempo que \u00e9 suficientemente firme para manter a sua forma e proporcionar um suporte adequado.<\/p>\n<p>A fronha em cunha \u00e9 feita de tecido de lona de alta qualidade, dur\u00e1vel e com excelente permeabilidade ao ar. O n\u00facleo interno \u00e9 preenchido com fibra de poli\u00e9ster de alta elasticidade, o que garante que a almofada n\u00e3o desmorone e mantenha a sua forma. A capa da almofada tamb\u00e9m \u00e9 remov\u00edvel e lav\u00e1vel na m\u00e1quina, facilitando a limpeza e a manuten\u00e7\u00e3o.<\/p>\n<p>O formato curvo do travesseiro o torna ideal para manter certas partes do corpo elevadas, tornando-o \u00fatil no al\u00edvio de condi\u00e7\u00f5es m\u00e9dicas como ronco ou refluxo \u00e1cido. Mulheres gr\u00e1vidas podem us\u00e1-lo para manter a posi\u00e7\u00e3o lateral de dormir ou como travesseiro lombar para reduzir a press\u00e3o lombar. Voc\u00ea tamb\u00e9m pode us\u00e1-lo no sof\u00e1 ou no ch\u00e3o, tornando-o multifuncional.<\/p>\n<p>As cunhas de leitura v\u00eam em v\u00e1rios designs, incluindo \u201cm\u00fasica da floresta\u201d, \u201cjornal antigo\u201d, \u201cborboleta azul\u201d e \u201cmapa de camelo\u201d. Com essas cores vibrantes, voc\u00ea pode encontrar uma que ressoe com sua personalidade e adicione um toque especial ao seu quarto. \u00c9 uma almofada de leitura perfeita para adultos, meninos e meninas, sendo um excelente presente para crian\u00e7as que gostam de ler.<\/p>\n<p>N\u00e3o acredite apenas na nossa palavra; aqui est\u00e3o alguns dos coment\u00e1rios de nossos clientes:<\/p>\n<p>\u201cEu amo minhas cunhas de leitura; eles ajudaram a aliviar minha dor nas costas enquanto lia na cama.\u201d<\/p>\n<p>\u201cO design da almofada \u00e9 excelente e as cores d\u00e3o um toque de eleg\u00e2ncia ao meu quarto.\u201d<\/p>\n<p>\u201cAs cunhas de leitura s\u00e3o multifuncionais e eu tamb\u00e9m as uso como encosto quando estou sentado no sof\u00e1.\u201d<\/p>\n<p>\u201cA capa de travesseiro remov\u00edvel \u00e9 uma virada de jogo, tornando mais f\u00e1cil para mim manter meu travesseiro limpo.\u201d<\/p>\n<p>Concluindo, as Reading Wedges s\u00e3o perfeitas para os leitores \u00e1vidos que gostam de ler na cama. S\u00e3o confort\u00e1veis, firmes e multifuncionais, o que os torna indispens\u00e1veis. Adquira o seu hoje e diga adeus \u00e0s dores nas costas e ao desconforto ao ler na cama.<\/p>","protected":false},"excerpt":{"rendered":"<ul>\n<li><strong>Travesseiro Ergon\u00f4mico:<\/strong>\u00a0Se voc\u00ea e seus amigos gostam de ler na cama, mas t\u00eam v\u00e1rios desconfortos devido \u00e0 postura inadequada: dores na parte inferior e superior das costas, problemas no pesco\u00e7o e nos ombros, etc. Ent\u00e3o, use este travesseiro ergon\u00f4mico para ajud\u00e1-lo a ler com uma postura ergon\u00f4mica. Esta almofada de leitura n\u00e3o \u00e9 apenas macia e confort\u00e1vel, mas tamb\u00e9m firme o suficiente para fornecer amortecimento e suporte.<\/li>\n<li><strong>Materiais de alta qualidade:<\/strong>\u00a0A capa de almofada de cunha \u00e9 feita de tecido de lona de alta qualidade, que \u00e9 forte e dur\u00e1vel, e tem permeabilidade ao ar muito boa; adota tecnologia de impress\u00e3o e tingimento reativa, que n\u00e3o desbota; o n\u00facleo interno \u00e9 preenchido com fibra de poli\u00e9ster de alta elasticidade de alta qualidade, que pode manter uma forma est\u00e1vel sem entrar em colapso.<\/li>\n<li><strong>Uso multifuncional:<\/strong>\u00a0Este travesseiro de forma curva pode manter certas partes do corpo elevadas. Portanto, ajuda a aliviar certas condi\u00e7\u00f5es m\u00e9dicas, como ronco ou refluxo \u00e1cido. Al\u00e9m disso, tamb\u00e9m pode ajudar as mulheres gr\u00e1vidas a evitar virar e manter uma posi\u00e7\u00e3o de dormir de lado ou us\u00e1-lo como travesseiro lombar para reduzir a press\u00e3o lombar. Al\u00e9m de usar esta almofada de encosto na cama, ela tamb\u00e9m pode ser usada no sof\u00e1, no ch\u00e3o da \u00e1rea de recrea\u00e7\u00e3o infantil, nos m\u00f3veis de jardim ao ar livre.<\/li>\n<li><strong>Excelente design de impress\u00e3o:<\/strong>\u00a0Esta s\u00e9rie de almofadas de posicionamento decoradas com cores brilhantes para adicionar brilho ao seu quarto. Estilo pastoral \u201cm\u00fasica da floresta\u201d, estilo retr\u00f4 \u201cjornal antigo\u201d, estilo liter\u00e1rio \u201cborboleta azul\u201d, estilo realista \u201cmapa camelo\u201d, com certeza voc\u00ea encontrar\u00e1 a cor que combina com sua personalidade. \u00c9 um bom travesseiro de leitura para meninos e meninas ou adultos. Este tamb\u00e9m \u00e9 um \u00f3timo presente para crian\u00e7as que adoram ler e deixar\u00e1 seu quarto mais legal.<\/li>\n<li><strong>Capa de Almofada Destac\u00e1vel:<\/strong>\u00a0A fronha, que possui z\u00edper invis\u00edvel de metal, pode ser facilmente retirada e instalada no travesseiro; \u00e9 f\u00e1cil de limpar e adequado para lavagem \u00e0 m\u00e1quina; o conveniente bolso lateral pode conter pequenos objetos, como telefones celulares e \u00f3culos, a qualquer momento.<\/li>\n<li><strong>Tamanho:<\/strong>\u00a060x20x50cm.<\/li>\n<\/ul>","protected":false},"featured_media":1316,"comment_status":"open","ping_status":"closed","template":"","meta":[],"product_brand":[],"product_cat":[29],"product_tag":[60,81,78,79,59,83,84],"class_list":{"0":"post-1323","1":"product","2":"type-product","3":"status-publish","4":"has-post-thumbnail","6":"product_cat-large-reading-pillow","7":"product_tag-backrest-pillow","8":"product_tag-curved-shape-pillow","9":"product_tag-ergonomic-pillow","10":"product_tag-lumbar-pillow","11":"product_tag-reading-pillow","12":"product_tag-reading-wedges","13":"product_tag-sofa-pillow","15":"first","16":"instock","17":"featured","18":"shipping-taxable","19":"purchasable","20":"product-type-simple"},"_links":{"self":[{"href":"https:\/\/www.largepillow.com\/pt\/wp-json\/wp\/v2\/product\/1323","targetHints":{"allow":["GET"]}}],"collection":[{"href":"https:\/\/www.largepillow.com\/pt\/wp-json\/wp\/v2\/product"}],"about":[{"href":"https:\/\/www.largepillow.com\/pt\/wp-json\/wp\/v2\/types\/product"}],"replies":[{"embeddable":true,"href":"https:\/\/www.largepillow.com\/pt\/wp-json\/wp\/v2\/comments?post=1323"}],"wp:featuredmedia":[{"embeddable":true,"href":"https:\/\/www.largepillow.com\/pt\/wp-json\/wp\/v2\/media\/1316"}],"wp:attachment":[{"href":"https:\/\/www.largepillow.com\/pt\/wp-json\/wp\/v2\/media?parent=1323"}],"wp:term":[{"taxonomy":"product_brand","embeddable":true,"href":"https:\/\/www.largepillow.com\/pt\/wp-json\/wp\/v2\/product_brand?post=1323"},{"taxonomy":"product_cat","embeddable":true,"href":"https:\/\/www.largepillow.com\/pt\/wp-json\/wp\/v2\/product_cat?post=1323"},{"taxonomy":"product_tag","embeddable":true,"href":"https:\/\/www.largepillow.com\/pt\/wp-json\/wp\/v2\/product_tag?post=1323"}],"curies":[{"name":"wp","href":"https:\/\/api.w.org\/{rel}","templated":true}]}}