{"id":1354,"date":"2022-09-19T06:09:59","date_gmt":"2022-09-19T06:09:59","guid":{"rendered":"https:\/\/www.largepillow.com\/product\/bed-wedge-pillow"},"modified":"2024-10-03T16:31:26","modified_gmt":"2024-10-03T16:31:26","slug":"cama-cunha-travesseiro","status":"publish","type":"product","link":"https:\/\/www.largepillow.com\/pt\/product\/bed-wedge-pillow\/","title":{"rendered":"Travesseiro"},"content":{"rendered":"<p>Descubra o m\u00e1ximo conforto com nossa almofada de cama \u2013 sua companheira perfeita para relaxar<\/p>\n<p>No estilo de vida acelerado de hoje, encontrar um momento para descontrair e relaxar \u00e9 crucial. Quer voc\u00ea seja um leitor \u00e1vido, um entusiasta do cinema ou algu\u00e9m que gosta do conforto da sua pr\u00f3pria cama, nossa almofada Bed Wedge foi projetada para aprimorar sua experi\u00eancia de relaxamento. Esta almofada vers\u00e1til n\u00e3o \u00e9 apenas um acess\u00f3rio comum; \u00e9 uma virada de jogo na obten\u00e7\u00e3o de conforto pessoal em seu pr\u00f3prio espa\u00e7o.<\/p>\n<p>Suporte incompar\u00e1vel para sentar na cama<\/p>\n<p>Nossa almofada Bed Wedge \u00e9 meticulosamente trabalhada para fornecer suporte incompar\u00e1vel enquanto voc\u00ea realiza suas atividades favoritas na cama. Seja lendo, trabalhando, assistindo TV ou simplesmente relaxando, este travesseiro protege voc\u00ea - literalmente. Seu design extra alto, com impressionantes 60 cm, oferece suporte superior para a cabe\u00e7a e parte superior do corpo, tornando-o ideal para uso em cabeceiras, sof\u00e1s e sof\u00e1s.<\/p>\n<p>Qualidade e estilo premium<\/p>\n<p>Constru\u00edda com algod\u00e3o 100% de alta qualidade, nossa almofada de leitura n\u00e3o \u00e9 apenas de suporte, mas tamb\u00e9m dur\u00e1vel e macia ao toque. A capa de tecido estampado adiciona um toque elegante a qualquer quarto ou sala de estar, combinando perfeitamente com a decora\u00e7\u00e3o da sua casa e proporcionando o conforto que voc\u00ea deseja. O design curvo n\u00e3o s\u00f3 apoia as costas e o pesco\u00e7o, mas tamb\u00e9m aumenta o apelo est\u00e9tico da almofada.<\/p>\n<p>Conveni\u00eancia ao seu alcance<\/p>\n<p>Compreendendo a import\u00e2ncia da conveni\u00eancia no mundo de hoje, nossa almofada de leitura em cunha possui um pr\u00e1tico bolso lateral. Esta adi\u00e7\u00e3o atenciosa oferece um local perfeito para guardar seu telefone, tablet ou qualquer item pequeno, garantindo que eles estejam ao seu alcance enquanto voc\u00ea relaxa. S\u00e3o as pequenas coisas que fazem uma grande diferen\u00e7a e este bolso lateral \u00e9 uma prova disso.<\/p>\n<p>Versatilidade e Portabilidade<\/p>\n<p>Uma das caracter\u00edsticas de destaque da nossa almofada de leitura \u00e9 o seu design leve e port\u00e1til. Esta versatilidade permite-lhe desloc\u00e1-lo sem esfor\u00e7o pela sua casa, garantindo o apoio que necessita, onde quer que necessite. Seja na transi\u00e7\u00e3o do quarto para a sala de estar ou para lev\u00e1-la em viagens, nossa almofada foi projetada para ser f\u00e1cil de usar e portabilidade.<\/p>\n<p>A satisfa\u00e7\u00e3o do cliente fala muito<\/p>\n<p>Nossa almofada Bed Wedge atraiu aten\u00e7\u00e3o pelos motivos certos. Desde o design da almofada de suporte triangular at\u00e9 a conveni\u00eancia adicional de um padr\u00e3o de tecido semelhante a um mapa, nossos clientes compartilharam sua satisfa\u00e7\u00e3o. Aqui est\u00e3o alguns destaques dos coment\u00e1rios sobre commodities que falam muito sobre nosso produto:<\/p>\n<p>\u2013 \u201cA altura extra \u00e9 uma virada de jogo para minhas sess\u00f5es de leitura antes de dormir.\u201d<br \/>\n\u2013 \u201cEu nunca soube que precisava disso at\u00e9 conseguir. Agora \u00e9 meu travesseiro preferido para assistir TV.\u201d<br \/>\n\u2013 \u201cO bolso lateral \u00e9 incrivelmente \u00fatil para o meu telefone. Adoro!&quot;<br \/>\n\u2013 \u201cQualidade e conforto aliam-se ao estilo. N\u00e3o \u00e9 apenas um travesseiro; \u00e9 uma pe\u00e7a de decora\u00e7\u00e3o.\u201d<\/p>\n<p>Aproveite o m\u00e1ximo em conforto e suporte com nossa almofada Bed Wedge, projetada pensando no seu relaxamento. Seus materiais premium, recursos de conveni\u00eancia e design vers\u00e1til tornam-no indispens\u00e1vel para quem deseja aprimorar sua experi\u00eancia de relaxamento. Junte-se \u00e0 infinidade de clientes satisfeitos e descubra um novo n\u00edvel de conforto e comodidade em sua casa.<\/p>","protected":false},"excerpt":{"rendered":"<ul>\n<li>Perfeito para sentar na cama: nosso confort\u00e1vel travesseiro de leitura oferece excelente suporte para as costas para quem gosta de ler ou trabalhar na cama, assistir TV ou relaxar. \u00c9 perfeito para cabeceiras, sof\u00e1s e sof\u00e1s, proporcionando um encosto confort\u00e1vel e de suporte.<\/li>\n<li>Design extra-alto: nossa almofada de leitura tem um design curvo exclusivo que fornece suporte extra para suas costas e pesco\u00e7o. Com 60 cm de altura, nossa almofada em cunha \u00e9 mais alta do que a maioria das almofadas em cunha tradicionais, proporcionando suporte superior para a cabe\u00e7a e a parte superior do corpo.<\/li>\n<li>Materiais Premium: Nosso travesseiro \u00e9 preenchido com algod\u00e3o 100% de alta qualidade, que \u00e9 macio, oferece suporte e dur\u00e1vel. A capa de tecido estampado adiciona um toque de estilo ao seu quarto ou sala de estar. O travesseiro de encosto cheio oferece a quantidade perfeita de suporte e amortecimento para suas costas e pesco\u00e7o.<\/li>\n<li>Bolso lateral conveniente: nossa almofada de leitura em cunha vem com um bolso lateral, proporcionando um local conveniente para guardar seu telefone, tablet ou outros itens pequenos enquanto voc\u00ea relaxa na cama.<\/li>\n<li>Vers\u00e1til e port\u00e1til: nossa almofada de leitura \u00e9 leve e f\u00e1cil de movimentar, tornando-a perfeita para uso em diferentes \u00e1reas da sua casa. Voc\u00ea pode us\u00e1-lo no quarto, na sala ou at\u00e9 mesmo lev\u00e1-lo quando viajar.<\/li>\n<li>Tamanho: 60*27*60cm.<\/li>\n<\/ul>","protected":false},"featured_media":1348,"comment_status":"open","ping_status":"closed","template":"","meta":[],"product_brand":[],"product_cat":[29],"product_tag":[66,60,70,73,74,59,72,71],"class_list":{"0":"post-1354","1":"product","2":"type-product","3":"status-publish","4":"has-post-thumbnail","6":"product_cat-large-reading-pillow","7":"product_tag-back-support-pillow","8":"product_tag-backrest-pillow","9":"product_tag-bed-wedge-pillow","10":"product_tag-bedroom-pillow","11":"product_tag-living-room-pillow","12":"product_tag-reading-pillow","13":"product_tag-travel-pillow","14":"product_tag-tv-pillow","16":"first","17":"instock","18":"featured","19":"shipping-taxable","20":"purchasable","21":"product-type-simple"},"_links":{"self":[{"href":"https:\/\/www.largepillow.com\/pt\/wp-json\/wp\/v2\/product\/1354","targetHints":{"allow":["GET"]}}],"collection":[{"href":"https:\/\/www.largepillow.com\/pt\/wp-json\/wp\/v2\/product"}],"about":[{"href":"https:\/\/www.largepillow.com\/pt\/wp-json\/wp\/v2\/types\/product"}],"replies":[{"embeddable":true,"href":"https:\/\/www.largepillow.com\/pt\/wp-json\/wp\/v2\/comments?post=1354"}],"wp:featuredmedia":[{"embeddable":true,"href":"https:\/\/www.largepillow.com\/pt\/wp-json\/wp\/v2\/media\/1348"}],"wp:attachment":[{"href":"https:\/\/www.largepillow.com\/pt\/wp-json\/wp\/v2\/media?parent=1354"}],"wp:term":[{"taxonomy":"product_brand","embeddable":true,"href":"https:\/\/www.largepillow.com\/pt\/wp-json\/wp\/v2\/product_brand?post=1354"},{"taxonomy":"product_cat","embeddable":true,"href":"https:\/\/www.largepillow.com\/pt\/wp-json\/wp\/v2\/product_cat?post=1354"},{"taxonomy":"product_tag","embeddable":true,"href":"https:\/\/www.largepillow.com\/pt\/wp-json\/wp\/v2\/product_tag?post=1354"}],"curies":[{"name":"wp","href":"https:\/\/api.w.org\/{rel}","templated":true}]}}