{"id":1403,"date":"2022-09-20T02:44:16","date_gmt":"2022-09-20T02:44:16","guid":{"rendered":"https:\/\/www.largepillow.com\/product\/huge-rock-pillows-pebble-pillows-living-pillows-living-stones-pillows-pre-filled-christmas-present-max-size-dark-gray-9002"},"modified":"2025-01-15T14:54:41","modified_gmt":"2025-01-15T14:54:41","slug":"travesseiros-de-pedra","status":"publish","type":"product","link":"https:\/\/www.largepillow.com\/pt\/product\/rock-pillows","title":{"rendered":"Almofadas de pedra"},"content":{"rendered":"[zc_getpagecontent mb=&#8221;mb_aplus&#8221; apid=&#8221;21&#8243;]\n","protected":false},"excerpt":{"rendered":"<ul>\n<li><strong>Almofada Externa 3D Verisimilar:<\/strong> \u00c0 primeira vista, voc\u00ea nunca pensar\u00e1 que \u00e9 apenas um travesseiro decorativo. Atrav\u00e9s de um design engenhoso, combinamos o travesseiro aconchegante e a \u201cpedra\u201d perfeitamente. A forma elipse e a curva estreita fazem com que pare\u00e7am pedras reais. Misturar e combinar cores escuras e claras pode adicionar mudan\u00e7as visuais ricas ao seu quarto e torn\u00e1-lo divertido. Estas almofadas v\u00edvidas tornam nossa casa um lugar interessante.<\/li>\n<li><strong>Almofadas decorativas para diferentes ocasi\u00f5es:<\/strong> Nossas almofadas podem ser usadas como decora\u00e7\u00e3o para atender \u00e0s suas diferentes necessidades em diversas ocasi\u00f5es. Coloque-o dentro de casa para dar um sabor natural ao ambiente.Coloque-o fora no jardim, p\u00e1tio, piscina, etc.Voc\u00ea pode retornar \u00e0 verdadeira integra\u00e7\u00e3o perfeita e se sentir confort\u00e1vel;Usado para decorar o quarto das crian\u00e7as, pode criar um parque infantil.<\/li>\n<li><strong>Almofadas criativas multifuncionais:<\/strong> Nossas almofadas fofinhas n\u00e3o s\u00f3 podem ser usadas como almofadas decorativas em qualquer canto do interior \/ almofadas externas para uso externo, mas tamb\u00e9m podem ser usadas como brinquedos infantis, para que as crian\u00e7as possam brincar como almofadas fofinhas \u00e0 vontade e seus sentimentos no jogo. As grandes almofadas do sof\u00e1 tamb\u00e9m podem ser usadas como assentos criativos e as pequenas almofadas do sof\u00e1. As almofadas decorativas com formas diferentes tamb\u00e9m s\u00e3o uma boa escolha para adere\u00e7os fotogr\u00e1ficos.<\/li>\n<li><strong>Almofada de pedra de simula\u00e7\u00e3o de alta qualidade:<\/strong> Tecidos de veludo curtos super macios selecionados, macios e confort\u00e1veis. As almofadas deco com enchimento (enchimento de poli\u00e9ster), que \u00e9 fofo e macio e tem boa elasticidade. O design de z\u00edper invis\u00edvel, mas tamb\u00e9m torna a fronha f\u00e1cil de desmontar. Com impress\u00e3o reativa e tecnologia de tingimento, desde a sele\u00e7\u00e3o do material at\u00e9 a fixa\u00e7\u00e3o da cor, desengomagem, modelagem at\u00e9 o produto acabado, cada etapa \u00e9 rigorosamente implementada.<\/li>\n<li><strong>Pacote e tamanho:<\/strong> cada pacote cont\u00e9m 1 conjunto de 6 tamanhos diferentes de almofadas externas, que s\u00e3o projetadas em formas ovais irregulares para se parecerem mais com pedras. Os tamanhos s\u00e3o: 100\u00d750 \/ 50\u00d735 \/ 50\u00d725 \/ 35\u00d723 \/ 30\u00d715 \/ 18x10cm.<\/li>\n<\/ul>","protected":false},"featured_media":1391,"comment_status":"open","ping_status":"closed","template":"","meta":[],"product_brand":[],"product_cat":[30],"product_tag":[58,57,53,56,52,54,51,55,50],"class_list":{"0":"post-1403","1":"product","2":"type-product","3":"status-publish","4":"has-post-thumbnail","6":"product_cat-large-rock-pillow","7":"product_tag-floor-cushion","8":"product_tag-floor-pillow","9":"product_tag-livingstones","10":"product_tag-pebble-cushion","11":"product_tag-pebble-pillow","12":"product_tag-rock-cushion","13":"product_tag-rock-pillow","14":"product_tag-stone-cushion","15":"product_tag-stone-pillow","17":"first","18":"instock","19":"featured","20":"shipping-taxable","21":"purchasable","22":"product-type-variable","23":"has-default-attributes"},"_links":{"self":[{"href":"https:\/\/www.largepillow.com\/pt\/wp-json\/wp\/v2\/product\/1403","targetHints":{"allow":["GET"]}}],"collection":[{"href":"https:\/\/www.largepillow.com\/pt\/wp-json\/wp\/v2\/product"}],"about":[{"href":"https:\/\/www.largepillow.com\/pt\/wp-json\/wp\/v2\/types\/product"}],"replies":[{"embeddable":true,"href":"https:\/\/www.largepillow.com\/pt\/wp-json\/wp\/v2\/comments?post=1403"}],"wp:featuredmedia":[{"embeddable":true,"href":"https:\/\/www.largepillow.com\/pt\/wp-json\/wp\/v2\/media\/1391"}],"wp:attachment":[{"href":"https:\/\/www.largepillow.com\/pt\/wp-json\/wp\/v2\/media?parent=1403"}],"wp:term":[{"taxonomy":"product_brand","embeddable":true,"href":"https:\/\/www.largepillow.com\/pt\/wp-json\/wp\/v2\/product_brand?post=1403"},{"taxonomy":"product_cat","embeddable":true,"href":"https:\/\/www.largepillow.com\/pt\/wp-json\/wp\/v2\/product_cat?post=1403"},{"taxonomy":"product_tag","embeddable":true,"href":"https:\/\/www.largepillow.com\/pt\/wp-json\/wp\/v2\/product_tag?post=1403"}],"curies":[{"name":"wp","href":"https:\/\/api.w.org\/{rel}","templated":true}]}}