{"id":15419,"date":"2025-11-08T13:23:19","date_gmt":"2025-11-08T13:23:19","guid":{"rendered":"https:\/\/www.largepillow.com\/product\/folding-futon-sofa-bed-convertible-sleeper-chair-for-living-room-bedroom"},"modified":"2026-03-12T02:42:39","modified_gmt":"2026-03-12T02:42:39","slug":"sofa-cama-dobravel-futon-conversivel-em-poltrona-para-sala-de-estar-e-quarto","status":"publish","type":"product","link":"https:\/\/www.largepillow.com\/pt\/product\/folding-futon-sofa-bed-convertible-sleeper-chair-for-living-room-bedroom","title":{"rendered":"Sof\u00e1-cama dobr\u00e1vel futon, poltrona convers\u00edvel para sala de estar e quarto."},"content":{"rendered":"[zc_getpagecontent mb=&#8221;mb_aplus&#8221; apid=&#8221;150&#8243;]\n","protected":false},"excerpt":{"rendered":"<ul>\n<li>Design est\u00e9tico \u00fanico: Este sof\u00e1-cama dobr\u00e1vel apresenta um design em blocos de cores em tons suaves de marrom quente e bege refrescante. A combina\u00e7\u00e3o de cores \u00e9 simples, por\u00e9m moderna, integrando-se perfeitamente a diversos estilos de decora\u00e7\u00e3o. Seu encosto arredondado exclusivo e as linhas laterais suaves e curvas rompem com a apar\u00eancia r\u00edgida e sem gra\u00e7a dos sof\u00e1s-cama tradicionais, infundindo seu espa\u00e7o com bom gosto, design e estilo requintados.<\/li>\n<li>Convers\u00e3o sem esfor\u00e7o: O sof\u00e1-cama convers\u00edvel pode ser facilmente dobrado e desdobrado, ou movido para a varanda ou terra\u00e7o, transformando-se de um confort\u00e1vel assento de sof\u00e1 em uma espa\u00e7osa poltrona. Seja para assistir TV, relaxar ou tirar uma soneca, este sof\u00e1-cama dobr\u00e1vel se adapta instantaneamente ao seu estilo de vida.<\/li>\n<li>Conforto Superior: A poltrona-cama convers\u00edvel \u00e9 confeccionada com um tecido aveludado macio e confort\u00e1vel. O interior \u00e9 generosamente preenchido com algod\u00e3o PP de alta qualidade, oferecendo uma experi\u00eancia de conforto &quot;sem press\u00e3o&quot;, al\u00e9m de proporcionar suporte est\u00e1vel e duradouro que resiste ao achatamento, mesmo ap\u00f3s longos per\u00edodos sentado ou deitado. O design mais largo e espesso distribui a press\u00e3o corporal de forma eficaz, proporcionando uma experi\u00eancia de relaxamento profundo para descanso prolongado.<\/li>\n<li>Uso vers\u00e1til: O encosto do sof\u00e1 possui uma estrutura triangular refor\u00e7ada exclusiva que oferece suporte est\u00e1vel e indeform\u00e1vel, permitindo seu uso em qualquer lugar sem a necessidade de encostar na parede. \u00c9 perfeito para apartamentos de um quarto, salas de estar, escrit\u00f3rios dom\u00e9sticos, salas de jogos, dormit\u00f3rios ou quartos de h\u00f3spedes, tornando-o ideal para criar seu cantinho aconchegante pessoal.<\/li>\n<li>N\u00e3o requer montagem: O sof\u00e1-cama \u00e9 entregue embalado a v\u00e1cuo e comprimido, n\u00e3o necessitando de montagem complicada. Basta abrir a embalagem, dar leves batidinhas no produto e aguardar 48 horas para que ele retorne completamente ao seu formato original antes de usar.<\/li>\n<\/ul>","protected":false},"featured_media":15409,"comment_status":"open","ping_status":"closed","template":"","meta":[],"product_brand":[],"product_cat":[228],"product_tag":[],"class_list":{"0":"post-15419","1":"product","2":"type-product","3":"status-publish","4":"has-post-thumbnail","6":"product_cat-cushions","8":"first","9":"instock","10":"sold-individually","11":"shipping-taxable","12":"purchasable","13":"product-type-simple"},"_links":{"self":[{"href":"https:\/\/www.largepillow.com\/pt\/wp-json\/wp\/v2\/product\/15419","targetHints":{"allow":["GET"]}}],"collection":[{"href":"https:\/\/www.largepillow.com\/pt\/wp-json\/wp\/v2\/product"}],"about":[{"href":"https:\/\/www.largepillow.com\/pt\/wp-json\/wp\/v2\/types\/product"}],"replies":[{"embeddable":true,"href":"https:\/\/www.largepillow.com\/pt\/wp-json\/wp\/v2\/comments?post=15419"}],"wp:featuredmedia":[{"embeddable":true,"href":"https:\/\/www.largepillow.com\/pt\/wp-json\/wp\/v2\/media\/15409"}],"wp:attachment":[{"href":"https:\/\/www.largepillow.com\/pt\/wp-json\/wp\/v2\/media?parent=15419"}],"wp:term":[{"taxonomy":"product_brand","embeddable":true,"href":"https:\/\/www.largepillow.com\/pt\/wp-json\/wp\/v2\/product_brand?post=15419"},{"taxonomy":"product_cat","embeddable":true,"href":"https:\/\/www.largepillow.com\/pt\/wp-json\/wp\/v2\/product_cat?post=15419"},{"taxonomy":"product_tag","embeddable":true,"href":"https:\/\/www.largepillow.com\/pt\/wp-json\/wp\/v2\/product_tag?post=15419"}],"curies":[{"name":"wp","href":"https:\/\/api.w.org\/{rel}","templated":true}]}}