{"id":156,"date":"2022-09-15T06:26:18","date_gmt":"2022-09-15T06:26:18","guid":{"rendered":"https:\/\/www.largepillow.com\/product\/daybed-wedge-pillow"},"modified":"2025-11-05T02:15:25","modified_gmt":"2025-11-05T02:15:25","slug":"cama-almofada-travesseiro","status":"publish","type":"product","link":"https:\/\/www.largepillow.com\/pt\/product\/bed-bolster-pillow","title":{"rendered":"Travesseiro de cama"},"content":{"rendered":"<p>Descubra o m\u00e1ximo conforto com a almofada de cama<\/p>\n<p>Cansado de lutar para ficar confort\u00e1vel na cama enquanto l\u00ea ou assiste TV? Apresentamos a revolucion\u00e1ria almofada Bed Bolster, a almofada multifuncional 3 em 1 que leva o relaxamento na hora de dormir a novos patamares. <\/p>\n<p>Confeccionada com materiais de qualidade superior, esta almofada triangular oferece suporte lombar ergon\u00f4mico que se adapta perfeitamente \u00e0s costas e cintura. A capa de poli\u00e9ster respir\u00e1vel e a almofada interna resiliente proporcionam a quantidade certa de elasticidade para horas de conforto sem tens\u00e3o. <\/p>\n<p>Os clientes adoram a versatilidade da almofada Bed Bolster:<\/p>\n<p>\u201cEu uso o meu na posi\u00e7\u00e3o vertical como encosto enquanto estou sentado na cama. \u00c9 muito melhor do que lutar com travesseiros planos que ficam escorregando.\u201d<\/p>\n<p>\u201cEsta almofada de cunha \u00e9 incr\u00edvel. Eu durmo de lado e coloc\u00e1-lo sob as pernas fez maravilhas para minhas dores nas costas.  <\/p>\n<p>\u201cAdoro us\u00e1-lo como uma pequena almofada de sof\u00e1. \u00c9 o tamanho perfeito para minha filha e eu nos abra\u00e7armos e lermos juntas.\u201d<\/p>\n<p>Com tamanhos que variam de 45 cm a espa\u00e7osos 200 cm, a almofada Bed Bolster pode acomodar qualquer coisa, desde uso pessoal at\u00e9 dormir junto com um parceiro. Os convenientes bolsos laterais oferecem um local para guardar livros, controles remotos, telefones e muito mais, enquanto a capa remov\u00edvel com z\u00edper permite f\u00e1cil lavagem. <\/p>\n<p>Eleve o seu relaxamento com o \u00fanico travesseiro que faz tudo. Leve para casa a almofada de cama e descubra o m\u00e1ximo conforto hoje mesmo!<\/p>","protected":false},"excerpt":{"rendered":"<ul>\n<li><strong>Conforto final:<\/strong> Esta almofada de cabeceira oferece excelente conforto gra\u00e7as ao seu design de forma triangular. A almofada do suporte da cama ajusta-se perfeitamente \u00e0s costas e \u00e0 cintura, minimizando a press\u00e3o lombar\/costas. Esta almofada de leitura em cunha pode ajud\u00e1-lo a ficar livre de tens\u00e3o na cama ou no sof\u00e1, o que \u00e9 ideal para trabalhar noct\u00edvagos, leitores \u00e1vidos e assistir TV na cama. Esta almofada extra grande \u00e9 a \u00fanica almofada de cabeceira em cunha que pode acomodar duas pessoas.<\/li>\n<li><strong>Almofada grande 3 em 1:<\/strong> Voc\u00ea pode usar o travesseiro na posi\u00e7\u00e3o vertical como travesseiro de cabeceira para sentar na cama ou coloc\u00e1-lo na cama para us\u00e1-lo como um travesseiro grande ao dormir de costas ou de lado, ou como travesseiro para elevar as pernas. Se voc\u00ea deseja uma almofada de cabeceira grande que d\u00ea suporte para voc\u00ea e seu c\u00f4njuge. \u00c9 uma excelente alternativa.<\/li>\n<li><strong>Design multifuncional:<\/strong> Algumas pessoas usam a almofada grande triangular como travesseiro de cabeceira, enquanto outras a usam como travesseiro de p\u00e1ra-choque, tamb\u00e9m pode ser um travesseiro de encosto de sof\u00e1 ou sof\u00e1-cama. \u00c9 elegante e funcional, o que o torna um excelente complemento para qualquer quarto.<\/li>\n<li><strong>Artesanato Superior:<\/strong> A fronha \u00e9 de veludo cotel\u00ea cuja composi\u00e7\u00e3o \u00e9 poli\u00e9ster 100%. nossa almofada de cabeceira \u00e9 respir\u00e1vel e confort\u00e1vel o suficiente para manter sua forma e n\u00e3o perder sua forma com o tempo. Um bolso lateral de cada lado permite que voc\u00ea coloque seu livro ou telefone.<\/li>\n<li><strong>F\u00e1cil de lavar:<\/strong> A capa da almofada de leitura \u00e9 fixada na almofada com bot\u00f5es e \u00e9 f\u00e1cil de remover com um simples z\u00edper. Isso torna sua limpeza descomplicada. Basta remover a capa e lavar rapidamente na m\u00e1quina para deixar seu travesseiro como novo.<\/li>\n<li><strong>Tamanho:<\/strong> 45cm (C45 x L20 x A50 | 0 bot\u00f5es), 60cm (C60 x L20 x A50 | 0 bot\u00f5es), 80cm (C80 x L20 x A50 | 2 bot\u00f5es), 100cm (C100 x L20 x A50 | 3 bot\u00f5es), 120cm ( C120 x L20 x A50 | 4 bot\u00f5es), 140cm (C140 x L20 x A50 | 4 bot\u00f5es), 160cm (C160 x L20 x A50 | 5 bot\u00f5es), 180cm (C180 x L20 x A50 | 6 bot\u00f5es), 200cm (C200 x W20 x H50 | 7 bot\u00f5es).<\/li>\n<\/ul>","protected":false},"featured_media":137,"comment_status":"open","ping_status":"closed","template":"","meta":[],"product_brand":[],"product_cat":[15],"product_tag":[66,225,195,206,218,102,75,168,154,199,163,59],"class_list":{"0":"post-156","1":"product","2":"type-product","3":"status-publish","4":"has-post-thumbnail","6":"product_cat-large-wedge-pillow","7":"product_tag-back-support-pillow","8":"product_tag-bed-bolster-pillow","9":"product_tag-brown-pillow","10":"product_tag-bumper-pillow","11":"product_tag-corduroy-pillow","12":"product_tag-couch-pillow","13":"product_tag-daybed-pillow","14":"product_tag-headboard-pillow","15":"product_tag-large-body-pillow","16":"product_tag-large-wedge-pillow","17":"product_tag-leg-pillow","18":"product_tag-reading-pillow","20":"first","21":"instock","22":"featured","23":"shipping-taxable","24":"purchasable","25":"product-type-variable"},"_links":{"self":[{"href":"https:\/\/www.largepillow.com\/pt\/wp-json\/wp\/v2\/product\/156","targetHints":{"allow":["GET"]}}],"collection":[{"href":"https:\/\/www.largepillow.com\/pt\/wp-json\/wp\/v2\/product"}],"about":[{"href":"https:\/\/www.largepillow.com\/pt\/wp-json\/wp\/v2\/types\/product"}],"replies":[{"embeddable":true,"href":"https:\/\/www.largepillow.com\/pt\/wp-json\/wp\/v2\/comments?post=156"}],"wp:featuredmedia":[{"embeddable":true,"href":"https:\/\/www.largepillow.com\/pt\/wp-json\/wp\/v2\/media\/137"}],"wp:attachment":[{"href":"https:\/\/www.largepillow.com\/pt\/wp-json\/wp\/v2\/media?parent=156"}],"wp:term":[{"taxonomy":"product_brand","embeddable":true,"href":"https:\/\/www.largepillow.com\/pt\/wp-json\/wp\/v2\/product_brand?post=156"},{"taxonomy":"product_cat","embeddable":true,"href":"https:\/\/www.largepillow.com\/pt\/wp-json\/wp\/v2\/product_cat?post=156"},{"taxonomy":"product_tag","embeddable":true,"href":"https:\/\/www.largepillow.com\/pt\/wp-json\/wp\/v2\/product_tag?post=156"}],"curies":[{"name":"wp","href":"https:\/\/api.w.org\/{rel}","templated":true}]}}