{"id":16499,"date":"2026-02-08T03:20:01","date_gmt":"2026-02-08T03:20:01","guid":{"rendered":"https:\/\/www.largepillow.com\/product\/stylish-pouf-ottoman-footrest-multi-functional-marble-patterns-dark-green-marble"},"modified":"2026-02-11T02:58:28","modified_gmt":"2026-02-11T02:58:28","slug":"puf-otomano-elegante-com-apoio-para-os-pes-multifuncional-com-padroes-de-marmore-verde-escuro","status":"publish","type":"product","link":"https:\/\/www.largepillow.com\/pt\/product\/stylish-pouf-ottoman-footrest-multi-functional-marble-patterns-dark-green-marble","title":{"rendered":"Puf otomano elegante com apoio para os p\u00e9s \u2013 Multifuncional e com estampa de m\u00e1rmore (m\u00e1rmore verde escuro)"},"content":{"rendered":"<p>Transforme sua sala de estar com este vers\u00e1til e elegante pufe em forma de cubo, que serve tanto como um apoio para os p\u00e9s funcional quanto como uma pe\u00e7a decorativa. Apresentando padr\u00f5es deslumbrantes que criam uma est\u00e9tica luxuosa e natural, este pufe mede 55 x 55 x 40 cm (22 x 22 x 17 polegadas) \u2013 perfeito para qualquer ambiente. O design em cubo exibe padr\u00f5es intrincados em tons ricos de marrom e dourado, tornando cada pe\u00e7a \u00fanica. Fabricado com estofamento de espuma de alta qualidade, proporciona suporte confort\u00e1vel, seja usado como apoio para os p\u00e9s, assento extra ou mesa lateral. O design moderno complementa facilmente diversos estilos de interiores, do contempor\u00e2neo ao r\u00fastico. O tamanho generoso o torna uma escolha ideal tanto para uso pr\u00e1tico quanto como uma pe\u00e7a de destaque na decora\u00e7\u00e3o da sua casa. Dispon\u00edvel em v\u00e1rios padr\u00f5es, com op\u00e7\u00f5es de designs personalizados para atender \u00e0s suas necessidades est\u00e9ticas espec\u00edficas. A altura vers\u00e1til e a constru\u00e7\u00e3o robusta garantem que este pufe possa servir a m\u00faltiplos prop\u00f3sitos, desde um apoio para os p\u00e9s conveniente at\u00e9 uma mesa de centro improvisada ou assento extra para receber visitas.<\/p>","protected":false},"excerpt":{"rendered":"<ul>\n<li>Design vers\u00e1til: pufe moderno em formato de cubo que funciona como apoio para os p\u00e9s, assento extra ou pe\u00e7a decorativa com um padr\u00e3o de veios marcante.<\/li>\n<li>Tamanho Premium: Mede 55*55*40cm (22 x 22 x 17 polegadas), perfeito para salas de estar, quartos ou qualquer espa\u00e7o que necessite de funcionalidade com estilo.<\/li>\n<li>Op\u00e7\u00f5es personalizadas: Dispon\u00edvel em v\u00e1rios padr\u00f5es, com a op\u00e7\u00e3o de padr\u00f5es personalizados exclusivos para atender \u00e0s suas necessidades de design de interiores.<\/li>\n<li>Suporte confort\u00e1vel: Fabricado com acolchoamento de espuma de alta qualidade para conforto e durabilidade ideais, mantendo sua forma.<\/li>\n<li>Pe\u00e7a de destaque: O padr\u00e3o diferenciado em tons cria um detalhe atraente para qualquer decora\u00e7\u00e3o de ambiente.<\/li>\n<\/ul>","protected":false},"featured_media":16492,"comment_status":"open","ping_status":"closed","template":"","meta":[],"product_brand":[],"product_cat":[228],"product_tag":[],"class_list":{"0":"post-16499","1":"product","2":"type-product","3":"status-publish","4":"has-post-thumbnail","6":"product_cat-cushions","8":"first","9":"instock","10":"shipping-taxable","11":"purchasable","12":"product-type-simple"},"_links":{"self":[{"href":"https:\/\/www.largepillow.com\/pt\/wp-json\/wp\/v2\/product\/16499","targetHints":{"allow":["GET"]}}],"collection":[{"href":"https:\/\/www.largepillow.com\/pt\/wp-json\/wp\/v2\/product"}],"about":[{"href":"https:\/\/www.largepillow.com\/pt\/wp-json\/wp\/v2\/types\/product"}],"replies":[{"embeddable":true,"href":"https:\/\/www.largepillow.com\/pt\/wp-json\/wp\/v2\/comments?post=16499"}],"wp:featuredmedia":[{"embeddable":true,"href":"https:\/\/www.largepillow.com\/pt\/wp-json\/wp\/v2\/media\/16492"}],"wp:attachment":[{"href":"https:\/\/www.largepillow.com\/pt\/wp-json\/wp\/v2\/media?parent=16499"}],"wp:term":[{"taxonomy":"product_brand","embeddable":true,"href":"https:\/\/www.largepillow.com\/pt\/wp-json\/wp\/v2\/product_brand?post=16499"},{"taxonomy":"product_cat","embeddable":true,"href":"https:\/\/www.largepillow.com\/pt\/wp-json\/wp\/v2\/product_cat?post=16499"},{"taxonomy":"product_tag","embeddable":true,"href":"https:\/\/www.largepillow.com\/pt\/wp-json\/wp\/v2\/product_tag?post=16499"}],"curies":[{"name":"wp","href":"https:\/\/api.w.org\/{rel}","templated":true}]}}