{"id":16625,"date":"2026-02-10T03:18:15","date_gmt":"2026-02-10T03:18:15","guid":{"rendered":"https:\/\/www.largepillow.com\/product\/adjustable-face-down-pillow-for-eye-surgery-bbl-massage-sleeping"},"modified":"2026-02-11T03:05:42","modified_gmt":"2026-02-11T03:05:42","slug":"travesseiro-ajustavel-para-dormir-deitado-de-brucos-apos-cirurgia-ocular-e-massagem-bbl","status":"publish","type":"product","link":"https:\/\/www.largepillow.com\/pt\/product\/adjustable-face-down-pillow-for-eye-surgery-bbl-massage-sleeping","title":{"rendered":"Travesseiro ajust\u00e1vel para dormir de bru\u00e7os, ideal para cirurgia ocular, BBL, massagem e para dormir."},"content":{"rendered":"[zc_getpagecontent mb=&#8221;mb_aplus&#8221; apid=&#8221;164&#8243;]\n","protected":false},"excerpt":{"rendered":"<ul>\n<li><strong>Posi\u00e7\u00e3o facial ajust\u00e1vel<\/strong>O tamanho e a posi\u00e7\u00e3o do rosto podem ser ajustados para atender \u00e0s necessidades individuais, e as aberturas de ventila\u00e7\u00e3o de canal duplo ampliadas garantem uma respira\u00e7\u00e3o suave.<\/li>\n<li><strong>3 Camadas de Emenda de Esponja<\/strong>Camada 1: Macia e adapt\u00e1vel ao corpo; Camada 2: Elasticidade confort\u00e1vel; Camada 3: Garante sustenta\u00e7\u00e3o, o contorno ajust\u00e1vel da abertura proporciona amplo suporte para a cabe\u00e7a, ombros e peito, mantendo o alinhamento da coluna.<\/li>\n<li><strong>Almofada multifuncional<\/strong>Almofada de massagem para usar de bru\u00e7os. Auxilia na recupera\u00e7\u00e3o ap\u00f3s diversas cirurgias e tamb\u00e9m pode ser usada como almofada de massagem em casa, para massagem quiropr\u00e1tica, para cochilos na mesa de trabalho ou para dormir de bru\u00e7os \u00e0 noite.<\/li>\n<li><strong>Macio e confort\u00e1vel<\/strong>Esta almofada para uso deitado utiliza um tecido respir\u00e1vel e suave para a pele, com um design de esponja de tr\u00eas camadas, proporcionando suporte e conforto.<\/li>\n<li><strong>Remov\u00edvel e lav\u00e1vel<\/strong>A fronha remov\u00edvel com z\u00edper invis\u00edvel \u00e9 f\u00e1cil de lavar e pode ser lavada na m\u00e1quina.<\/li>\n<\/ul>","protected":false},"featured_media":16616,"comment_status":"open","ping_status":"closed","template":"","meta":[],"product_brand":[],"product_cat":[228],"product_tag":[],"class_list":{"0":"post-16625","1":"product","2":"type-product","3":"status-publish","4":"has-post-thumbnail","6":"product_cat-cushions","8":"first","9":"instock","10":"sold-individually","11":"shipping-taxable","12":"purchasable","13":"product-type-variable","14":"has-default-attributes"},"_links":{"self":[{"href":"https:\/\/www.largepillow.com\/pt\/wp-json\/wp\/v2\/product\/16625","targetHints":{"allow":["GET"]}}],"collection":[{"href":"https:\/\/www.largepillow.com\/pt\/wp-json\/wp\/v2\/product"}],"about":[{"href":"https:\/\/www.largepillow.com\/pt\/wp-json\/wp\/v2\/types\/product"}],"replies":[{"embeddable":true,"href":"https:\/\/www.largepillow.com\/pt\/wp-json\/wp\/v2\/comments?post=16625"}],"wp:featuredmedia":[{"embeddable":true,"href":"https:\/\/www.largepillow.com\/pt\/wp-json\/wp\/v2\/media\/16616"}],"wp:attachment":[{"href":"https:\/\/www.largepillow.com\/pt\/wp-json\/wp\/v2\/media?parent=16625"}],"wp:term":[{"taxonomy":"product_brand","embeddable":true,"href":"https:\/\/www.largepillow.com\/pt\/wp-json\/wp\/v2\/product_brand?post=16625"},{"taxonomy":"product_cat","embeddable":true,"href":"https:\/\/www.largepillow.com\/pt\/wp-json\/wp\/v2\/product_cat?post=16625"},{"taxonomy":"product_tag","embeddable":true,"href":"https:\/\/www.largepillow.com\/pt\/wp-json\/wp\/v2\/product_tag?post=16625"}],"curies":[{"name":"wp","href":"https:\/\/api.w.org\/{rel}","templated":true}]}}