{"id":185,"date":"2022-09-15T06:35:24","date_gmt":"2022-09-15T06:35:24","guid":{"rendered":"https:\/\/www.largepillow.com\/product\/triangle-bolster-pillow"},"modified":"2025-11-05T02:15:26","modified_gmt":"2025-11-05T02:15:26","slug":"almofada-triangular","status":"publish","type":"product","link":"https:\/\/www.largepillow.com\/pt\/product\/triangular-pillow","title":{"rendered":"Travesseiro Triangular"},"content":{"rendered":"<p>Descubra o m\u00e1ximo conforto com a vers\u00e1til almofada triangular<\/p>\n<p>Delicie-se com um conforto incompar\u00e1vel com a inovadora Almofada Triangular, projetada para elevar sua experi\u00eancia de relaxamento e suporte.<\/p>\n<p>Conforto e suporte incompar\u00e1veis<\/p>\n<p>A forma triangular ergon\u00f3mica desta almofada de cabeceira contorna perfeitamente as suas costas e cintura, proporcionando um apoio excepcional e minimizando a press\u00e3o lombar. Esteja voc\u00ea deitado na cama por horas lendo, trabalhando ou assistindo TV, este travesseiro garante uma posi\u00e7\u00e3o relaxada e sem tens\u00e3o.<\/p>\n<p>Design multifuncional 3 em 1<\/p>\n<p>Abrace a versatilidade da Almofada Triangular. Use-o na vertical como cabeceira de apoio, coloque-o na horizontal para melhorar o sono como travesseiro ou eleve as pernas para melhorar a circula\u00e7\u00e3o como travesseiro para as pernas. \u00c9 a solu\u00e7\u00e3o perfeita para casais que procuram o m\u00e1ximo conforto na cama.<\/p>\n<p>Elegante e funcional<\/p>\n<p>O visual elegante de veludo cotel\u00ea e a composi\u00e7\u00e3o de poli\u00e9ster macio da fronha exalam eleg\u00e2ncia ao mesmo tempo que proporcionam respirabilidade e conforto. A almofada mant\u00e9m a sua forma sem esfor\u00e7o, garantindo conforto e apoio duradouros. Bolsos laterais de cada lado acomodam convenientemente seu telefone ou um livro.<\/p>\n<p>Manuten\u00e7\u00e3o f\u00e1cil<\/p>\n<p>Limpar a almofada triangular \u00e9 muito f\u00e1cil. Sua capa remov\u00edvel possui z\u00edper para uma lavagem descomplicada. Basta remov\u00ea-lo e jog\u00e1-lo na m\u00e1quina para uma limpeza completa que mant\u00e9m seu travesseiro com uma apar\u00eancia fresca e convidativa.<\/p>\n<p>Depoimentos de clientes<\/p>\n<p>N\u00e3o acredite apenas na nossa palavra. Aqui est\u00e1 o que os clientes satisfeitos est\u00e3o dizendo:<\/p>\n<p>\u201cEssa almofada \u00e9 incr\u00edvel! Eu o uso como travesseiro de cabeceira e \u00e9 muito macio e de suporte. Adoro a cor veludo cotel\u00ea e \u00e9 o complemento perfeito para o meu quarto.\u201d<br \/>\n\u201cTenho sono lateral e este travesseiro salvou minha vida. Mant\u00e9m minha cabe\u00e7a e pesco\u00e7o alinhados e notei uma enorme diferen\u00e7a na qualidade do meu sono.\u201d<br \/>\n\u201cAdoro a versatilidade desta almofada. Eu o uso como travesseiro de cabeceira durante o dia e, em seguida, aliso-o para usar como travesseiro para dormir. \u00c9 t\u00e3o confort\u00e1vel e conveniente.\u201d<\/p>\n<p>Eleve seu conforto e relaxamento hoje com a Almofada Triangular. Sua versatilidade incompar\u00e1vel, acabamento superior e qualidade aprovada pelo cliente tornam-no um complemento essencial para qualquer quarto.<\/p>","protected":false},"excerpt":{"rendered":"<ul>\n<li><strong>Conforto final:<\/strong> Esta almofada de cabeceira oferece excelente conforto gra\u00e7as ao seu design de forma triangular. A almofada do suporte da cama ajusta-se perfeitamente \u00e0s costas e \u00e0 cintura, minimizando a press\u00e3o lombar\/costas. Esta almofada de leitura em cunha pode ajud\u00e1-lo a ficar livre de tens\u00e3o na cama ou no sof\u00e1, o que \u00e9 ideal para trabalhar noct\u00edvagos, leitores \u00e1vidos e assistir TV na cama. Esta almofada extra grande \u00e9 a \u00fanica almofada de cabeceira em cunha que pode acomodar duas pessoas.<\/li>\n<li><strong>Almofada grande 3 em 1:<\/strong> Voc\u00ea pode usar o travesseiro na posi\u00e7\u00e3o vertical como travesseiro de cabeceira para sentar na cama ou coloc\u00e1-lo na cama para us\u00e1-lo como um travesseiro grande ao dormir de costas ou de lado, ou como travesseiro para elevar as pernas. Se voc\u00ea deseja uma almofada de cabeceira grande que d\u00ea suporte para voc\u00ea e seu c\u00f4njuge. \u00c9 uma excelente alternativa.<\/li>\n<li><strong>Design multifuncional:<\/strong> Algumas pessoas usam a almofada grande triangular como travesseiro de cabeceira, enquanto outras a usam como travesseiro de p\u00e1ra-choque, tamb\u00e9m pode ser um travesseiro de encosto de sof\u00e1 ou sof\u00e1-cama. \u00c9 elegante e funcional, o que o torna um excelente complemento para qualquer quarto.<\/li>\n<li><strong>Artesanato Superior:<\/strong> A fronha \u00e9 de veludo cotel\u00ea cuja composi\u00e7\u00e3o \u00e9 poli\u00e9ster 100%. nossa almofada de cabeceira \u00e9 respir\u00e1vel e confort\u00e1vel o suficiente para manter sua forma e n\u00e3o perder sua forma com o tempo. Um bolso lateral de cada lado permite que voc\u00ea coloque seu livro ou telefone.<\/li>\n<li><strong>F\u00e1cil de lavar:<\/strong> A capa da almofada de leitura \u00e9 fixada na almofada com bot\u00f5es e \u00e9 f\u00e1cil de remover com um simples z\u00edper. Isso torna sua limpeza descomplicada. Basta remover a capa e lavar rapidamente na m\u00e1quina para deixar seu travesseiro como novo.<\/li>\n<li><strong>Tamanho:<\/strong> 45cm (C45 x L20 x A50 | 0 bot\u00f5es), 60cm (C60 x L20 x A50 | 0 bot\u00f5es), 80cm (C80 x L20 x A50 | 2 bot\u00f5es), 100cm (C100 x L20 x A50 | 3 bot\u00f5es), 120cm ( C120 x L20 x A50 | 4 bot\u00f5es), 140cm (C140 x L20 x A50 | 4 bot\u00f5es), 160cm (C160 x L20 x A50 | 5 bot\u00f5es), 180cm (C180 x L20 x A50 | 6 bot\u00f5es), 200cm (C200 x W20 x H50 | 7 bot\u00f5es).<\/li>\n<\/ul>","protected":false},"featured_media":166,"comment_status":"open","ping_status":"closed","template":"","meta":[],"product_brand":[],"product_cat":[15],"product_tag":[205,204,206,218,207,209,223,199,163,68],"class_list":{"0":"post-185","1":"product","2":"type-product","3":"status-publish","4":"has-post-thumbnail","6":"product_cat-large-wedge-pillow","7":"product_tag-back-support-headboard-pillow","8":"product_tag-bed-support-cushion","9":"product_tag-bumper-pillow","10":"product_tag-corduroy-pillow","11":"product_tag-daybed-backrest-bolster-pillow","12":"product_tag-extra-large-bolster-pillow","13":"product_tag-large-bolster","14":"product_tag-large-wedge-pillow","15":"product_tag-leg-pillow","16":"product_tag-wedge-reading-pillow","18":"first","19":"instock","20":"featured","21":"shipping-taxable","22":"purchasable","23":"product-type-variable"},"_links":{"self":[{"href":"https:\/\/www.largepillow.com\/pt\/wp-json\/wp\/v2\/product\/185","targetHints":{"allow":["GET"]}}],"collection":[{"href":"https:\/\/www.largepillow.com\/pt\/wp-json\/wp\/v2\/product"}],"about":[{"href":"https:\/\/www.largepillow.com\/pt\/wp-json\/wp\/v2\/types\/product"}],"replies":[{"embeddable":true,"href":"https:\/\/www.largepillow.com\/pt\/wp-json\/wp\/v2\/comments?post=185"}],"wp:featuredmedia":[{"embeddable":true,"href":"https:\/\/www.largepillow.com\/pt\/wp-json\/wp\/v2\/media\/166"}],"wp:attachment":[{"href":"https:\/\/www.largepillow.com\/pt\/wp-json\/wp\/v2\/media?parent=185"}],"wp:term":[{"taxonomy":"product_brand","embeddable":true,"href":"https:\/\/www.largepillow.com\/pt\/wp-json\/wp\/v2\/product_brand?post=185"},{"taxonomy":"product_cat","embeddable":true,"href":"https:\/\/www.largepillow.com\/pt\/wp-json\/wp\/v2\/product_cat?post=185"},{"taxonomy":"product_tag","embeddable":true,"href":"https:\/\/www.largepillow.com\/pt\/wp-json\/wp\/v2\/product_tag?post=185"}],"curies":[{"name":"wp","href":"https:\/\/api.w.org\/{rel}","templated":true}]}}