{"id":318,"date":"2022-09-15T22:37:09","date_gmt":"2022-09-15T22:37:09","guid":{"rendered":"https:\/\/www.largepillow.com\/product\/bed-bolster-wedge"},"modified":"2025-11-05T02:15:26","modified_gmt":"2025-11-05T02:15:26","slug":"travesseiro-para-cama","status":"publish","type":"product","link":"https:\/\/www.largepillow.com\/pt\/product\/back-pillow-for-bed","title":{"rendered":"Travesseiro De Costas Para Cama"},"content":{"rendered":"<p>Almofada de Costas para Cama \u2013 o acess\u00f3rio de maior conforto para quem gosta de ler, trabalhar ou assistir TV na cama!<\/p>\n<p>Esta almofada de cabeceira tem um formato triangular \u00fanico, oferecendo excelente conforto e suporte para as costas e cintura, minimizando a press\u00e3o lombar. \u00c9 perfeito para noct\u00edvagos, leitores \u00e1vidos e qualquer pessoa que goste de relaxar na cama.<\/p>\n<p>O que torna esta almofada ainda melhor \u00e9 o seu design multifuncional. Voc\u00ea pode us\u00e1-lo como travesseiro de apoio para as costas na cabeceira enquanto est\u00e1 sentado na cama, coloc\u00e1-lo na horizontal para usar como um travesseiro grande ao dormir de costas ou de lado, ou at\u00e9 mesmo elevar as pernas com ele como travesseiro para as pernas! \u00c9 a \u00fanica almofada de cabeceira em cunha que pode acomodar duas pessoas.<\/p>\n<p>Feita com acabamento artesanal superior, a fronha tem visual de veludo cotel\u00ea e a composi\u00e7\u00e3o \u00e9 poli\u00e9ster 100%, tornando-a respir\u00e1vel e confort\u00e1vel para manter sua forma ao longo do tempo. Um bolso lateral de cada lado permite que voc\u00ea coloque seu livro ou telefone dentro.<\/p>\n<p>A limpeza \u00e9 simples, pois a capa da almofada de leitura \u00e9 fixada no travesseiro com bot\u00f5es, facilitando a remo\u00e7\u00e3o com um simples z\u00edper. Basta remover a capa e lavar rapidamente na m\u00e1quina para deixar seu travesseiro como novo.<\/p>\n<p>Para acomodar diferentes tamanhos de cama, esta almofada vem em v\u00e1rios tamanhos \u2013 45cm, 60cm, 80cm, 100cm, 120cm, 140cm, 160cm, 180cm e 200cm.<\/p>\n<p>N\u00e3o acredite apenas na nossa palavra, aqui est\u00e3o alguns coment\u00e1rios de clientes satisfeitos:<\/p>\n<p>\u201cComprei o roxo e \u00e9 lindo! O material \u00e9 macio e confort\u00e1vel e tem o tamanho perfeito para minha cama queen size. Eu uso todas as noites para ler antes de dormir, obrigado!\u201d<\/p>\n<p>\u201cA almofada traseira \u00e9 de excelente qualidade. Comprei para meu marido e para mim e cabe perfeitamente em n\u00f3s dois. N\u00e3o \u00e9 muito duro nem muito macio e o material \u00e9 muito bom. Eu recomendo fortemente este produto!\u201d<\/p>\n<p>\u201cEste produto superou minhas expectativas! \u00c9 muito confort\u00e1vel e \u00fatil para fornecer suporte \u00e0s costas e \u00e0s pernas. A fronha de veludo cotel\u00ea tamb\u00e9m adiciona um toque de estilo \u00e0 minha cama!<\/p>\n<p>Concluindo, a Almofada de Costas Para Cama \u00e9 um acess\u00f3rio vers\u00e1til e confort\u00e1vel que voc\u00ea n\u00e3o vai querer perder. Ent\u00e3o, por que esperar? Encomende o seu hoje e desfrute do m\u00e1ximo conforto!<\/p>","protected":false},"excerpt":{"rendered":"<ul>\n<li><strong>Conforto final:<\/strong> Esta almofada de cabeceira oferece excelente conforto gra\u00e7as ao seu design de forma triangular. A almofada do suporte da cama ajusta-se perfeitamente \u00e0s costas e \u00e0 cintura, minimizando a press\u00e3o lombar\/costas. Esta almofada de leitura em cunha pode ajud\u00e1-lo a ficar livre de tens\u00e3o na cama ou no sof\u00e1, o que \u00e9 ideal para trabalhar noct\u00edvagos, leitores \u00e1vidos e assistir TV na cama. Esta almofada extra grande \u00e9 a \u00fanica almofada de cabeceira em cunha que pode acomodar duas pessoas.<\/li>\n<li><strong>Almofada grande 3 em 1:<\/strong> Voc\u00ea pode usar o travesseiro na posi\u00e7\u00e3o vertical como travesseiro de cabeceira para sentar na cama ou coloc\u00e1-lo na cama para us\u00e1-lo como um travesseiro grande ao dormir de costas ou de lado, ou como travesseiro para elevar as pernas. Se voc\u00ea deseja uma almofada de cabeceira grande que d\u00ea suporte para voc\u00ea e seu c\u00f4njuge. \u00c9 uma excelente alternativa.<\/li>\n<li><strong>Design multifuncional:<\/strong> Algumas pessoas usam a almofada grande triangular como travesseiro de cabeceira, enquanto outras a usam como travesseiro de p\u00e1ra-choque, tamb\u00e9m pode ser um travesseiro de encosto de sof\u00e1 ou sof\u00e1-cama. \u00c9 elegante e funcional, o que o torna um excelente complemento para qualquer quarto.<\/li>\n<li><strong>Artesanato Superior:<\/strong> A fronha \u00e9 de veludo cotel\u00ea cuja composi\u00e7\u00e3o \u00e9 poli\u00e9ster 100%. nossa almofada de cabeceira \u00e9 respir\u00e1vel e confort\u00e1vel o suficiente para manter sua forma e n\u00e3o perder sua forma com o tempo. Um bolso lateral de cada lado permite que voc\u00ea coloque seu livro ou telefone.<\/li>\n<li><strong>F\u00e1cil de lavar:<\/strong> A capa da almofada de leitura \u00e9 fixada na almofada com bot\u00f5es e \u00e9 f\u00e1cil de remover com um simples z\u00edper. Isso torna sua limpeza descomplicada. Basta remover a capa e lavar rapidamente na m\u00e1quina para deixar seu travesseiro como novo.<\/li>\n<li><strong>Tamanho:<\/strong> 45cm (C45 x L20 x A50 | 0 bot\u00f5es), 60cm (C60 x L20 x A50 | 0 bot\u00f5es), 80cm (C80 x L20 x A50 | 2 bot\u00f5es), 100cm (C100 x L20 x A50 | 3 bot\u00f5es), 120cm ( C120 x L20 x A50 | 4 bot\u00f5es), 140cm (C140 x L20 x A50 | 4 bot\u00f5es), 160cm (C160 x L20 x A50 | 5 bot\u00f5es), 180cm (C180 x L20 x A50 | 6 bot\u00f5es), 200cm (C200 x W20 x H50 | 7 bot\u00f5es).<\/li>\n<\/ul>","protected":false},"featured_media":300,"comment_status":"open","ping_status":"closed","template":"","meta":[],"product_brand":[],"product_cat":[15],"product_tag":[219,205,204,222,206,218,221,217,209,168,132,199,163,112,190,220,68],"class_list":{"0":"post-318","1":"product","2":"type-product","3":"status-publish","4":"has-post-thumbnail","6":"product_cat-large-wedge-pillow","7":"product_tag-back-pillow-for-bed","8":"product_tag-back-support-headboard-pillow","9":"product_tag-bed-support-cushion","10":"product_tag-breathable-pillow","11":"product_tag-bumper-pillow","12":"product_tag-corduroy-pillow","13":"product_tag-couch-backrest","14":"product_tag-daybed-backrest","15":"product_tag-extra-large-bolster-pillow","16":"product_tag-headboard-pillow","17":"product_tag-large-bolster-pillow","18":"product_tag-large-wedge-pillow","19":"product_tag-leg-pillow","20":"product_tag-lumbar-support-pillow","21":"product_tag-purple-pillow","22":"product_tag-wedge-headboard-pillow","23":"product_tag-wedge-reading-pillow","25":"first","26":"instock","27":"featured","28":"shipping-taxable","29":"purchasable","30":"product-type-variable"},"_links":{"self":[{"href":"https:\/\/www.largepillow.com\/pt\/wp-json\/wp\/v2\/product\/318","targetHints":{"allow":["GET"]}}],"collection":[{"href":"https:\/\/www.largepillow.com\/pt\/wp-json\/wp\/v2\/product"}],"about":[{"href":"https:\/\/www.largepillow.com\/pt\/wp-json\/wp\/v2\/types\/product"}],"replies":[{"embeddable":true,"href":"https:\/\/www.largepillow.com\/pt\/wp-json\/wp\/v2\/comments?post=318"}],"wp:featuredmedia":[{"embeddable":true,"href":"https:\/\/www.largepillow.com\/pt\/wp-json\/wp\/v2\/media\/300"}],"wp:attachment":[{"href":"https:\/\/www.largepillow.com\/pt\/wp-json\/wp\/v2\/media?parent=318"}],"wp:term":[{"taxonomy":"product_brand","embeddable":true,"href":"https:\/\/www.largepillow.com\/pt\/wp-json\/wp\/v2\/product_brand?post=318"},{"taxonomy":"product_cat","embeddable":true,"href":"https:\/\/www.largepillow.com\/pt\/wp-json\/wp\/v2\/product_cat?post=318"},{"taxonomy":"product_tag","embeddable":true,"href":"https:\/\/www.largepillow.com\/pt\/wp-json\/wp\/v2\/product_tag?post=318"}],"curies":[{"name":"wp","href":"https:\/\/api.w.org\/{rel}","templated":true}]}}