{"id":3295,"date":"2024-07-22T14:31:24","date_gmt":"2024-07-22T14:31:24","guid":{"rendered":"https:\/\/www.largepillow.com\/product\/2-in-1-memory-foam-dog-human-bed-foldable-washable"},"modified":"2024-11-24T18:36:48","modified_gmt":"2024-11-24T18:36:48","slug":"cama-humana-para-cachorro-com-espuma-viscoelastica-2-em-1-dobravel-e-lavavel","status":"publish","type":"product","link":"https:\/\/www.largepillow.com\/pt\/product\/2-in-1-memory-foam-dog-human-bed-foldable-washable\/","title":{"rendered":"Cama de espuma viscoel\u00e1stica 2 em 1 para c\u00e3es e humanos \u2013 dobr\u00e1vel e lav\u00e1vel"},"content":{"rendered":"[zc_getpagecontent mb=&#8221;mb_aplus&#8221; apid=&#8221;76&#8243;]\n","protected":false},"excerpt":{"rendered":"<ul>\n<li><strong>Resfriamento e respir\u00e1vel:<\/strong> Superf\u00edcie da nossa cama para c\u00e3es feita com Cooling Fiber Classe A PE, que ir\u00e1 efetivamente reduzir a temperatura para manter a temperatura da pele em um estado confort\u00e1vel. Mantenha a refrigera\u00e7\u00e3o para animais de estima\u00e7\u00e3o, crian\u00e7as e adultos no ver\u00e3o; Enquanto isso, o exclusivo trabalho artesanal t\u00eaxtil proporciona uma apar\u00eancia 3D \u00fanica em relevo, melhorando a permeabilidade ao ar e oferecendo \u00e0 pele amplo espa\u00e7o para respirar.<\/li>\n<li><strong>Projeto 2 em 1:<\/strong> Esta cama para animais de estima\u00e7\u00e3o humanos de dupla finalidade foi projetada para o conforto de humanos e caninos, convertendo-se facilmente de uma cama de ch\u00e3o em um sof\u00e1 pregui\u00e7oso que economiza espa\u00e7o. Oferece um retiro fresco e confort\u00e1vel para descanso e relaxamento durante o calor do ver\u00e3o, enquanto seu design dobr\u00e1vel conserva eficientemente o espa\u00e7o do seu quarto.<\/li>\n<li><strong>Cama ortop\u00e9dica para c\u00e3es:<\/strong> Melhore o descanso do seu animal de estima\u00e7\u00e3o com nosso sof\u00e1 ortop\u00e9dico para c\u00e3es, feito para oferecer o m\u00e1ximo conforto e suporte. A espuma viscoel\u00e1stica de alta densidade distribui uniformemente o peso do seu animal de estima\u00e7\u00e3o, oferecendo \u00f3timo al\u00edvio de press\u00e3o e amortecimento das articula\u00e7\u00f5es para um sono reparador e rejuvenescedor.<\/li>\n<li><strong>Conforto maximizado:<\/strong> Nosso sof\u00e1 para c\u00e3es apresenta um design de refor\u00e7o de 3 lados que garante uma sensa\u00e7\u00e3o confort\u00e1vel e segura, proporcionando uma infinidade de posi\u00e7\u00f5es confort\u00e1veis para seu animal de estima\u00e7\u00e3o se acomodar. As almofadas bem preenchidas de algod\u00e3o PP embalam a cabe\u00e7a e o pesco\u00e7o do seu animal de estima\u00e7\u00e3o, promovendo um sono mais repousante. Al\u00e9m disso, a entrada rebaixada facilita o acesso e protege as articula\u00e7\u00f5es do seu animal de estima\u00e7\u00e3o, tornando-o ideal para animais de todas as idades e n\u00edveis de mobilidade.<\/li>\n<li><strong>Design de f\u00e1cil cuidado:<\/strong>\u00a0Nossas capas de cama para c\u00e3es s\u00e3o convenientemente remov\u00edveis e lav\u00e1veis na m\u00e1quina \u2013 ideais para animais de estima\u00e7\u00e3o que adoram rolar na terra e espirrar na lama. Basta abrir o z\u00edper e jogar as capas na m\u00e1quina de lavar em ciclo frio com detergente neutro. Lembre-se, EVITE USAR SECADOR; em vez disso, deixe as capas secarem naturalmente para manter sua qualidade e conforto.<\/li>\n<\/ul>","protected":false},"featured_media":3278,"comment_status":"open","ping_status":"closed","template":"","meta":[],"product_brand":[],"product_cat":[227],"product_tag":[],"class_list":{"0":"post-3295","1":"product","2":"type-product","3":"status-publish","4":"has-post-thumbnail","6":"product_cat-pet-supplies","8":"first","9":"outofstock","10":"featured","11":"shipping-taxable","12":"purchasable","13":"product-type-simple"},"_links":{"self":[{"href":"https:\/\/www.largepillow.com\/pt\/wp-json\/wp\/v2\/product\/3295","targetHints":{"allow":["GET"]}}],"collection":[{"href":"https:\/\/www.largepillow.com\/pt\/wp-json\/wp\/v2\/product"}],"about":[{"href":"https:\/\/www.largepillow.com\/pt\/wp-json\/wp\/v2\/types\/product"}],"replies":[{"embeddable":true,"href":"https:\/\/www.largepillow.com\/pt\/wp-json\/wp\/v2\/comments?post=3295"}],"wp:featuredmedia":[{"embeddable":true,"href":"https:\/\/www.largepillow.com\/pt\/wp-json\/wp\/v2\/media\/3278"}],"wp:attachment":[{"href":"https:\/\/www.largepillow.com\/pt\/wp-json\/wp\/v2\/media?parent=3295"}],"wp:term":[{"taxonomy":"product_brand","embeddable":true,"href":"https:\/\/www.largepillow.com\/pt\/wp-json\/wp\/v2\/product_brand?post=3295"},{"taxonomy":"product_cat","embeddable":true,"href":"https:\/\/www.largepillow.com\/pt\/wp-json\/wp\/v2\/product_cat?post=3295"},{"taxonomy":"product_tag","embeddable":true,"href":"https:\/\/www.largepillow.com\/pt\/wp-json\/wp\/v2\/product_tag?post=3295"}],"curies":[{"name":"wp","href":"https:\/\/api.w.org\/{rel}","templated":true}]}}