{"id":3314,"date":"2024-07-23T00:29:50","date_gmt":"2024-07-23T00:29:50","guid":{"rendered":"https:\/\/www.largepillow.com\/product\/bed-wedge-pillow-set-for-surgery-recovery-neck-and-back-support"},"modified":"2024-12-22T22:37:56","modified_gmt":"2024-12-22T22:37:56","slug":"conjunto-de-travesseiros-de-cunha-para-recuperacao-de-cirurgia-suporte-para-pescoco-e-costas","status":"publish","type":"product","link":"https:\/\/www.largepillow.com\/pt\/product\/bed-wedge-pillow-set-for-surgery-recovery-neck-and-back-support","title":{"rendered":"Conjunto de travesseiros de cunha para recupera\u00e7\u00e3o cir\u00fargica, suporte para pesco\u00e7o e costas"},"content":{"rendered":"","protected":false},"excerpt":{"rendered":"<ul>\n<li><strong>Conforto personaliz\u00e1vel:<\/strong> Nossa almofada em cunha ajust\u00e1vel \u00e9 composta por duas partes conectadas por uma superf\u00edcie curva, permitindo ajustar facilmente o \u00e2ngulo de inclina\u00e7\u00e3o para o n\u00edvel de conforto desejado. Diga adeus \u00e0s limita\u00e7\u00f5es dos \u00e2ngulos fixos de 30 e 60 graus e personalize o \u00e2ngulo de acordo com sua altura e necessidades.<\/li>\n<li><strong>Conforto completo:<\/strong> Nosso conjunto de travesseiro de pesco\u00e7o e travesseiro de cunha oferece suporte e conforto completos para seu pesco\u00e7o e costas. A almofada em cunha adapta-se \u00e0s curvas do seu corpo, enquanto a almofada para o pesco\u00e7o proporciona um apoio direcionado. As laterais da almofada em cunha apresentam velcro em duas alturas diferentes para facilitar o ajuste do encosto de cabe\u00e7a.<\/li>\n<li><strong>Apoio de bra\u00e7o e travesseiro de perna:<\/strong> Apoiando-se em nossa almofada de cunha, descanse os bra\u00e7os nas almofadas do apoio de bra\u00e7os em ambos os lados e deixe-os pendurados naturalmente contra o arco dos apoios de bra\u00e7os, como se fosse uma cadeira-cama sentada na cama. Os 2 apoios de bra\u00e7os tamb\u00e9m podem ser ligados por velcro para criar uma almofada de pernas para apoio elevado das pernas.<\/li>\n<li><strong>Almofada de cunha multifuncional:<\/strong> Seu design combin\u00e1vel permite cerca de 12 formas de uso. Use-o como um \u00e2ngulo alto para apoiar as costas enquanto l\u00ea ou trabalha, ou escolha uma inclina\u00e7\u00e3o gradual para dormir para aliviar o ronco, o desconforto p\u00f3s-cir\u00fargico e o refluxo \u00e1cido.<\/li>\n<\/ul>","protected":false},"featured_media":3299,"comment_status":"open","ping_status":"closed","template":"","meta":[],"product_brand":[],"product_cat":[228],"product_tag":[],"class_list":{"0":"post-3314","1":"product","2":"type-product","3":"status-publish","4":"has-post-thumbnail","6":"product_cat-cushions","8":"first","9":"outofstock","10":"featured","11":"shipping-taxable","12":"purchasable","13":"product-type-simple"},"_links":{"self":[{"href":"https:\/\/www.largepillow.com\/pt\/wp-json\/wp\/v2\/product\/3314","targetHints":{"allow":["GET"]}}],"collection":[{"href":"https:\/\/www.largepillow.com\/pt\/wp-json\/wp\/v2\/product"}],"about":[{"href":"https:\/\/www.largepillow.com\/pt\/wp-json\/wp\/v2\/types\/product"}],"replies":[{"embeddable":true,"href":"https:\/\/www.largepillow.com\/pt\/wp-json\/wp\/v2\/comments?post=3314"}],"wp:featuredmedia":[{"embeddable":true,"href":"https:\/\/www.largepillow.com\/pt\/wp-json\/wp\/v2\/media\/3299"}],"wp:attachment":[{"href":"https:\/\/www.largepillow.com\/pt\/wp-json\/wp\/v2\/media?parent=3314"}],"wp:term":[{"taxonomy":"product_brand","embeddable":true,"href":"https:\/\/www.largepillow.com\/pt\/wp-json\/wp\/v2\/product_brand?post=3314"},{"taxonomy":"product_cat","embeddable":true,"href":"https:\/\/www.largepillow.com\/pt\/wp-json\/wp\/v2\/product_cat?post=3314"},{"taxonomy":"product_tag","embeddable":true,"href":"https:\/\/www.largepillow.com\/pt\/wp-json\/wp\/v2\/product_tag?post=3314"}],"curies":[{"name":"wp","href":"https:\/\/api.w.org\/{rel}","templated":true}]}}