{"id":3330,"date":"2024-07-23T00:38:46","date_gmt":"2024-07-23T00:38:46","guid":{"rendered":"https:\/\/www.largepillow.com\/product\/folding-floor-sofa-bed-with-filling-sleeper-guest-couch"},"modified":"2024-10-03T16:31:25","modified_gmt":"2024-10-03T16:31:25","slug":"sofa-cama-dobravel-com-enchimento-de-sofa-cama-para-convidados","status":"publish","type":"product","link":"https:\/\/www.largepillow.com\/pt\/product\/folding-floor-sofa-bed-with-filling-sleeper-guest-couch\/","title":{"rendered":"Sof\u00e1-cama dobr\u00e1vel com enchimento, sof\u00e1-cama para h\u00f3spedes"},"content":{"rendered":"<p>Eleve o seu jogo de relaxamento com a nossa cama Bean Bag para adultos. Projetada para proporcionar a melhor experi\u00eancia de conforto, esta cadeira convers\u00edvel pode ser dobrada de uma cadeira para uma cama sem esfor\u00e7o. A almofada foi convenientemente dobrada na parte inferior, permitindo-lhe alternar facilmente entre sentar e dormir, tornando-a ideal para acomodar convidados inesperados ou maximizar o espa\u00e7o na sua casa.<\/p>\n<p>Feita com materiais de alta qualidade, nossa fronha \u00e9 confeccionada em poli\u00e9ster 100% com uma textura entrela\u00e7ada e pontos requintados que s\u00e3o resistentes em toda a volta. O acolchoamento \u00e9 feito de fibras de poli\u00e9ster de alta densidade e alta qualidade que evitam flacidez mesmo ap\u00f3s meses de uso. A capa remov\u00edvel \u00e9 macia ao toque, lav\u00e1vel na m\u00e1quina e resistente \u00e0 \u00e1gua, manchas e descolora\u00e7\u00e3o para f\u00e1cil manuten\u00e7\u00e3o.<\/p>\n<p>Nossa Cama Bean Bag \u00e9 perfeita para quem gosta de relaxar e descansar em casa, principalmente jovens e fam\u00edlias. Quer esteja na sala de estar, no quarto, no escrit\u00f3rio, na sala, no terra\u00e7o ou no jardim, a nossa cama Bean Bag \u00e9 o complemento perfeito para a sua casa. As almofadas macias e a constru\u00e7\u00e3o robusta far\u00e3o voc\u00ea se sentir como se estivesse sentado em uma nuvem.<\/p>\n<p>Ent\u00e3o, por que esperar? Transforme sua sala em um ref\u00fagio aconchegante e confort\u00e1vel com nossa cama Bean Bag. Diga adeus aos assentos desconfort\u00e1veis e ol\u00e1 ao m\u00e1ximo relaxamento. Compre agora e desfrute da melhor experi\u00eancia de conforto.<\/p>","protected":false},"excerpt":{"rendered":"<ul>\n<li><strong>Experimente o conforto semelhante ao da nuvem<\/strong>: N\u00e3o procure mais, nosso sof\u00e1-cama pregui\u00e7oso! Projetado pensando no seu conforto, este sof\u00e1 de ch\u00e3o \u00e9 perfeito para relaxar, ler, assistir TV e muito mais. Com seu design confort\u00e1vel e constru\u00e7\u00e3o robusta, voc\u00ea se sentir\u00e1 sentado em uma nuvem.<\/li>\n<li><strong>Do sof\u00e1 para a cama facilmente<\/strong>: Transformar este m\u00f3vel em um sof\u00e1-cama confort\u00e1vel \u00e9 muito f\u00e1cil \u2013 basta puxar a almofada dobr\u00e1vel do assento na parte inferior! Este design inovador permite alternar facilmente entre assentos e dormit\u00f3rios, tornando-o ideal para acomodar convidados inesperados ou maximizar o espa\u00e7o em sua casa.<\/li>\n<li><strong>Materiais de alta qualidade<\/strong>: Nossa fronha \u00e9 feita de poli\u00e9ster 100% com uma textura entrela\u00e7ada e pontos requintados que s\u00e3o resistentes por toda parte. O acolchoamento \u00e9 feito de fibras de poli\u00e9ster de alta densidade e alta qualidade que evitam flacidez mesmo ap\u00f3s meses de uso.<\/li>\n<li><strong>F\u00e1cil de lavar<\/strong>: A capa remov\u00edvel \u00e9 macia ao toque, lav\u00e1vel na m\u00e1quina e resistente \u00e0 \u00e1gua, manchas e descolora\u00e7\u00e3o para f\u00e1cil manuten\u00e7\u00e3o.<\/li>\n<li><strong>Adequado para m\u00faltiplas ocasi\u00f5es<\/strong>: Nosso sof\u00e1-cama de ch\u00e3o \u00e9 perfeito para quem gosta de relaxar e descansar em casa, principalmente jovens e fam\u00edlias. S\u00e3o muito adequados para serem colocados em salas de estar, quartos, escrit\u00f3rios, sal\u00f5es e outros locais, podendo tamb\u00e9m ser colocados no exterior em terra\u00e7os ou jardins.<\/li>\n<\/ul>","protected":false},"featured_media":3566,"comment_status":"open","ping_status":"closed","template":"","meta":[],"product_brand":[],"product_cat":[228],"product_tag":[],"class_list":{"0":"post-3330","1":"product","2":"type-product","3":"status-publish","4":"has-post-thumbnail","6":"product_cat-cushions","8":"first","9":"instock","10":"shipping-taxable","11":"purchasable","12":"product-type-simple"},"_links":{"self":[{"href":"https:\/\/www.largepillow.com\/pt\/wp-json\/wp\/v2\/product\/3330","targetHints":{"allow":["GET"]}}],"collection":[{"href":"https:\/\/www.largepillow.com\/pt\/wp-json\/wp\/v2\/product"}],"about":[{"href":"https:\/\/www.largepillow.com\/pt\/wp-json\/wp\/v2\/types\/product"}],"replies":[{"embeddable":true,"href":"https:\/\/www.largepillow.com\/pt\/wp-json\/wp\/v2\/comments?post=3330"}],"wp:featuredmedia":[{"embeddable":true,"href":"https:\/\/www.largepillow.com\/pt\/wp-json\/wp\/v2\/media\/3566"}],"wp:attachment":[{"href":"https:\/\/www.largepillow.com\/pt\/wp-json\/wp\/v2\/media?parent=3330"}],"wp:term":[{"taxonomy":"product_brand","embeddable":true,"href":"https:\/\/www.largepillow.com\/pt\/wp-json\/wp\/v2\/product_brand?post=3330"},{"taxonomy":"product_cat","embeddable":true,"href":"https:\/\/www.largepillow.com\/pt\/wp-json\/wp\/v2\/product_cat?post=3330"},{"taxonomy":"product_tag","embeddable":true,"href":"https:\/\/www.largepillow.com\/pt\/wp-json\/wp\/v2\/product_tag?post=3330"}],"curies":[{"name":"wp","href":"https:\/\/api.w.org\/{rel}","templated":true}]}}