{"id":3404,"date":"2024-07-23T02:34:39","date_gmt":"2024-07-23T02:34:39","guid":{"rendered":"https:\/\/www.largepillow.com\/product\/fireside-bean-bag-chairs-comfy-single-couch-for-reading"},"modified":"2024-10-03T16:31:25","modified_gmt":"2024-10-03T16:31:25","slug":"pufes-ao-lado-da-lareira-sofa-individual-confortavel-para-leitura","status":"publish","type":"product","link":"https:\/\/www.largepillow.com\/pt\/product\/fireside-bean-bag-chairs-comfy-single-couch-for-reading","title":{"rendered":"Cadeiras Fireside Bean Bag: sof\u00e1 \u00fanico confort\u00e1vel para leitura"},"content":{"rendered":"[zc_getpagecontent mb=&#8221;mb_aplus&#8221; apid=&#8221;56&#8243;]\n","protected":false},"excerpt":{"rendered":"<ul>\n<li><strong>Assento espa\u00e7oso:<\/strong> 63cm(Altura) x 86cm(Comprimento) x 72cm(Largura), 6kg. O pufe individual \u00e9 espa\u00e7oso e adequado para qualquer tipo de corpo. Encosto ergon\u00f4mico. Mant\u00e9m a sua forma mesmo ap\u00f3s longas horas de uso.<\/li>\n<li><strong>Tecido dur\u00e1vel:<\/strong> Nosso pufe apresenta tecido Oxford imperme\u00e1vel e resistente ao desgaste que \u00e9 f\u00e1cil de limpar. O tecido de base preto antiderrapante proporciona uma ader\u00eancia segura.<\/li>\n<li><strong>Suporte de espuma:<\/strong> Preenchido com espuma de alta densidade de uma s\u00f3 pe\u00e7a, nosso pufe oferece assento macio e apoio firme para as costas e pernas. O design ergon\u00f4mico garante conforto e evita dores nas costas.<\/li>\n<li><strong>Design criativo:<\/strong>\u00a0O corte 3D proporciona espa\u00e7o de armazenamento extra e ajuda a cadeira a manter a sua forma mesmo ap\u00f3s uso prolongado.<\/li>\n<li><strong>Cuidados com o produto:<\/strong>\u00a0Limpe com um pano \u00famido, evite luz solar direta e produtos qu\u00edmicos agressivos. Deixe o sof\u00e1 do pufe respirar por 2 horas ap\u00f3s desembal\u00e1-lo para obter elasticidade ideal.<\/li>\n<\/ul>","protected":false},"featured_media":3565,"comment_status":"open","ping_status":"closed","template":"","meta":[],"product_brand":[],"product_cat":[228],"product_tag":[],"class_list":{"0":"post-3404","1":"product","2":"type-product","3":"status-publish","4":"has-post-thumbnail","6":"product_cat-cushions","8":"first","9":"outofstock","10":"shipping-taxable","11":"purchasable","12":"product-type-simple"},"_links":{"self":[{"href":"https:\/\/www.largepillow.com\/pt\/wp-json\/wp\/v2\/product\/3404","targetHints":{"allow":["GET"]}}],"collection":[{"href":"https:\/\/www.largepillow.com\/pt\/wp-json\/wp\/v2\/product"}],"about":[{"href":"https:\/\/www.largepillow.com\/pt\/wp-json\/wp\/v2\/types\/product"}],"replies":[{"embeddable":true,"href":"https:\/\/www.largepillow.com\/pt\/wp-json\/wp\/v2\/comments?post=3404"}],"wp:featuredmedia":[{"embeddable":true,"href":"https:\/\/www.largepillow.com\/pt\/wp-json\/wp\/v2\/media\/3565"}],"wp:attachment":[{"href":"https:\/\/www.largepillow.com\/pt\/wp-json\/wp\/v2\/media?parent=3404"}],"wp:term":[{"taxonomy":"product_brand","embeddable":true,"href":"https:\/\/www.largepillow.com\/pt\/wp-json\/wp\/v2\/product_brand?post=3404"},{"taxonomy":"product_cat","embeddable":true,"href":"https:\/\/www.largepillow.com\/pt\/wp-json\/wp\/v2\/product_cat?post=3404"},{"taxonomy":"product_tag","embeddable":true,"href":"https:\/\/www.largepillow.com\/pt\/wp-json\/wp\/v2\/product_tag?post=3404"}],"curies":[{"name":"wp","href":"https:\/\/api.w.org\/{rel}","templated":true}]}}