{"id":3481,"date":"2024-07-25T03:14:13","date_gmt":"2024-07-25T03:14:13","guid":{"rendered":"https:\/\/www.largepillow.com\/product\/oversized-floor-recliner-mat-for-gaming-reading-resting"},"modified":"2024-10-03T16:31:25","modified_gmt":"2024-10-03T16:31:25","slug":"tapete-reclinavel-de-grandes-dimensoes-para-descanso-de-leitura-de-jogos","status":"publish","type":"product","link":"https:\/\/www.largepillow.com\/pt\/product\/oversized-floor-recliner-mat-for-gaming-reading-resting","title":{"rendered":"Tapete reclin\u00e1vel de grandes dimens\u00f5es para jogos, leitura e descanso"},"content":{"rendered":"[zc_getpagecontent mb=&#8221;mb_aplus&#8221; apid=&#8221;77&#8243;]\n","protected":false},"excerpt":{"rendered":"<ul>\n<li><strong>CONFORTO M\u00c1XIMO:<\/strong> Desfrute de um conforto incompar\u00e1vel com o Muffin Grand Sofa. Apresentando uma sobreposi\u00e7\u00e3o de pele de coelho e acolchoamento de espuma de alta resili\u00eancia, este sof\u00e1 garante o m\u00e1ximo conforto, quer voc\u00ea esteja sentado para ler um livro, assistir TV ou simplesmente relaxar ap\u00f3s um dia agitado.<\/li>\n<li><strong>ARTESANATO PREMIUM:<\/strong> Este sof\u00e1 secional apresenta sobreposi\u00e7\u00e3o de pele de coelho e estofamento de espuma de alta resili\u00eancia, combinando praticidade e conforto para uma experi\u00eancia luxuosa e dur\u00e1vel. F\u00e1cil de desmontar e montar, garante eleg\u00e2ncia duradoura em qualquer ambiente.<\/li>\n<li><strong>SUPORTE EST\u00c1VEL:<\/strong> Desfrute de um relaxamento tranquilo com o nosso sof\u00e1 de ch\u00e3o. A espuma de alta densidade proporciona excelente suporte e amortecimento que abra\u00e7a as curvas do corpo e alivia os pontos de press\u00e3o. A estabilidade do sof\u00e1 rebat\u00edvel garante seguran\u00e7a e confiabilidade, permitindo-lhe desfrutar de conforto e durabilidade duradouros.<\/li>\n<li><strong>DESIGN \u00daNICO E F\u00c1CIL DE LIMPAR:<\/strong> Este sof\u00e1 n\u00e3o \u00e9 apenas confort\u00e1vel, mas tamb\u00e9m f\u00e1cil de manter limpo. O design com z\u00edper invis\u00edvel \u00e9 f\u00e1cil de remover e limpar, mantendo o sof\u00e1 arrumado. Deixe voc\u00ea aproveitar seu tempo de lazer confortavelmente.<\/li>\n<li><strong>TAMANHO IDEAL PARA CONFORTO:<\/strong> Nosso sof\u00e1 dobr\u00e1vel mede 110 x 39 polegadas, que \u00e9 o tamanho ideal para uma poltrona reclin\u00e1vel e \u00e9 f\u00e1cil de guardar e economizar espa\u00e7o.<\/li>\n<\/ul>","protected":false},"featured_media":3465,"comment_status":"open","ping_status":"closed","template":"","meta":[],"product_brand":[],"product_cat":[228],"product_tag":[],"class_list":{"0":"post-3481","1":"product","2":"type-product","3":"status-publish","4":"has-post-thumbnail","6":"product_cat-cushions","8":"first","9":"instock","10":"shipping-taxable","11":"purchasable","12":"product-type-simple"},"_links":{"self":[{"href":"https:\/\/www.largepillow.com\/pt\/wp-json\/wp\/v2\/product\/3481","targetHints":{"allow":["GET"]}}],"collection":[{"href":"https:\/\/www.largepillow.com\/pt\/wp-json\/wp\/v2\/product"}],"about":[{"href":"https:\/\/www.largepillow.com\/pt\/wp-json\/wp\/v2\/types\/product"}],"replies":[{"embeddable":true,"href":"https:\/\/www.largepillow.com\/pt\/wp-json\/wp\/v2\/comments?post=3481"}],"wp:featuredmedia":[{"embeddable":true,"href":"https:\/\/www.largepillow.com\/pt\/wp-json\/wp\/v2\/media\/3465"}],"wp:attachment":[{"href":"https:\/\/www.largepillow.com\/pt\/wp-json\/wp\/v2\/media?parent=3481"}],"wp:term":[{"taxonomy":"product_brand","embeddable":true,"href":"https:\/\/www.largepillow.com\/pt\/wp-json\/wp\/v2\/product_brand?post=3481"},{"taxonomy":"product_cat","embeddable":true,"href":"https:\/\/www.largepillow.com\/pt\/wp-json\/wp\/v2\/product_cat?post=3481"},{"taxonomy":"product_tag","embeddable":true,"href":"https:\/\/www.largepillow.com\/pt\/wp-json\/wp\/v2\/product_tag?post=3481"}],"curies":[{"name":"wp","href":"https:\/\/api.w.org\/{rel}","templated":true}]}}