{"id":3526,"date":"2024-07-25T04:00:36","date_gmt":"2024-07-25T04:00:36","guid":{"rendered":"https:\/\/www.largepillow.com\/product\/plush-bean-bag-armchair-for-adults-teens-and-kids-sofa"},"modified":"2024-10-03T16:31:25","modified_gmt":"2024-10-03T16:31:25","slug":"poltrona-de-pelucia-pufe-para-adultos-adolescentes-e-criancas-sofa","status":"publish","type":"product","link":"https:\/\/www.largepillow.com\/pt\/product\/plush-bean-bag-armchair-for-adults-teens-and-kids-sofa\/","title":{"rendered":"Poltrona de saco de feij\u00e3o de pel\u00facia para adultos, adolescentes e sof\u00e1 infantil"},"content":{"rendered":"[zc_getpagecontent mb=&#8221;mb_aplus&#8221; apid=&#8221;71&#8243;]\n","protected":false},"excerpt":{"rendered":"<ul>\n<li>CONFORTO M\u00c1XIMO: Desfrute de conforto incompar\u00e1vel com o Sof\u00e1 Sitting Bear. Feito com uma capa de l\u00e3 sint\u00e9tica e estofamento de espuma de alta resili\u00eancia, este sof\u00e1 combinado garante o m\u00e1ximo conforto, seja para jogar, assistir TV, estudar ou apenas relaxar ap\u00f3s um dia agitado.<\/li>\n<li>ARTESANATO DE ALTA QUALIDADE: Feito com uma capa de l\u00e3 sint\u00e9tica e estofamento de espuma de alta resili\u00eancia, este sof\u00e1 combinado combina praticidade e conforto para uma experi\u00eancia luxuosa e dur\u00e1vel. Facilmente desmont\u00e1vel e montado para garantir eleg\u00e2ncia duradoura em qualquer ambiente.<\/li>\n<li>SUPORTE EST\u00c1VEL: Desfrute de relaxamento tranquilo com nosso sof\u00e1 de ch\u00e3o. A espuma de alta densidade fornece excelente suporte e amortecimento que abra\u00e7a as curvas do corpo e alivia os pontos de press\u00e3o. A estabilidade do sof\u00e1 drop-in garante seguran\u00e7a e confiabilidade, permitindo que voc\u00ea desfrute de conforto e durabilidade duradouros.<\/li>\n<li>DESIGN \u00daNICO E F\u00c1CIL DE LIMPAR: Este sof\u00e1 n\u00e3o \u00e9 apenas confort\u00e1vel, mas tamb\u00e9m f\u00e1cil de manter limpo. O design do z\u00edper invis\u00edvel \u00e9 f\u00e1cil de remover e limpar, mantendo o sof\u00e1 arrumado. Deixe voc\u00ea aproveitar seu tempo de lazer confortavelmente.<\/li>\n<li>TAMANHO IDEAL PARA CONFORTO: Nosso sof\u00e1 dobr\u00e1vel mede 115,5*72*61 cm, que \u00e9 o tamanho ideal para uma poltrona reclin\u00e1vel e \u00e9 f\u00e1cil de guardar e economizar espa\u00e7o.<\/li>\n<\/ul>","protected":false},"featured_media":3517,"comment_status":"open","ping_status":"closed","template":"","meta":[],"product_brand":[],"product_cat":[228],"product_tag":[],"class_list":{"0":"post-3526","1":"product","2":"type-product","3":"status-publish","4":"has-post-thumbnail","6":"product_cat-cushions","8":"first","9":"outofstock","10":"shipping-taxable","11":"purchasable","12":"product-type-simple"},"_links":{"self":[{"href":"https:\/\/www.largepillow.com\/pt\/wp-json\/wp\/v2\/product\/3526","targetHints":{"allow":["GET"]}}],"collection":[{"href":"https:\/\/www.largepillow.com\/pt\/wp-json\/wp\/v2\/product"}],"about":[{"href":"https:\/\/www.largepillow.com\/pt\/wp-json\/wp\/v2\/types\/product"}],"replies":[{"embeddable":true,"href":"https:\/\/www.largepillow.com\/pt\/wp-json\/wp\/v2\/comments?post=3526"}],"wp:featuredmedia":[{"embeddable":true,"href":"https:\/\/www.largepillow.com\/pt\/wp-json\/wp\/v2\/media\/3517"}],"wp:attachment":[{"href":"https:\/\/www.largepillow.com\/pt\/wp-json\/wp\/v2\/media?parent=3526"}],"wp:term":[{"taxonomy":"product_brand","embeddable":true,"href":"https:\/\/www.largepillow.com\/pt\/wp-json\/wp\/v2\/product_brand?post=3526"},{"taxonomy":"product_cat","embeddable":true,"href":"https:\/\/www.largepillow.com\/pt\/wp-json\/wp\/v2\/product_cat?post=3526"},{"taxonomy":"product_tag","embeddable":true,"href":"https:\/\/www.largepillow.com\/pt\/wp-json\/wp\/v2\/product_tag?post=3526"}],"curies":[{"name":"wp","href":"https:\/\/api.w.org\/{rel}","templated":true}]}}