{"id":3563,"date":"2024-07-25T05:38:21","date_gmt":"2024-07-25T05:38:21","guid":{"rendered":"https:\/\/www.largepillow.com\/product\/self-supporting-wedge-backrest-cushion-for-reading"},"modified":"2025-04-20T21:59:31","modified_gmt":"2025-04-20T21:59:31","slug":"almofada-de-encosto-autoportante-em-cunha-para-leitura","status":"publish","type":"product","link":"https:\/\/www.largepillow.com\/pt\/product\/self-supporting-wedge-backrest-cushion-for-reading","title":{"rendered":"Almofada de encosto em cunha autoportante para leitura"},"content":{"rendered":"[zc_getpagecontent mb=&#8221;mb_aplus&#8221; apid=&#8221;58&#8243;]\n","protected":false},"excerpt":{"rendered":"<ul>\n<li>Material de qualidade: a almofada de encosto autoportante \u00e9 composta por suporte em forma de cunha e almofada de encosto, que s\u00e3o feitas de suporte de esponja e almofada cheia de algod\u00e3o PP, no meio da conex\u00e3o do z\u00edper, fundo de esponja com antiderrapante para aumentar a resist\u00eancia , o travesseiro n\u00e3o precisa de suporte adicional pode ser colocado em p\u00e9, voc\u00ea apoiando-se no travesseiro de suporte em cunha maior a for\u00e7a do mais est\u00e1vel e relaxante<\/li>\n<li>Detalhe do tamanho: a almofada de leitura mede 75\u00d758\u00d755cm de comprimento, largura e altura, proporcionando uma almofada firme de apoio para as costas. A curva de esponja para apoiar a coluna, travesseiro de algod\u00e3o PP se ajusta ao seu corpo, quando voc\u00ea se apoia no encosto, o formato dos dois lados para dentro como um grande abra\u00e7o, suporte completo para as costas, de suporte e macio e confort\u00e1vel<\/li>\n<li>Design ergon\u00f4mico: o encosto do sof\u00e1 de cabeceira \u00e9 especialmente projetado para imitar a curva natural da coluna humana, proporcionando amplo suporte e relaxamento por longas horas sentado ou reclinado. Diga adeus ao desconforto nas costas e no pesco\u00e7o com nossas almofadas de leitura confort\u00e1veis e de apoio para sentar na cama de um adulto<\/li>\n<li>Design autoportante: A almofada triangular autoportante apresenta um design inferior em forma de cunha com fundo antiderrapante para maior resist\u00eancia. A almofada triangular n\u00e3o precisa ser encostada na parede para fornecer suporte est\u00e1vel e, quanto mais voc\u00ea se apoiar nela, mais est\u00e1vel ser\u00e1 a almofada. Almofadas triangulares autoportantes podem ser utilizadas em sof\u00e1s, camas e pisos sem limitar os cen\u00e1rios, tornando-os mais flex\u00edveis.<\/li>\n<li>Uso vers\u00e1til: o encosto do travesseiro do sof\u00e1 de cabeceira n\u00e3o \u00e9 apenas para camas. Pode ser usado em sof\u00e1s e no ch\u00e3o. Oferece excelente suporte para pesco\u00e7o, costas e cintura e quadril, tornando-o o acess\u00f3rio perfeito para todas as suas atividades de lazer. Esta almofada de cabeceira ser\u00e1 um \u00f3timo presente para pais e amigos amantes em todos os festivais<\/li>\n<\/ul>","protected":false},"featured_media":3556,"comment_status":"open","ping_status":"closed","template":"","meta":[],"product_brand":[],"product_cat":[228],"product_tag":[],"class_list":{"0":"post-3563","1":"product","2":"type-product","3":"status-publish","4":"has-post-thumbnail","6":"product_cat-cushions","8":"first","9":"outofstock","10":"shipping-taxable","11":"purchasable","12":"product-type-simple"},"_links":{"self":[{"href":"https:\/\/www.largepillow.com\/pt\/wp-json\/wp\/v2\/product\/3563","targetHints":{"allow":["GET"]}}],"collection":[{"href":"https:\/\/www.largepillow.com\/pt\/wp-json\/wp\/v2\/product"}],"about":[{"href":"https:\/\/www.largepillow.com\/pt\/wp-json\/wp\/v2\/types\/product"}],"replies":[{"embeddable":true,"href":"https:\/\/www.largepillow.com\/pt\/wp-json\/wp\/v2\/comments?post=3563"}],"wp:featuredmedia":[{"embeddable":true,"href":"https:\/\/www.largepillow.com\/pt\/wp-json\/wp\/v2\/media\/3556"}],"wp:attachment":[{"href":"https:\/\/www.largepillow.com\/pt\/wp-json\/wp\/v2\/media?parent=3563"}],"wp:term":[{"taxonomy":"product_brand","embeddable":true,"href":"https:\/\/www.largepillow.com\/pt\/wp-json\/wp\/v2\/product_brand?post=3563"},{"taxonomy":"product_cat","embeddable":true,"href":"https:\/\/www.largepillow.com\/pt\/wp-json\/wp\/v2\/product_cat?post=3563"},{"taxonomy":"product_tag","embeddable":true,"href":"https:\/\/www.largepillow.com\/pt\/wp-json\/wp\/v2\/product_tag?post=3563"}],"curies":[{"name":"wp","href":"https:\/\/api.w.org\/{rel}","templated":true}]}}