{"id":374,"date":"2022-09-15T22:39:47","date_gmt":"2022-09-15T22:39:47","guid":{"rendered":"https:\/\/www.largepillow.com\/product\/big-pillows-for-bed-headboard"},"modified":"2025-12-17T13:30:39","modified_gmt":"2025-12-17T13:30:39","slug":"encosto-travesseiro","status":"publish","type":"product","link":"https:\/\/www.largepillow.com\/pt\/product\/backrest-pillow\/","title":{"rendered":"Travesseiro Encosto"},"content":{"rendered":"<p>Descubra o m\u00e1ximo conforto com a almofada do encosto<\/p>\n<p>Cansado de lutar para ficar confort\u00e1vel na cama enquanto l\u00ea ou assiste TV? Apresentamos a Almofada do Encosto \u2013 a almofada em formato triangular que leva o relaxamento na hora de dormir a novos patamares. <\/p>\n<p>Com o seu design ergon\u00f3mico, esta almofada de cabeceira molda-se perfeitamente \u00e0s suas costas e cintura, proporcionando apoio lombar personalizado e minimizando a tens\u00e3o nas costas. O enchimento de poli\u00e9ster de alta densidade \u00e9 estruturado para evitar achatamento ao longo do tempo, enquanto a capa de veludo de poli\u00e9ster 100% \u00e9 macia e luxuosa em contato com a pele.<\/p>\n<p>Mas n\u00e3o acredite apenas na nossa palavra. Aqui est\u00e1 o que os clientes entusiasmados t\u00eam a dizer:<\/p>\n<p>\u201cEste travesseiro \u00e9 um salva-vidas para mim, como um leitor noturno voraz. Posso ficar sentado na cama por horas sem sentir dor nas costas.\u201d<\/p>\n<p>\u201cAdoro usar esse travesseiro gigante para me apoiar durante as noites de cinema com meu parceiro. \u00c9 largo o suficiente para acomodar n\u00f3s dois confortavelmente.\u201d <\/p>\n<p>\u201cO formato triangular se ajusta perfeitamente ao meu corpo. N\u00e3o acordo mais com torcicolo depois de adormecer apoiado.\u201d<\/p>\n<p>Com tamanhos que variam de 45cm at\u00e9 espa\u00e7osos 200cm, a Almofada de Encosto tem uma op\u00e7\u00e3o para cada usu\u00e1rio. A fronha abre e pode ser lavada na m\u00e1quina, simplificando a limpeza e a manuten\u00e7\u00e3o. <\/p>\n<p>D\u00ea um descanso \u00e0s suas costas e um upgrade ao seu tempo de relaxamento com a almofada do encosto. Seu conforto est\u00e1 esperando!<\/p>","protected":false},"excerpt":{"rendered":"<ul>\n<li><strong>Conforto final:<\/strong> Esta almofada de cabeceira oferece excelente conforto gra\u00e7as ao seu design de forma triangular. A almofada do suporte da cama ajusta-se perfeitamente \u00e0s costas e \u00e0 cintura, minimizando a press\u00e3o lombar\/costas. Esta almofada de leitura em cunha pode ajud\u00e1-lo a ficar livre de tens\u00e3o na cama ou no sof\u00e1, o que \u00e9 ideal para trabalhar noct\u00edvagos, leitores \u00e1vidos e assistir TV na cama. Esta almofada extra grande \u00e9 a \u00fanica almofada de cabeceira em cunha que pode acomodar duas pessoas.<\/li>\n<li><strong>Almofada grande 3 em 1:<\/strong> Voc\u00ea pode usar o travesseiro na posi\u00e7\u00e3o vertical como travesseiro de cabeceira para sentar na cama ou coloc\u00e1-lo na cama para us\u00e1-lo como um travesseiro grande ao dormir de costas ou de lado, ou como travesseiro para elevar as pernas. Se voc\u00ea deseja uma almofada de cabeceira grande que d\u00ea suporte para voc\u00ea e seu c\u00f4njuge. \u00c9 uma excelente alternativa.<\/li>\n<li><strong>Design multifuncional:<\/strong> Algumas pessoas usam a almofada grande triangular como travesseiro de cabeceira, enquanto outras a usam como travesseiro de p\u00e1ra-choque, tamb\u00e9m pode ser um travesseiro de encosto de sof\u00e1 ou sof\u00e1-cama. \u00c9 elegante e funcional, o que o torna um excelente complemento para qualquer quarto.<\/li>\n<li><strong>Artesanato Superior:<\/strong> Nossa fronha \u00e9 feita de veludo de poli\u00e9ster 100%, macio, elegante e confort\u00e1vel ao toque. O forro \u00e9 feito de fibras de poli\u00e9ster de alta densidade e alta qualidade, que evitam flacidez mesmo ap\u00f3s meses de uso. Al\u00e9m disso, vem com bolsos laterais para guardar seu livro ou telefone.<\/li>\n<li><strong>F\u00e1cil de limpar:<\/strong> A capa da almofada de leitura \u00e9 fixada na almofada com bot\u00f5es e \u00e9 f\u00e1cil de remover com um simples z\u00edper. Isso torna sua limpeza descomplicada. Basta remover a capa e lavar rapidamente na m\u00e1quina para deixar seu travesseiro como novo.<\/li>\n<li><strong>Tamanho:<\/strong> 45cm (C45 x L20 x A50 | 0 bot\u00f5es), 60cm (C60 x L20 x A50 | 0 bot\u00f5es), 80cm (C80 x L20 x A50 | 2 bot\u00f5es), 100cm (C100 x L20 x A50 | 3 bot\u00f5es), 120cm ( C120 x L20 x A50 | 4 bot\u00f5es), 140cm (C140 x L20 x A50 | 4 bot\u00f5es), 160cm (C160 x L20 x A50 | 5 bot\u00f5es), 180cm (C180 x L20 x A50 | 6 bot\u00f5es), 200cm (C200 x W20 x H50 | 7 bot\u00f5es).<\/li>\n<\/ul>","protected":false},"featured_media":357,"comment_status":"open","ping_status":"closed","template":"","meta":[],"product_brand":[],"product_cat":[15],"product_tag":[66,60,215,216,201,132,112,143,182,120],"class_list":{"0":"post-374","1":"product","2":"type-product","3":"status-publish","4":"has-post-thumbnail","6":"product_cat-large-wedge-pillow","7":"product_tag-back-support-pillow","8":"product_tag-backrest-pillow","9":"product_tag-couch-backrest-cushion","10":"product_tag-daybed-bolster","11":"product_tag-grey-pillow","12":"product_tag-large-bolster-pillow","13":"product_tag-lumbar-support-pillow","14":"product_tag-multifunctional-pillow","15":"product_tag-triangle-back-pillow","16":"product_tag-velvet-pillow","18":"first","19":"instock","20":"featured","21":"shipping-taxable","22":"purchasable","23":"product-type-variable"},"_links":{"self":[{"href":"https:\/\/www.largepillow.com\/pt\/wp-json\/wp\/v2\/product\/374","targetHints":{"allow":["GET"]}}],"collection":[{"href":"https:\/\/www.largepillow.com\/pt\/wp-json\/wp\/v2\/product"}],"about":[{"href":"https:\/\/www.largepillow.com\/pt\/wp-json\/wp\/v2\/types\/product"}],"replies":[{"embeddable":true,"href":"https:\/\/www.largepillow.com\/pt\/wp-json\/wp\/v2\/comments?post=374"}],"wp:featuredmedia":[{"embeddable":true,"href":"https:\/\/www.largepillow.com\/pt\/wp-json\/wp\/v2\/media\/357"}],"wp:attachment":[{"href":"https:\/\/www.largepillow.com\/pt\/wp-json\/wp\/v2\/media?parent=374"}],"wp:term":[{"taxonomy":"product_brand","embeddable":true,"href":"https:\/\/www.largepillow.com\/pt\/wp-json\/wp\/v2\/product_brand?post=374"},{"taxonomy":"product_cat","embeddable":true,"href":"https:\/\/www.largepillow.com\/pt\/wp-json\/wp\/v2\/product_cat?post=374"},{"taxonomy":"product_tag","embeddable":true,"href":"https:\/\/www.largepillow.com\/pt\/wp-json\/wp\/v2\/product_tag?post=374"}],"curies":[{"name":"wp","href":"https:\/\/api.w.org\/{rel}","templated":true}]}}