{"id":3741,"date":"2024-09-03T04:01:58","date_gmt":"2024-09-03T04:01:58","guid":{"rendered":"https:\/\/www.largepillow.com\/product\/3d-planet-throw-pillows-solar-system-decor-soft-cushion-jupiter"},"modified":"2025-11-20T13:38:59","modified_gmt":"2025-11-20T13:38:59","slug":"almofadas-decorativas-de-planeta-3d-decoracao-do-sistema-solar-almofada-macia-de-jupiter","status":"publish","type":"product","link":"https:\/\/www.largepillow.com\/pt\/product\/3d-planet-throw-pillows-solar-system-decor-soft-cushion-jupiter","title":{"rendered":"Almofadas de Planeta 3D, Decora\u00e7\u00e3o do Sistema Solar, Almofada Macia (J\u00fapiter)"},"content":{"rendered":"","protected":false},"excerpt":{"rendered":"<ul>\n<li><strong>Design tem\u00e1tico do planeta:<\/strong>\u00a0Crie uma decora\u00e7\u00e3o \u00fanica em sua casa com estas almofadas do sistema solar com o Sol, Terra, Lua, V\u00eanus, J\u00fapiter, Merc\u00fario, Marte, Saturno, Urano, Netuno e Plut\u00e3o. Cada sham apresenta um design planet\u00e1rio exclusivo, dando a voc\u00ea a liberdade de misturar e combinar para um visual personalizado.<\/li>\n<li><strong>Almofada de ch\u00e3o pr\u00e1tica:<\/strong> Essas almofadas de planeta podem ser usadas como acess\u00f3rios vers\u00e1teis em um est\u00fadio fotogr\u00e1fico ou como almofadas de ch\u00e3o confort\u00e1veis, almofadas de sof\u00e1, almofadas de cunha e almofadas de sof\u00e1 para decorar sua casa, jardim e jardim de inf\u00e2ncia. Elas oferecem uma almofada confort\u00e1vel para sua cabe\u00e7a ou costas enquanto voc\u00ea relaxa e descontrai, tornando-as perfeitas para uso como um detalhe decorativo ou como assento extra. Elas tamb\u00e9m s\u00e3o \u00f3timas para ioga ou medita\u00e7\u00e3o.<\/li>\n<li><strong>Almofada decorativa de ch\u00e3o:<\/strong> Estas almofadas de planeta s\u00e3o perfeitas para adicionar um toque de eleg\u00e2ncia e conforto ao seu quarto, sala de estar ou qualquer outro espa\u00e7o da sua casa. As cores vibrantes e os designs exclusivos fazem delas um assunto para conversas, e podem ser facilmente combinadas com outros itens decorativos para um visual coeso. Voc\u00ea pode misturar e combinar diferentes estilos para criar uma decora\u00e7\u00e3o personalizada com tema de espa\u00e7o que reflita sua personalidade e estilo.<\/li>\n<li><strong>Como presente:<\/strong> O travesseiro tem\u00e1tico de planeta \u00e9 um excelente presente para qualquer um que ame o espa\u00e7o, astronomia ou ci\u00eancia. \u00c9 perfeito para crian\u00e7as, adolescentes, estudantes universit\u00e1rios ou adultos que querem adicionar um item divertido e funcional ao seu quarto. Voc\u00ea tamb\u00e9m pode presente\u00e1-lo em ocasi\u00f5es especiais como anivers\u00e1rios, Natal ou formatura.<\/li>\n<li><strong>Instru\u00e7\u00f5es de lavagem:<\/strong> A almofada Planet \u00e9 feita usando tecido Velvet espesso de alta qualidade, garantindo durabilidade e qualidade. Possui z\u00edper para f\u00e1cil limpeza, tornando a manuten\u00e7\u00e3o uma brisa. O enchimento \u00e9 de poli\u00e9ster 100% para elasticidade excepcional. Lavar \u00e0 m\u00e1quina somente com \u00e1gua fria, ciclo suave, n\u00e3o usar alvejante, secar em temperatura baixa, secar em temperatura baixa se necess\u00e1rio. Tecido macio e agrad\u00e1vel \u00e0 pele ser\u00e1 a melhor escolha para a fam\u00edlia, amigos e crian\u00e7as.<\/li>\n<li><strong>Tamanho:<\/strong>\u00a0Grande (16\u00d716 polegadas | 41x41cm), M\u00e9dio (10\u00d710 polegadas | 25X25cm)<\/li>\n<\/ul>","protected":false},"featured_media":3734,"comment_status":"open","ping_status":"closed","template":"","meta":[],"product_brand":[],"product_cat":[231],"product_tag":[],"class_list":{"0":"post-3741","1":"product","2":"type-product","3":"status-publish","4":"has-post-thumbnail","6":"product_cat-throw-pillows","8":"first","9":"instock","10":"shipping-taxable","11":"purchasable","12":"product-type-variable","13":"has-default-attributes"},"_links":{"self":[{"href":"https:\/\/www.largepillow.com\/pt\/wp-json\/wp\/v2\/product\/3741","targetHints":{"allow":["GET"]}}],"collection":[{"href":"https:\/\/www.largepillow.com\/pt\/wp-json\/wp\/v2\/product"}],"about":[{"href":"https:\/\/www.largepillow.com\/pt\/wp-json\/wp\/v2\/types\/product"}],"replies":[{"embeddable":true,"href":"https:\/\/www.largepillow.com\/pt\/wp-json\/wp\/v2\/comments?post=3741"}],"wp:featuredmedia":[{"embeddable":true,"href":"https:\/\/www.largepillow.com\/pt\/wp-json\/wp\/v2\/media\/3734"}],"wp:attachment":[{"href":"https:\/\/www.largepillow.com\/pt\/wp-json\/wp\/v2\/media?parent=3741"}],"wp:term":[{"taxonomy":"product_brand","embeddable":true,"href":"https:\/\/www.largepillow.com\/pt\/wp-json\/wp\/v2\/product_brand?post=3741"},{"taxonomy":"product_cat","embeddable":true,"href":"https:\/\/www.largepillow.com\/pt\/wp-json\/wp\/v2\/product_cat?post=3741"},{"taxonomy":"product_tag","embeddable":true,"href":"https:\/\/www.largepillow.com\/pt\/wp-json\/wp\/v2\/product_tag?post=3741"}],"curies":[{"name":"wp","href":"https:\/\/api.w.org\/{rel}","templated":true}]}}