{"id":3792,"date":"2024-09-03T04:31:56","date_gmt":"2024-09-03T04:31:56","guid":{"rendered":"https:\/\/www.largepillow.com\/product\/y-shaped-reading-pillow-with-arm-rests-memory-foam-support"},"modified":"2025-05-05T18:57:03","modified_gmt":"2025-05-05T18:57:03","slug":"travesseiro-de-leitura-em-formato-de-y-com-apoio-de-bracos-e-espuma-de-memoria","status":"publish","type":"product","link":"https:\/\/www.largepillow.com\/pt\/product\/y-shaped-reading-pillow-with-arm-rests-memory-foam-support\/","title":{"rendered":"Almofada de leitura em formato de Y com apoio de bra\u00e7os e suporte de espuma viscoel\u00e1stica"},"content":{"rendered":"[zc_getpagecontent mb=&#8221;mb_aplus&#8221; apid=&#8221;87&#8243;]\n","protected":false},"excerpt":{"rendered":"<ul>\n<li><strong>Design inovador:<\/strong> O travesseiro de leitura em formato de Y rec\u00e9m-atualizado para adultos na cama apresenta um design inovador que adiciona uma fun\u00e7\u00e3o de bru\u00e7os aos seus recursos b\u00e1sicos. N\u00f3s configuramos uma \u00e1rea de posicionamento de bra\u00e7o para permitir que quando voc\u00ea estiver de bru\u00e7os, suas m\u00e3os possam passar pelo travesseiro de leitura na cama. Esteja voc\u00ea lendo, estudando ou brincando com seu telefone celular, seus bra\u00e7os podem ficar relaxados e seu desconforto no pesco\u00e7o pode ser minimizado. Voc\u00ea pode mudar para uma posi\u00e7\u00e3o confort\u00e1vel a qualquer momento<\/li>\n<li><strong>M\u00e1ximo conforto:<\/strong> O design curvo deste travesseiro de apoio para as costas se adapta \u00e0s curvas naturais do seu corpo, proporcionando conforto e suporte excepcionais para suas costas, cintura e pesco\u00e7o. N\u00e3o importa se voc\u00ea est\u00e1 lendo, assistindo TV ou trabalhando, este travesseiro garante uma experi\u00eancia mais confort\u00e1vel.<\/li>\n<li><strong>Suporte multifuncional:<\/strong> Este vers\u00e1til travesseiro oferece suporte abrangente para seu pesco\u00e7o, costas, cintura e pernas. Ele pode ser usado como um travesseiro de apoio para as costas, travesseiro de bru\u00e7os, travesseiro de cunha de cama e travesseiro de pernas, tornando-o uma \u00f3tima escolha para v\u00e1rias atividades e necessidades de sa\u00fade.<\/li>\n<li><strong>Materiais de qualidade premium:<\/strong> Feito de espuma de mem\u00f3ria de alta densidade e recupera\u00e7\u00e3o lenta, este travesseiro fornece suporte est\u00e1vel, mantendo seu formato e densidade originais. Ele recuperar\u00e1 seu formato completo dentro de 24-48 horas ap\u00f3s o envio da compress\u00e3o.<\/li>\n<li><strong>F\u00e1cil de limpar:<\/strong> A fronha remov\u00edvel \u00e9 feita de tecido macio e confort\u00e1vel com uma superf\u00edcie de malha, tornando-a dur\u00e1vel e f\u00e1cil de limpar. Basta abrir o z\u00edper da fronha e remov\u00ea-la do travesseiro de espuma viscoel\u00e1stica quando precisar lav\u00e1-la.<\/li>\n<\/ul>","protected":false},"featured_media":3784,"comment_status":"open","ping_status":"closed","template":"","meta":[],"product_brand":[],"product_cat":[228],"product_tag":[],"class_list":{"0":"post-3792","1":"product","2":"type-product","3":"status-publish","4":"has-post-thumbnail","6":"product_cat-cushions","8":"first","9":"instock","10":"shipping-taxable","11":"purchasable","12":"product-type-variable","13":"has-default-attributes"},"_links":{"self":[{"href":"https:\/\/www.largepillow.com\/pt\/wp-json\/wp\/v2\/product\/3792","targetHints":{"allow":["GET"]}}],"collection":[{"href":"https:\/\/www.largepillow.com\/pt\/wp-json\/wp\/v2\/product"}],"about":[{"href":"https:\/\/www.largepillow.com\/pt\/wp-json\/wp\/v2\/types\/product"}],"replies":[{"embeddable":true,"href":"https:\/\/www.largepillow.com\/pt\/wp-json\/wp\/v2\/comments?post=3792"}],"wp:featuredmedia":[{"embeddable":true,"href":"https:\/\/www.largepillow.com\/pt\/wp-json\/wp\/v2\/media\/3784"}],"wp:attachment":[{"href":"https:\/\/www.largepillow.com\/pt\/wp-json\/wp\/v2\/media?parent=3792"}],"wp:term":[{"taxonomy":"product_brand","embeddable":true,"href":"https:\/\/www.largepillow.com\/pt\/wp-json\/wp\/v2\/product_brand?post=3792"},{"taxonomy":"product_cat","embeddable":true,"href":"https:\/\/www.largepillow.com\/pt\/wp-json\/wp\/v2\/product_cat?post=3792"},{"taxonomy":"product_tag","embeddable":true,"href":"https:\/\/www.largepillow.com\/pt\/wp-json\/wp\/v2\/product_tag?post=3792"}],"curies":[{"name":"wp","href":"https:\/\/api.w.org\/{rel}","templated":true}]}}