{"id":4000,"date":"2024-09-05T04:21:48","date_gmt":"2024-09-05T04:21:48","guid":{"rendered":"https:\/\/www.largepillow.com\/product\/large-wedge-reading-pillow-for-bed-daybed-bolster-backrest-blue"},"modified":"2024-10-03T16:31:34","modified_gmt":"2024-10-03T16:31:34","slug":"grande-travesseiro-de-leitura-em-cunha-para-cama-encosto-para-cama-de-dia-almofada-azul","status":"publish","type":"product","link":"https:\/\/www.largepillow.com\/pt\/product\/large-wedge-reading-pillow-for-bed-daybed-bolster-backrest-blue","title":{"rendered":"Grande Travesseiro de Leitura em Cunha para Cama Daybed Bolster Encosto Azul"},"content":{"rendered":"","protected":false},"excerpt":{"rendered":"<ul>\n<li>Conforto M\u00e1ximo: Este travesseiro de cabeceira xl oferece excelente conforto gra\u00e7as ao seu design de forma triangular. A almofada de apoio da cama se ajusta bem \u00e0s costas e \u00e0 cintura, minimizando a press\u00e3o lombar\/nas costas. Este travesseiro de leitura em cunha pode ajud\u00e1-lo a ficar livre de tens\u00e3o na cama ou no sof\u00e1, o que \u00e9 ideal para quem trabalha \u00e0 noite, para quem l\u00ea livros e para assistir TV na cama. Este travesseiro de refor\u00e7o extragrande \u00e9 o \u00fanico travesseiro de cabeceira em cunha que pode acomodar duas pessoas.<\/li>\n<li>Travesseiro grande 3 em 1: Voc\u00ea pode usar o travesseiro na vertical como um travesseiro de cabeceira de apoio para as costas para sentar na cama ou coloc\u00e1-lo na cama para us\u00e1-lo como um travesseiro grande em cunha ao dormir de costas ou de lado, ou como um travesseiro de perna para elevar suas pernas. Se voc\u00ea quer um travesseiro grande de cabeceira que forne\u00e7a suporte para voc\u00ea e seu c\u00f4njuge. \u00c9 uma excelente alternativa.<\/li>\n<li>Design multifuncional: algumas pessoas usam a almofada triangular grande como uma almofada de cabeceira, enquanto outras a usam como uma almofada de para-choque, tamb\u00e9m pode ser uma almofada de encosto de sof\u00e1 ou sof\u00e1-cama. \u00c9 estiloso e funcional, o que a torna uma excelente adi\u00e7\u00e3o a qualquer quarto.<\/li>\n<li>Artesanato superior: a fronha tem apar\u00eancia de veludo cotel\u00ea e sua composi\u00e7\u00e3o \u00e9 de poli\u00e9ster 100%. Nossa almofada de cabeceira \u00e9 respir\u00e1vel e confort\u00e1vel o suficiente para manter sua forma e n\u00e3o perd\u00ea-la com o tempo. Um bolso lateral em cada lado permite que voc\u00ea coloque seu livro ou seu telefone.<\/li>\n<li>F\u00e1cil de lavar: a capa do travesseiro de leitura \u00e9 presa ao travesseiro com bot\u00f5es e \u00e9 f\u00e1cil de remover com um z\u00edper simples. Isso torna sua limpeza sem complica\u00e7\u00f5es. Basta remover a capa e fazer uma lavagem r\u00e1pida na m\u00e1quina para fazer seu travesseiro parecer novo.<\/li>\n<li><strong>Tamanho:<\/strong> 60cm (60*20*50cm, 2 bot\u00f5es), 80cm (80*20*50cm, 2 bot\u00f5es), 100cm (100*20*50cm, 3 bot\u00f5es), 120cm (120*20*50cm, 4 bot\u00f5es), 140cm (140*20*50cm, 4 bot\u00f5es), 160cm (160*20*50cm, 5 bot\u00f5es), 180cm (180*20*50cm, 6 bot\u00f5es), 200cm (200*20*50cm, 7 bot\u00f5es)<\/li>\n<\/ul>","protected":false},"featured_media":3984,"comment_status":"open","ping_status":"closed","template":"","meta":[],"product_brand":[],"product_cat":[15],"product_tag":[],"class_list":{"0":"post-4000","1":"product","2":"type-product","3":"status-publish","4":"has-post-thumbnail","6":"product_cat-large-wedge-pillow","8":"first","9":"instock","10":"shipping-taxable","11":"purchasable","12":"product-type-variable","13":"has-default-attributes"},"_links":{"self":[{"href":"https:\/\/www.largepillow.com\/pt\/wp-json\/wp\/v2\/product\/4000","targetHints":{"allow":["GET"]}}],"collection":[{"href":"https:\/\/www.largepillow.com\/pt\/wp-json\/wp\/v2\/product"}],"about":[{"href":"https:\/\/www.largepillow.com\/pt\/wp-json\/wp\/v2\/types\/product"}],"replies":[{"embeddable":true,"href":"https:\/\/www.largepillow.com\/pt\/wp-json\/wp\/v2\/comments?post=4000"}],"wp:featuredmedia":[{"embeddable":true,"href":"https:\/\/www.largepillow.com\/pt\/wp-json\/wp\/v2\/media\/3984"}],"wp:attachment":[{"href":"https:\/\/www.largepillow.com\/pt\/wp-json\/wp\/v2\/media?parent=4000"}],"wp:term":[{"taxonomy":"product_brand","embeddable":true,"href":"https:\/\/www.largepillow.com\/pt\/wp-json\/wp\/v2\/product_brand?post=4000"},{"taxonomy":"product_cat","embeddable":true,"href":"https:\/\/www.largepillow.com\/pt\/wp-json\/wp\/v2\/product_cat?post=4000"},{"taxonomy":"product_tag","embeddable":true,"href":"https:\/\/www.largepillow.com\/pt\/wp-json\/wp\/v2\/product_tag?post=4000"}],"curies":[{"name":"wp","href":"https:\/\/api.w.org\/{rel}","templated":true}]}}