{"id":404,"date":"2022-09-15T22:40:45","date_gmt":"2022-09-15T22:40:45","guid":{"rendered":"https:\/\/www.largepillow.com\/product\/bolster-for-bed"},"modified":"2026-04-22T11:55:08","modified_gmt":"2026-04-22T11:55:08","slug":"almofada-de-cunha","status":"publish","type":"product","link":"https:\/\/www.largepillow.com\/pt\/product\/wedge-cushion","title":{"rendered":"Almofada Cunha"},"content":{"rendered":"<p>Descubra o m\u00e1ximo conforto e suporte com a almofada Wedge<\/p>\n<p>Experimente conforto e suporte incompar\u00e1veis com a Almofada Wedge, uma almofada vers\u00e1til e multifuncional projetada para melhorar o seu relaxamento e bem-estar.<\/p>\n<p>Suporte definitivo para costas e cintura<\/p>\n<p>O design triangular exclusivo da almofada Wedge se adapta perfeitamente \u00e0s suas costas e cintura, proporcionando suporte lombar excepcional. Quer esteja sentado na cama ou no sof\u00e1, esta almofada elimina a press\u00e3o na parte inferior das costas, promovendo relaxamento e reduzindo o desconforto.<\/p>\n<p>Versatilidade 3 em 1<\/p>\n<p>A Almofada Wedge n\u00e3o \u00e9 apenas uma almofada de cabeceira. Seu design 3 em 1 permite que voc\u00ea o use como um travesseiro grande para dormir de costas ou de lado, ou como travesseiro para elevar as pernas. \u00c9 a solu\u00e7\u00e3o perfeita para leitores \u00e1vidos, noct\u00edvagos e qualquer pessoa que adora relaxar na cama.<\/p>\n<p>Design multifuncional para qualquer ambiente<\/p>\n<p>Al\u00e9m de seu uso principal como travesseiro de cabeceira, a almofada Wedge tamb\u00e9m pode ser usada como travesseiro, travesseiro de sof\u00e1 ou at\u00e9 mesmo encosto para seu sof\u00e1-cama. Seu design elegante e funcional o torna uma adi\u00e7\u00e3o bem-vinda a qualquer quarto, sala de estar ou recanto de leitura.<\/p>\n<p>Materiais Premium para Conforto Duradouro<\/p>\n<p>A almofada Wedge \u00e9 fabricada com os melhores materiais para maior conforto e durabilidade. A fronha \u00e9 feita de luxuoso veludo de poli\u00e9ster 100%, macio ao toque e de apar\u00eancia elegante. O acolchoamento \u00e9 preenchido com fibras de poli\u00e9ster de alta densidade e alta qualidade que resistem \u00e0 flacidez e mant\u00eam sua forma mesmo ap\u00f3s meses de uso.<\/p>\n<p>Limpeza sem esfor\u00e7o<\/p>\n<p>Manter a almofada em cunha \u00e9 muito f\u00e1cil. A fronha \u00e9 remov\u00edvel e fecha com z\u00edper, facilitando a limpeza. Basta abrir o z\u00edper da capa e coloc\u00e1-la na m\u00e1quina de lavar para uma atualiza\u00e7\u00e3o r\u00e1pida.<\/p>\n<p>Depoimentos de clientes<\/p>\n<p>\u201cEste travesseiro \u00e9 uma virada de jogo! Eu o uso como travesseiro de cabeceira e fornece um suporte incr\u00edvel para minhas costas. Notei uma redu\u00e7\u00e3o significativa na minha dor nas costas.\u201d<\/p>\n<p>\u201cAdoro a versatilidade da Almofada Wedge. Eu uso como travesseiro para as pernas \u00e0 noite e ajuda a melhorar minha circula\u00e7\u00e3o.\u201d<\/p>\n<p>\u201cA capa de veludo \u00e9 t\u00e3o luxuosa e macia. Acrescenta um toque de eleg\u00e2ncia ao meu quarto e mal posso esperar para us\u00e1-lo todas as noites.\u201d<\/p>\n<p>Dispon\u00edvel em uma gama de tamanhos<\/p>\n<p>A almofada Wedge vem em uma ampla variedade de tamanhos para atender \u00e0s suas necessidades e prefer\u00eancias. De 45cm a 200cm, voc\u00ea certamente encontrar\u00e1 o tamanho perfeito para sua cama ou sof\u00e1.<\/p>\n<p>Encomende hoje a sua almofada em cunha<\/p>\n<p>Experimente o m\u00e1ximo em conforto e suporte com a Almofada Wedge. Encomende o seu hoje e desfrute de um relaxamento feliz e de um maior bem-estar.<\/p>","protected":false},"excerpt":{"rendered":"<ul>\n<li><strong>Conforto final:<\/strong> Esta almofada de cabeceira oferece excelente conforto gra\u00e7as ao seu design de forma triangular. A almofada do suporte da cama ajusta-se perfeitamente \u00e0s costas e \u00e0 cintura, minimizando a press\u00e3o lombar\/costas. Esta almofada de leitura em cunha pode ajud\u00e1-lo a ficar livre de tens\u00e3o na cama ou no sof\u00e1, o que \u00e9 ideal para trabalhar noct\u00edvagos, leitores \u00e1vidos e assistir TV na cama. Esta almofada extra grande \u00e9 a \u00fanica almofada de cabeceira em cunha que pode acomodar duas pessoas.<\/li>\n<li><strong>Almofada grande 3 em 1:<\/strong> Voc\u00ea pode usar o travesseiro na posi\u00e7\u00e3o vertical como travesseiro de cabeceira para sentar na cama ou coloc\u00e1-lo na cama para us\u00e1-lo como um travesseiro grande ao dormir de costas ou de lado, ou como travesseiro para elevar as pernas. Se voc\u00ea deseja uma almofada de cabeceira grande que d\u00ea suporte para voc\u00ea e seu c\u00f4njuge. \u00c9 uma excelente alternativa.<\/li>\n<li><strong>Design multifuncional:<\/strong> Algumas pessoas usam a almofada grande triangular como travesseiro de cabeceira, enquanto outras a usam como travesseiro de p\u00e1ra-choque, tamb\u00e9m pode ser um travesseiro de encosto de sof\u00e1 ou sof\u00e1-cama. \u00c9 elegante e funcional, o que o torna um excelente complemento para qualquer quarto.<\/li>\n<li><strong>Artesanato Superior:<\/strong> Nossa fronha \u00e9 feita de veludo de poli\u00e9ster 100%, macio, elegante e confort\u00e1vel ao toque. O forro \u00e9 feito de fibras de poli\u00e9ster de alta densidade e alta qualidade, que evitam flacidez mesmo ap\u00f3s meses de uso. Al\u00e9m disso, vem com bolsos laterais para guardar seu livro ou telefone.<\/li>\n<li><strong>F\u00e1cil de limpar:<\/strong> A capa da almofada de leitura \u00e9 fixada na almofada com bot\u00f5es e \u00e9 f\u00e1cil de remover com um simples z\u00edper. Isso torna sua limpeza descomplicada. Basta remover a capa e lavar rapidamente na m\u00e1quina para deixar seu travesseiro como novo.<\/li>\n<li><strong>Tamanho:<\/strong> 45cm (C45 x L20 x A50 | 0 bot\u00f5es), 60cm (C60 x L20 x A50 | 0 bot\u00f5es), 80cm (C80 x L20 x A50 | 2 bot\u00f5es), 100cm (C100 x L20 x A50 | 3 bot\u00f5es), 120cm ( C120 x L20 x A50 | 4 bot\u00f5es), 140cm (C140 x L20 x A50 | 4 bot\u00f5es), 160cm (C160 x L20 x A50 | 5 bot\u00f5es), 180cm (C180 x L20 x A50 | 6 bot\u00f5es), 200cm (C200 x W20 x H50 | 7 bot\u00f5es).<\/li>\n<\/ul>","protected":false},"featured_media":384,"comment_status":"open","ping_status":"closed","template":"","meta":[],"product_brand":[],"product_cat":[15],"product_tag":[66,60,214,206,213,163,112,143,120,212,211,65],"class_list":{"0":"post-404","1":"product","2":"type-product","3":"status-publish","4":"has-post-thumbnail","6":"product_cat-large-wedge-pillow","7":"product_tag-back-support-pillow","8":"product_tag-backrest-pillow","9":"product_tag-black-pillow","10":"product_tag-bumper-pillow","11":"product_tag-couch-bolster","12":"product_tag-leg-pillow","13":"product_tag-lumbar-support-pillow","14":"product_tag-multifunctional-pillow","15":"product_tag-velvet-pillow","16":"product_tag-waist-support-pillow","17":"product_tag-wedge-cushion","18":"product_tag-wedge-pillow","20":"first","21":"instock","22":"featured","23":"shipping-taxable","24":"purchasable","25":"product-type-variable"},"_links":{"self":[{"href":"https:\/\/www.largepillow.com\/pt\/wp-json\/wp\/v2\/product\/404","targetHints":{"allow":["GET"]}}],"collection":[{"href":"https:\/\/www.largepillow.com\/pt\/wp-json\/wp\/v2\/product"}],"about":[{"href":"https:\/\/www.largepillow.com\/pt\/wp-json\/wp\/v2\/types\/product"}],"replies":[{"embeddable":true,"href":"https:\/\/www.largepillow.com\/pt\/wp-json\/wp\/v2\/comments?post=404"}],"wp:featuredmedia":[{"embeddable":true,"href":"https:\/\/www.largepillow.com\/pt\/wp-json\/wp\/v2\/media\/384"}],"wp:attachment":[{"href":"https:\/\/www.largepillow.com\/pt\/wp-json\/wp\/v2\/media?parent=404"}],"wp:term":[{"taxonomy":"product_brand","embeddable":true,"href":"https:\/\/www.largepillow.com\/pt\/wp-json\/wp\/v2\/product_brand?post=404"},{"taxonomy":"product_cat","embeddable":true,"href":"https:\/\/www.largepillow.com\/pt\/wp-json\/wp\/v2\/product_cat?post=404"},{"taxonomy":"product_tag","embeddable":true,"href":"https:\/\/www.largepillow.com\/pt\/wp-json\/wp\/v2\/product_tag?post=404"}],"curies":[{"name":"wp","href":"https:\/\/api.w.org\/{rel}","templated":true}]}}