{"id":4160,"date":"2024-09-12T03:12:48","date_gmt":"2024-09-12T03:12:48","guid":{"rendered":"https:\/\/www.largepillow.com\/product\/headboard-pillow-white-plush-large-wedge-reading-pillow"},"modified":"2025-08-27T10:53:28","modified_gmt":"2025-08-27T10:53:28","slug":"travesseiro-de-cabeceira-branco-pelucia-grande-cunha-travesseiro-de-leitura","status":"publish","type":"product","link":"https:\/\/www.largepillow.com\/pt\/product\/headboard-pillow-white-plush-large-wedge-reading-pillow","title":{"rendered":"Almofada de cabeceira branca pel\u00facia grande cunha almofada de leitura"},"content":{"rendered":"","protected":false},"excerpt":{"rendered":"<ul>\n<li><strong>MULTIFUNCIONALIDADE:<\/strong> Mais do que apenas um travesseiro de cabeceira, nosso design de travesseiro de cunha oferece suporte a uma variedade de usos e pode ser usado como um aux\u00edlio ideal para apoio das costas, eleva\u00e7\u00e3o das pernas, leitura, assistir TV e muitas outras posturas para atender \u00e0s suas m\u00faltiplas necessidades.<\/li>\n<li><strong>DESIGN ERGON\u00d4MICO:<\/strong> cuidado \u00edntimo, engenhosidade ergon\u00f4mica. Fornece a voc\u00ea o suporte mais confort\u00e1vel, reduz a press\u00e3o nas v\u00e9rtebras cervicais e lombares, aproveite cada momento de conforto e aconchego.<\/li>\n<li><strong>CONFORTO:<\/strong> O grande travesseiro triangular em cunha \u00e9 feito de materiais de alta qualidade e tecnologia de processamento delicada para garantir a maciez e o conforto do travesseiro de apoio de cabe\u00e7a em cunha, para que voc\u00ea possa desfrutar do ajuste \u00edntimo, da sensa\u00e7\u00e3o de calor e conforto.<\/li>\n<li><strong>MATERIAL:<\/strong> As almofadas do encosto do sof\u00e1-cama escolhem tecidos de alta qualidade, macios e agrad\u00e1veis \u00e0 pele, resistentes a rugas e ao desgaste, proporcionando um toque confort\u00e1vel e excelente respirabilidade, mantendo voc\u00ea seco e confort\u00e1vel.<\/li>\n<li><strong>F\u00c1CIL DE LIMPAR:<\/strong> O travesseiro em cunha possui capa remov\u00edvel e lav\u00e1vel para facilitar a manuten\u00e7\u00e3o, para que voc\u00ea tenha sempre um ambiente de descanso fresco e organizado.<\/li>\n<li><strong>Tamanho:<\/strong> 60 cm (60*20*50 cm),80 cm (80*20*50 cm),100 cm (100*20*50 cm),120 cm (120*20*50 cm),140 cm (140*20*50 cm),160 cm (160*20*50 cm),180 cm (180*20*50 cm),200 cm (200*20*50 cm)<\/li>\n<\/ul>","protected":false},"featured_media":4148,"comment_status":"open","ping_status":"closed","template":"","meta":[],"product_brand":[],"product_cat":[15],"product_tag":[],"class_list":{"0":"post-4160","1":"product","2":"type-product","3":"status-publish","4":"has-post-thumbnail","6":"product_cat-large-wedge-pillow","8":"first","9":"instock","10":"shipping-taxable","11":"purchasable","12":"product-type-variable","13":"has-default-attributes"},"_links":{"self":[{"href":"https:\/\/www.largepillow.com\/pt\/wp-json\/wp\/v2\/product\/4160","targetHints":{"allow":["GET"]}}],"collection":[{"href":"https:\/\/www.largepillow.com\/pt\/wp-json\/wp\/v2\/product"}],"about":[{"href":"https:\/\/www.largepillow.com\/pt\/wp-json\/wp\/v2\/types\/product"}],"replies":[{"embeddable":true,"href":"https:\/\/www.largepillow.com\/pt\/wp-json\/wp\/v2\/comments?post=4160"}],"wp:featuredmedia":[{"embeddable":true,"href":"https:\/\/www.largepillow.com\/pt\/wp-json\/wp\/v2\/media\/4148"}],"wp:attachment":[{"href":"https:\/\/www.largepillow.com\/pt\/wp-json\/wp\/v2\/media?parent=4160"}],"wp:term":[{"taxonomy":"product_brand","embeddable":true,"href":"https:\/\/www.largepillow.com\/pt\/wp-json\/wp\/v2\/product_brand?post=4160"},{"taxonomy":"product_cat","embeddable":true,"href":"https:\/\/www.largepillow.com\/pt\/wp-json\/wp\/v2\/product_cat?post=4160"},{"taxonomy":"product_tag","embeddable":true,"href":"https:\/\/www.largepillow.com\/pt\/wp-json\/wp\/v2\/product_tag?post=4160"}],"curies":[{"name":"wp","href":"https:\/\/api.w.org\/{rel}","templated":true}]}}