{"id":4182,"date":"2024-09-12T03:55:25","date_gmt":"2024-09-12T03:55:25","guid":{"rendered":"https:\/\/www.largepillow.com\/product\/triangular-headboard-pillow-for-sleeping-with-side-pocket"},"modified":"2024-10-03T16:31:33","modified_gmt":"2024-10-03T16:31:33","slug":"travesseiro-triangular-para-cabeceira-para-dormir-com-bolso-lateral","status":"publish","type":"product","link":"https:\/\/www.largepillow.com\/pt\/product\/triangular-headboard-pillow-for-sleeping-with-side-pocket","title":{"rendered":"Travesseiro de cabeceira triangular para dormir com bolso lateral"},"content":{"rendered":"","protected":false},"excerpt":{"rendered":"<ul>\n<li><strong>Artesanato de alta qualidade:<\/strong> Para fazer com que as almofadas traseiras pare\u00e7am mais perfeitas e harmoniosas, o designer escolheu um bot\u00e3o decorativo na mesma cor da capa da almofada. A capa da almofada \u00e9 lisa e dur\u00e1vel, e a almofada em cunha \u00e9 macia e el\u00e1stica. H\u00e1 um z\u00edper na parte inferior, e o algod\u00e3o de enchimento \u00e9 embalado em uma camada de enchimento. Algod\u00e3o PP pode ser adicionado ou reduzido de acordo com sua pr\u00f3pria sensa\u00e7\u00e3o durante o uso.<\/li>\n<li><strong>Material:<\/strong> Capa de almofada estampada em cunha feita de algod\u00e3o 100%. O enchimento \u00e9 feito de fibra de poli\u00e9ster (algod\u00e3o PP). Macio ao toque, tingido de forma ecologicamente correta, sem pilling, sem desbotamento. Estampas delicadas decoram melhor o ambiente interno.<\/li>\n<li><strong>Fun\u00e7\u00e3o:<\/strong>\u00a0Nossas almofadas de suporte funcionais podem dar suporte \u00e0s suas costas quando voc\u00ea trabalha ou l\u00ea, para que voc\u00ea n\u00e3o se sinta t\u00e3o cansado. Basta lev\u00e1-lo para casa, e seus sof\u00e1s e camas comuns se tornar\u00e3o mais refinados. Al\u00e9m disso, nossa almofada de cabeceira de pel\u00facia com padr\u00e3o pode dar uma apar\u00eancia fresca e elegante \u00e0s varandas da sala de estar interna e \u00e0s cadeiras de jardim ao ar livre. Celulares ou outras necessidades di\u00e1rias podem ser armazenados nos bolsos laterais das almofadas.<\/li>\n<li><strong>Tamanho:<\/strong> 60 cm (60*20*50 cm), 140 cm (140*20*50 cm), 180 cm (180*20*50 cm)<\/li>\n<li>Observe que os bot\u00f5es n\u00e3o s\u00e3o remov\u00edveis e s\u00e3o firmemente costurados no n\u00facleo da almofada. H\u00e1 um furo sob cada bot\u00e3o que \u00e9 deixado para tr\u00e1s deliberadamente para facilitar a remo\u00e7\u00e3o da capa da almofada.<\/li>\n<\/ul>","protected":false},"featured_media":4169,"comment_status":"open","ping_status":"closed","template":"","meta":[],"product_brand":[],"product_cat":[15],"product_tag":[],"class_list":{"0":"post-4182","1":"product","2":"type-product","3":"status-publish","4":"has-post-thumbnail","6":"product_cat-large-wedge-pillow","8":"first","9":"instock","10":"shipping-taxable","11":"purchasable","12":"product-type-variable","13":"has-default-attributes"},"_links":{"self":[{"href":"https:\/\/www.largepillow.com\/pt\/wp-json\/wp\/v2\/product\/4182","targetHints":{"allow":["GET"]}}],"collection":[{"href":"https:\/\/www.largepillow.com\/pt\/wp-json\/wp\/v2\/product"}],"about":[{"href":"https:\/\/www.largepillow.com\/pt\/wp-json\/wp\/v2\/types\/product"}],"replies":[{"embeddable":true,"href":"https:\/\/www.largepillow.com\/pt\/wp-json\/wp\/v2\/comments?post=4182"}],"wp:featuredmedia":[{"embeddable":true,"href":"https:\/\/www.largepillow.com\/pt\/wp-json\/wp\/v2\/media\/4169"}],"wp:attachment":[{"href":"https:\/\/www.largepillow.com\/pt\/wp-json\/wp\/v2\/media?parent=4182"}],"wp:term":[{"taxonomy":"product_brand","embeddable":true,"href":"https:\/\/www.largepillow.com\/pt\/wp-json\/wp\/v2\/product_brand?post=4182"},{"taxonomy":"product_cat","embeddable":true,"href":"https:\/\/www.largepillow.com\/pt\/wp-json\/wp\/v2\/product_cat?post=4182"},{"taxonomy":"product_tag","embeddable":true,"href":"https:\/\/www.largepillow.com\/pt\/wp-json\/wp\/v2\/product_tag?post=4182"}],"curies":[{"name":"wp","href":"https:\/\/api.w.org\/{rel}","templated":true}]}}