{"id":4212,"date":"2024-09-13T00:40:09","date_gmt":"2024-09-13T00:40:09","guid":{"rendered":"https:\/\/www.largepillow.com\/product\/space-themed-backrest-cushion-for-kids-headboard-pillow-moon"},"modified":"2024-10-03T16:31:23","modified_gmt":"2024-10-03T16:31:23","slug":"almofada-de-encosto-tematica-espacial-para-cabeceira-infantil-travesseiro-lua","status":"publish","type":"product","link":"https:\/\/www.largepillow.com\/pt\/product\/space-themed-backrest-cushion-for-kids-headboard-pillow-moon\/","title":{"rendered":"Almofada de encosto tem\u00e1tica espacial para crian\u00e7as \u2013 Almofada de cabeceira (lua)"},"content":{"rendered":"[zc_getpagecontent mb=&#8221;mb_aplus&#8221; apid=&#8221;90&#8243;]\n","protected":false},"excerpt":{"rendered":"<ul>\n<li><strong>Tamanho do produto:<\/strong>\u00a0Temos 3 tipos de travesseiros de apoio para as costas com planetas dispon\u00edveis, que s\u00e3o Terra, Lua e J\u00fapiter, medindo cerca de 39 x 19,6 polegadas. Voc\u00ea pode escolher o visual dos seus travesseiros favoritos para combinar com seu humor. Crie um quarto de sonho e imaginativo com este ador\u00e1vel travesseiro de apoio para as costas com planetas, projetado para inspirar os sonhos de explora\u00e7\u00e3o espacial do seu filho.<\/li>\n<li><strong>Macio e confort\u00e1vel:<\/strong>\u00a0O travesseiro de leitura Planet \u00e9 feito de tecido curto de pel\u00facia, macio e confort\u00e1vel, oferecendo uma textura suave, quente e aconchegante para voc\u00ea; o material interno \u00e9 algod\u00e3o PP, macio e com suporte, pode ser colocado na cama ou no sof\u00e1, d\u00e1 suporte suficiente \u00e0s suas costas, mas tamb\u00e9m melhora a postura e alivia dores mec\u00e2nicas nas costas.<\/li>\n<li><strong>Design vibrante e realista:<\/strong>\u00a0Nossa almofada de cabeceira de planetas adota um design impresso de dois lados do incr\u00edvel tema Outer Space Universe Galaxy Planet. As crian\u00e7as podem aprender sobre cada planeta com detalhes texturizados e comparar seus tamanhos enquanto descansam em almofadas confort\u00e1veis, perfeitas para brincadeiras imaginativas. Essas decora\u00e7\u00f5es legais de gal\u00e1xias do espa\u00e7o sideral adicionam um pouco de atmosfera de estilo gal\u00e1ctico \u00e0 decora\u00e7\u00e3o da sua casa na gal\u00e1xia. Crie um quarto de decora\u00e7\u00e3o de planeta astronauta exclusivo para meninos e meninas.<\/li>\n<li><strong>Uso vers\u00e1til:<\/strong>\u00a0Os designs de travesseiros de encosto de planeta simulados em 3D com estilo de padr\u00e3o de impress\u00e3o dupla face v\u00edvida, esses travesseiros podem ser usados n\u00e3o apenas como uma decora\u00e7\u00e3o distinta para casa no ch\u00e3o, quarto, sof\u00e1, sala de estar e m\u00f3veis, mas tamb\u00e9m como uma interessante almofada de abra\u00e7o para sua fam\u00edlia, melhorando a apar\u00eancia de muitos lugares.<\/li>\n<li><strong>Design de z\u00edper oculto:<\/strong>\u00a0Cada fronha de almofada de planeta \u00e9 projetada com um z\u00edper oculto, apresentando uma apar\u00eancia perfeita e delicada; al\u00e9m disso, torna f\u00e1cil remover e inserir almofadas para limpeza ou substitui\u00e7\u00e3o, este \u00e9 um presente especial de anivers\u00e1rio e Natal m\u00e1gico para meninos e meninas.<\/li>\n<\/ul>","protected":false},"featured_media":4204,"comment_status":"open","ping_status":"closed","template":"","meta":[],"product_brand":[],"product_cat":[228],"product_tag":[],"class_list":{"0":"post-4212","1":"product","2":"type-product","3":"status-publish","4":"has-post-thumbnail","6":"product_cat-cushions","8":"first","9":"instock","10":"shipping-taxable","11":"purchasable","12":"product-type-simple"},"_links":{"self":[{"href":"https:\/\/www.largepillow.com\/pt\/wp-json\/wp\/v2\/product\/4212","targetHints":{"allow":["GET"]}}],"collection":[{"href":"https:\/\/www.largepillow.com\/pt\/wp-json\/wp\/v2\/product"}],"about":[{"href":"https:\/\/www.largepillow.com\/pt\/wp-json\/wp\/v2\/types\/product"}],"replies":[{"embeddable":true,"href":"https:\/\/www.largepillow.com\/pt\/wp-json\/wp\/v2\/comments?post=4212"}],"wp:featuredmedia":[{"embeddable":true,"href":"https:\/\/www.largepillow.com\/pt\/wp-json\/wp\/v2\/media\/4204"}],"wp:attachment":[{"href":"https:\/\/www.largepillow.com\/pt\/wp-json\/wp\/v2\/media?parent=4212"}],"wp:term":[{"taxonomy":"product_brand","embeddable":true,"href":"https:\/\/www.largepillow.com\/pt\/wp-json\/wp\/v2\/product_brand?post=4212"},{"taxonomy":"product_cat","embeddable":true,"href":"https:\/\/www.largepillow.com\/pt\/wp-json\/wp\/v2\/product_cat?post=4212"},{"taxonomy":"product_tag","embeddable":true,"href":"https:\/\/www.largepillow.com\/pt\/wp-json\/wp\/v2\/product_tag?post=4212"}],"curies":[{"name":"wp","href":"https:\/\/api.w.org\/{rel}","templated":true}]}}