{"id":4248,"date":"2024-09-13T01:54:01","date_gmt":"2024-09-13T01:54:01","guid":{"rendered":"https:\/\/www.largepillow.com\/product\/safe-compact-pet-car-seat-leather-booster-for-small-animals"},"modified":"2024-10-03T16:31:23","modified_gmt":"2024-10-03T16:31:23","slug":"assento-de-carro-compacto-e-seguro-para-animais-de-estimacao-assento-elevatorio-de-couro-para-animais-pequenos","status":"publish","type":"product","link":"https:\/\/www.largepillow.com\/pt\/product\/safe-compact-pet-car-seat-leather-booster-for-small-animals\/","title":{"rendered":"Assento de carro para animais de estima\u00e7\u00e3o seguro e compacto \u2013 Assento elevat\u00f3rio de couro para animais pequenos"},"content":{"rendered":"[zc_getpagecontent mb=&#8221;mb_aplus&#8221; apid=&#8221;80&#8243;]\n","protected":false},"excerpt":{"rendered":"<ul>\n<li><strong>Seguran\u00e7a e prote\u00e7\u00e3o finais:<\/strong> Nosso assento de carro para c\u00e3es com console central \u00e0 prova d&#039;\u00e1gua oferece um sistema de prote\u00e7\u00e3o de seguran\u00e7a 4 vezes, garantindo a seguran\u00e7a do seu c\u00e3o ou gato pequeno durante os passeios de carro. Com cintos de seguran\u00e7a duplos que podem ser fixados no banco do motorista, um cinto de reten\u00e7\u00e3o para animais de estima\u00e7\u00e3o, al\u00e7as fixas para estabilidade e uma base antiderrapante, voc\u00ea pode ficar tranquilo sabendo que seu animal de estima\u00e7\u00e3o est\u00e1 seguro no lugar.<\/li>\n<li><strong>Design anti-ansiedade:<\/strong> Nosso assento de carro para c\u00e3es com console central apresenta um design com z\u00edper superior que cria um assento de carro fechado para c\u00e3es, aliviando efetivamente a ansiedade dos animais de estima\u00e7\u00e3o e gerenciando animais de estima\u00e7\u00e3o excessivamente ativos, aumentando assim a seguran\u00e7a ao dirigir. Entretanto, o design permite que a cabe\u00e7a do c\u00e3o permane\u00e7a vis\u00edvel, proporcionando um campo de vis\u00e3o mais amplo para o seu animal de estima\u00e7\u00e3o apreciar a paisagem.<\/li>\n<li><strong>\u00c0 prova d&#039;\u00e1gua e f\u00e1cil de limpar:<\/strong> Feito de materiais de couro \u00e0 prova d&#039;\u00e1gua, este assento de carro \u00e9 adequado para todas as esta\u00e7\u00f5es. Ele protege efetivamente o assento do seu carro contra derramamentos, manchas e acidentes, tornando a limpeza muito f\u00e1cil. Voc\u00ea pode limpar facilmente qualquer sujeira, garantindo um ambiente limpo e higi\u00eanico para seu animal de estima\u00e7\u00e3o.<\/li>\n<li><strong>Materiais confort\u00e1veis:<\/strong> O corpo principal deste assento de carro para c\u00e3es com console central \u00e9 preenchido com material de espuma macia e de suporte, garantindo conforto e reten\u00e7\u00e3o de forma. Sem estrutura de metal, sem risco \u00e0 seguran\u00e7a. As paredes circundantes de cor bege s\u00e3o preenchidas com enchimento de poli\u00e9ster, que pode ser levantado para um espa\u00e7o mais privado ou abaixado para apoiar a cabe\u00e7a do c\u00e3o. Al\u00e9m disso, h\u00e1 bolsos convenientes em ambos os lados para armazenar acess\u00f3rios para c\u00e3es.<\/li>\n<li><strong>Projetado para pequenos animais de estima\u00e7\u00e3o:<\/strong> Projetado especificamente para c\u00e3es e gatos pequenos com peso inferior a 13 libras, este assento elevat\u00f3rio para carro oferece um espa\u00e7o aconchegante e confort\u00e1vel para seu amigo peludo. Impede que eles perambulem pelo carro, reduzindo distra\u00e7\u00f5es e garantindo sua seguran\u00e7a durante toda a viagem. Tamb\u00e9m funciona como porta-animais de pequeno porte, proporcionando comodidade e flexibilidade ao viajar com seu companheiro peludo.<\/li>\n<\/ul>","protected":false},"featured_media":4250,"comment_status":"open","ping_status":"closed","template":"","meta":[],"product_brand":[],"product_cat":[227],"product_tag":[],"class_list":{"0":"post-4248","1":"product","2":"type-product","3":"status-publish","4":"has-post-thumbnail","6":"product_cat-pet-supplies","8":"first","9":"instock","10":"shipping-taxable","11":"purchasable","12":"product-type-simple"},"_links":{"self":[{"href":"https:\/\/www.largepillow.com\/pt\/wp-json\/wp\/v2\/product\/4248","targetHints":{"allow":["GET"]}}],"collection":[{"href":"https:\/\/www.largepillow.com\/pt\/wp-json\/wp\/v2\/product"}],"about":[{"href":"https:\/\/www.largepillow.com\/pt\/wp-json\/wp\/v2\/types\/product"}],"replies":[{"embeddable":true,"href":"https:\/\/www.largepillow.com\/pt\/wp-json\/wp\/v2\/comments?post=4248"}],"wp:featuredmedia":[{"embeddable":true,"href":"https:\/\/www.largepillow.com\/pt\/wp-json\/wp\/v2\/media\/4250"}],"wp:attachment":[{"href":"https:\/\/www.largepillow.com\/pt\/wp-json\/wp\/v2\/media?parent=4248"}],"wp:term":[{"taxonomy":"product_brand","embeddable":true,"href":"https:\/\/www.largepillow.com\/pt\/wp-json\/wp\/v2\/product_brand?post=4248"},{"taxonomy":"product_cat","embeddable":true,"href":"https:\/\/www.largepillow.com\/pt\/wp-json\/wp\/v2\/product_cat?post=4248"},{"taxonomy":"product_tag","embeddable":true,"href":"https:\/\/www.largepillow.com\/pt\/wp-json\/wp\/v2\/product_tag?post=4248"}],"curies":[{"name":"wp","href":"https:\/\/api.w.org\/{rel}","templated":true}]}}