{"id":4260,"date":"2024-09-13T02:12:22","date_gmt":"2024-09-13T02:12:22","guid":{"rendered":"https:\/\/www.largepillow.com\/product\/v-shaped-side-sleeper-pillow-for-shoulder-and-leg-relief"},"modified":"2025-01-23T19:06:54","modified_gmt":"2025-01-23T19:06:54","slug":"travesseiro-lateral-em-formato-de-v-para-alivio-de-ombros-e-pernas-2","status":"publish","type":"product","link":"https:\/\/www.largepillow.com\/pt\/product\/v-shaped-side-sleeper-pillow-for-shoulder-and-leg-relief","title":{"rendered":"Travesseiro em formato de V para quem dorme de lado para al\u00edvio de ombros e pernas"},"content":{"rendered":"<p>Apresentando nosso Travesseiro para Dormir de Lado em Formato de V \u2013 a solu\u00e7\u00e3o definitiva para um sono mais confort\u00e1vel e tranquilo! Projetado especificamente para aliviar a press\u00e3o nos ombros e pernas, este travesseiro apresenta um formato de V exclusivo que fornece suporte ideal para quem dorme de lado. As inclina\u00e7\u00f5es acolchoadas em ambos os lados do travesseiro ajudam a aliviar a press\u00e3o nos bra\u00e7os e pernas, enquanto o ponto mais alto no topo levanta e apoia os ombros.<\/p>\n<p>Este travesseiro n\u00e3o s\u00f3 oferece suporte excepcional para os ombros e pernas, mas tamb\u00e9m \u00e9 perfeito para elevar a parte superior do corpo e reduzir os sintomas de refluxo \u00e1cido e ronco.<\/p>\n<p>Feito de veludo de poli\u00e9ster 100% de alta qualidade, ele oferece uma sensa\u00e7\u00e3o luxuosa e elegante que \u00e9 suave ao toque. Al\u00e9m disso, a fronha \u00e9 lav\u00e1vel \u00e0 m\u00e1quina para f\u00e1cil limpeza, garantindo que seu travesseiro permane\u00e7a limpo e fresco para uso cont\u00ednuo.<\/p>\n<p>Experimente um sono mais tranquilo e revigorante com nosso travesseiro para quem dorme de lado em formato de V \u2013 a escolha perfeita para quem dorme de lado e para quem busca uma melhor qualidade de sono!<\/p>","protected":false},"excerpt":{"rendered":"<ul>\n<li><strong>Al\u00edvio para ombros e pernas:<\/strong> O travesseiro para quem dorme de lado em formato de V \u00e9 projetado especificamente para proporcionar al\u00edvio para os ombros e pernas. Seu ponto mais alto fica no topo para levantar e dar suporte aos ombros, enquanto as inclina\u00e7\u00f5es almofadadas em ambos os lados do travesseiro ajudam a aliviar a press\u00e3o nos bra\u00e7os e pernas.<\/li>\n<li><strong>Travesseiro de cunha de cama:<\/strong> Pode ajudar a elevar a parte superior do corpo, o que pode reduzir os sintomas de refluxo \u00e1cido e ronco. Esta posi\u00e7\u00e3o inclinada tamb\u00e9m pode melhorar a circula\u00e7\u00e3o e reduzir a press\u00e3o na parte inferior das costas. Al\u00e9m disso, o design em forma de V do travesseiro fornece suporte e conforto para os ombros e pesco\u00e7o.<\/li>\n<li><strong>Experimente um sono reparador:<\/strong> Nosso travesseiro para quem dorme de lado em formato de V \u00e9 projetado especialmente ben\u00e9fico para quem dorme de lado, pois fornece suporte adequado para o pesco\u00e7o, ombros e pernas. Nosso travesseiro para quem dorme de lado pode ajudar voc\u00ea a ter uma melhor qualidade de sono.<\/li>\n<li><strong>Qualidade Premium:<\/strong> Nossa capa de travesseiro para quem dorme de lado \u00e9 feita com veludo de poli\u00e9ster 100%, proporcionando uma sensa\u00e7\u00e3o luxuosa e elegante, macia ao toque. Este material oferece conforto e aconchego excepcionais, tornando-a a escolha perfeita para uma noite de sono tranquila e rejuvenescedora.<\/li>\n<li><strong>Lav\u00e1vel \u00e0 m\u00e1quina:<\/strong> A capa de veludo do travesseiro pode ser facilmente removida e lavada na m\u00e1quina para uma limpeza pr\u00e1tica, garantindo que o travesseiro permane\u00e7a higi\u00eanico para uso cont\u00ednuo.<\/li>\n<\/ul>","protected":false},"featured_media":4251,"comment_status":"open","ping_status":"closed","template":"","meta":[],"product_brand":[],"product_cat":[228],"product_tag":[],"class_list":{"0":"post-4260","1":"product","2":"type-product","3":"status-publish","4":"has-post-thumbnail","6":"product_cat-cushions","8":"first","9":"instock","10":"shipping-taxable","11":"purchasable","12":"product-type-simple"},"_links":{"self":[{"href":"https:\/\/www.largepillow.com\/pt\/wp-json\/wp\/v2\/product\/4260","targetHints":{"allow":["GET"]}}],"collection":[{"href":"https:\/\/www.largepillow.com\/pt\/wp-json\/wp\/v2\/product"}],"about":[{"href":"https:\/\/www.largepillow.com\/pt\/wp-json\/wp\/v2\/types\/product"}],"replies":[{"embeddable":true,"href":"https:\/\/www.largepillow.com\/pt\/wp-json\/wp\/v2\/comments?post=4260"}],"wp:featuredmedia":[{"embeddable":true,"href":"https:\/\/www.largepillow.com\/pt\/wp-json\/wp\/v2\/media\/4251"}],"wp:attachment":[{"href":"https:\/\/www.largepillow.com\/pt\/wp-json\/wp\/v2\/media?parent=4260"}],"wp:term":[{"taxonomy":"product_brand","embeddable":true,"href":"https:\/\/www.largepillow.com\/pt\/wp-json\/wp\/v2\/product_brand?post=4260"},{"taxonomy":"product_cat","embeddable":true,"href":"https:\/\/www.largepillow.com\/pt\/wp-json\/wp\/v2\/product_cat?post=4260"},{"taxonomy":"product_tag","embeddable":true,"href":"https:\/\/www.largepillow.com\/pt\/wp-json\/wp\/v2\/product_tag?post=4260"}],"curies":[{"name":"wp","href":"https:\/\/api.w.org\/{rel}","templated":true}]}}