{"id":4365,"date":"2024-09-13T03:28:21","date_gmt":"2024-09-13T03:28:21","guid":{"rendered":"https:\/\/www.largepillow.com\/product\/large-headboard-reading-pillow-bolster-body-pillow-gray"},"modified":"2024-10-03T16:31:33","modified_gmt":"2024-10-03T16:31:33","slug":"grande-cabeceira-travesseiro-de-leitura-travesseiro-de-corpo-almofada-cinza","status":"publish","type":"product","link":"https:\/\/www.largepillow.com\/pt\/product\/large-headboard-reading-pillow-bolster-body-pillow-gray","title":{"rendered":"Grande cabeceira travesseiro de leitura travesseiro de corpo almofada cinza"},"content":{"rendered":"[zc_getpagecontent mb=&#8221;mb_aplus&#8221; apid=&#8221;60&#8243;]\n","protected":false},"excerpt":{"rendered":"<ul>\n<li>Design moderno: Projetado com bot\u00f5es tufados e detalhes costurados, as bordas enroladas tamb\u00e9m adicionam um toque decorativo extra. Esta almofada lombar grande com enchimento generoso adiciona conforto extra e garante que voc\u00ea tenha o melhor suporte enquanto se senta e relaxa. Use sozinho como uma pe\u00e7a de destaque ou misture e combine com outras almofadas padr\u00e3o impressas\/s\u00f3lidas ou outras almofadas bordadas para um visual coordenado.<\/li>\n<li>\u00d3timo travesseiro de apoio para as costas: este travesseiro grande oferece mais suporte do que travesseiros fofos de tamanho normal, travesseiros boudoir ou travesseiros euro e \u00e9 resistente para manter sua forma. Este travesseiro de cabeceira grande com um enchimento generoso adiciona conforto, combinado com um colch\u00e3o macio, garante que voc\u00ea tenha o melhor suporte ao se inclinar para tr\u00e1s e relaxar. E este travesseiro de encosto grande e moderno tamb\u00e9m resolver\u00e1 o problema dos travesseiros da sua cama deslizarem entre o colch\u00e3o e a cabeceira.<\/li>\n<li>Multiuso: Use esta grande almofada de apoio para as costas como uma alternativa de cabeceira ou encosto de sof\u00e1, ou coloque-a em um banco para que voc\u00ea tenha um novo sof\u00e1. Este travesseiro de cama longo tamb\u00e9m pode ser usado como um grande travesseiro de corpo para ajudar voc\u00ea a ter uma boa noite de sono. Este travesseiro de cabeceira estofado \u00e9 t\u00e3o lindo, de qualidade t\u00e3o excelente e superconfort\u00e1vel para se apoiar. Ao mesmo tempo, combina bem com v\u00e1rios estilos de decora\u00e7\u00e3o de casa, adicionando uma sensa\u00e7\u00e3o aconchegante e aconchegante ao quarto.<\/li>\n<li>Artesanato Superior: O travesseiro longo de poli\u00e9ster 100% \u00e9 uma experi\u00eancia ultramacia e confort\u00e1vel para sua pele. Travesseiros tradicionais tendem a ceder com o tempo, mas este travesseiro de leitura apresenta bot\u00f5es tufados que n\u00e3o s\u00f3 fornecem um estilo contempor\u00e2neo, mas tamb\u00e9m mant\u00eam o enchimento no lugar para maior durabilidade. Costura de patchwork e bordas flangeadas tamb\u00e9m adicionam uma decora\u00e7\u00e3o extra.<\/li>\n<li>Instru\u00e7\u00f5es de cuidados com a fronha: As fronhas s\u00e3o remov\u00edveis, n\u00e3o desbotam nem desfiam, s\u00e3o f\u00e1ceis de cuidar e podem ser lavadas na m\u00e1quina gra\u00e7as ao design com bot\u00f5es tufados e z\u00edper invis\u00edvel.<\/li>\n<\/ul>","protected":false},"featured_media":4347,"comment_status":"open","ping_status":"closed","template":"","meta":[],"product_brand":[],"product_cat":[28],"product_tag":[],"class_list":{"0":"post-4365","1":"product","2":"type-product","3":"status-publish","4":"has-post-thumbnail","6":"product_cat-large-body-pillow","8":"first","9":"instock","10":"shipping-taxable","11":"purchasable","12":"product-type-variable","13":"has-default-attributes"},"_links":{"self":[{"href":"https:\/\/www.largepillow.com\/pt\/wp-json\/wp\/v2\/product\/4365","targetHints":{"allow":["GET"]}}],"collection":[{"href":"https:\/\/www.largepillow.com\/pt\/wp-json\/wp\/v2\/product"}],"about":[{"href":"https:\/\/www.largepillow.com\/pt\/wp-json\/wp\/v2\/types\/product"}],"replies":[{"embeddable":true,"href":"https:\/\/www.largepillow.com\/pt\/wp-json\/wp\/v2\/comments?post=4365"}],"wp:featuredmedia":[{"embeddable":true,"href":"https:\/\/www.largepillow.com\/pt\/wp-json\/wp\/v2\/media\/4347"}],"wp:attachment":[{"href":"https:\/\/www.largepillow.com\/pt\/wp-json\/wp\/v2\/media?parent=4365"}],"wp:term":[{"taxonomy":"product_brand","embeddable":true,"href":"https:\/\/www.largepillow.com\/pt\/wp-json\/wp\/v2\/product_brand?post=4365"},{"taxonomy":"product_cat","embeddable":true,"href":"https:\/\/www.largepillow.com\/pt\/wp-json\/wp\/v2\/product_cat?post=4365"},{"taxonomy":"product_tag","embeddable":true,"href":"https:\/\/www.largepillow.com\/pt\/wp-json\/wp\/v2\/product_tag?post=4365"}],"curies":[{"name":"wp","href":"https:\/\/api.w.org\/{rel}","templated":true}]}}