{"id":4391,"date":"2024-09-13T04:14:15","date_gmt":"2024-09-13T04:14:15","guid":{"rendered":"https:\/\/www.largepillow.com\/product\/giant-dog-beds-for-adult-humans-large-floor-bed-mattress"},"modified":"2024-10-03T16:31:23","modified_gmt":"2024-10-03T16:31:23","slug":"camas-gigantes-para-caes-para-humanos-adultos-cama-de-chao-grande-colchao","status":"publish","type":"product","link":"https:\/\/www.largepillow.com\/pt\/product\/giant-dog-beds-for-adult-humans-large-floor-bed-mattress\/","title":{"rendered":"Camas gigantes para c\u00e3es para humanos adultos Cama grande de ch\u00e3o Colch\u00e3o"},"content":{"rendered":"[zc_getpagecontent mb=&#8221;mb_aplus&#8221; apid=&#8221;41&#8243;]\n","protected":false},"excerpt":{"rendered":"<ul>\n<li><strong>Relaxamento M\u00e1ximo<\/strong>: Prepare-se para relaxar com o m\u00e1ximo conforto com nossa cama para c\u00e3es humanos \u2013 o lugar perfeito para relaxar com seu melhor amigo peludo! Com seu design espa\u00e7oso e materiais aconchegantes, voc\u00ea nunca vai querer sair.<\/li>\n<li><strong>Extremamente seguro<\/strong>: Nossa cama para cachorro tamanho humano \u00e9 feita com um design exclusivo de cord\u00e3o, proporcionando a voc\u00ea e seu amigo peludo uma sensa\u00e7\u00e3o incompar\u00e1vel de seguran\u00e7a e conforto. Aconcheguem-se juntos e experimentem a sensa\u00e7\u00e3o de estarem envolvidos em um abra\u00e7o caloroso e aconchegante \u2013 muito parecido com a sensa\u00e7\u00e3o reconfortante de descansar nos bra\u00e7os de uma m\u00e3e.<\/li>\n<li><strong>Confort\u00e1vel e f\u00e1cil de limpar<\/strong>: Esta cama para c\u00e3es humanos \u00e9 feita em tecido de veludo macio, tamb\u00e9m \u00e9 f\u00e1cil de limpar pelos de animais de estima\u00e7\u00e3o. O enchimento de fibra de poli\u00e9ster premium fornece a quantidade certa de suporte para seu animal de estima\u00e7\u00e3o descansar e recarregar as energias. Estejam eles tirando uma soneca ou procurando um lugar aconchegante para se aconchegar, esta cama de pufe \u00e9 perfeita para voc\u00ea e seu animal de estima\u00e7\u00e3o.<\/li>\n<li><strong>Conveniente para armazenar<\/strong>: Nossa enorme cama para animais de estima\u00e7\u00e3o foi projetada para m\u00e1xima conveni\u00eancia com seu recurso destac\u00e1vel. O colch\u00e3o principal e a cerca com cord\u00e3o podem ser facilmente conectados usando z\u00edperes de alta qualidade, permitindo uma montagem r\u00e1pida e f\u00e1cil. Quando n\u00e3o estiver em uso, basta destacar as duas se\u00e7\u00f5es e enrolar a cama para armazenamento compacto. Observe que o cobertor na imagem n\u00e3o est\u00e1 inclu\u00eddo.<\/li>\n<li><strong>Colch\u00e3o de cama tempor\u00e1rio ideal<\/strong>: Nossa cama para c\u00e3es humanos n\u00e3o \u00e9 apenas um lugar aconchegante para seu amigo peludo descansar, mas tamb\u00e9m \u00e9 a substitui\u00e7\u00e3o perfeita para colch\u00f5es de ar infl\u00e1veis tradicionais. Ao contr\u00e1rio dessas camas de ar inc\u00f4modas, esta cama para animais de estima\u00e7\u00e3o oferece um enchimento macio e confort\u00e1vel que garante que seu animal de estima\u00e7\u00e3o tenha o descanso de que precisa. \u00c9 \u00f3timo para quando voc\u00ea est\u00e1 acampando, viajando ou simplesmente precisa de uma solu\u00e7\u00e3o tempor\u00e1ria para o conforto do seu animal de estima\u00e7\u00e3o.<\/li>\n<\/ul>","protected":false},"featured_media":4372,"comment_status":"open","ping_status":"closed","template":"","meta":[],"product_brand":[],"product_cat":[228],"product_tag":[],"class_list":{"0":"post-4391","1":"product","2":"type-product","3":"status-publish","4":"has-post-thumbnail","6":"product_cat-cushions","8":"first","9":"outofstock","10":"shipping-taxable","11":"purchasable","12":"product-type-simple"},"_links":{"self":[{"href":"https:\/\/www.largepillow.com\/pt\/wp-json\/wp\/v2\/product\/4391","targetHints":{"allow":["GET"]}}],"collection":[{"href":"https:\/\/www.largepillow.com\/pt\/wp-json\/wp\/v2\/product"}],"about":[{"href":"https:\/\/www.largepillow.com\/pt\/wp-json\/wp\/v2\/types\/product"}],"replies":[{"embeddable":true,"href":"https:\/\/www.largepillow.com\/pt\/wp-json\/wp\/v2\/comments?post=4391"}],"wp:featuredmedia":[{"embeddable":true,"href":"https:\/\/www.largepillow.com\/pt\/wp-json\/wp\/v2\/media\/4372"}],"wp:attachment":[{"href":"https:\/\/www.largepillow.com\/pt\/wp-json\/wp\/v2\/media?parent=4391"}],"wp:term":[{"taxonomy":"product_brand","embeddable":true,"href":"https:\/\/www.largepillow.com\/pt\/wp-json\/wp\/v2\/product_brand?post=4391"},{"taxonomy":"product_cat","embeddable":true,"href":"https:\/\/www.largepillow.com\/pt\/wp-json\/wp\/v2\/product_cat?post=4391"},{"taxonomy":"product_tag","embeddable":true,"href":"https:\/\/www.largepillow.com\/pt\/wp-json\/wp\/v2\/product_tag?post=4391"}],"curies":[{"name":"wp","href":"https:\/\/api.w.org\/{rel}","templated":true}]}}