{"id":4405,"date":"2024-09-14T02:18:37","date_gmt":"2024-09-14T02:18:37","guid":{"rendered":"https:\/\/www.largepillow.com\/product\/large-floor-loveseat-cozy-chair-for-home-spaces"},"modified":"2024-12-12T09:14:40","modified_gmt":"2024-12-12T09:14:40","slug":"grande-sofa-de-chao-cadeira-aconchegante-para-espacos-domesticos-2","status":"publish","type":"product","link":"https:\/\/www.largepillow.com\/pt\/product\/large-floor-loveseat-cozy-chair-for-home-spaces\/","title":{"rendered":"Loveseat grande no ch\u00e3o \u2013 cadeira aconchegante para espa\u00e7os dom\u00e9sticos"},"content":{"rendered":"[zc_getpagecontent mb=&#8221;mb_aplus&#8221; apid=&#8221;96&#8243;]\n","protected":false},"excerpt":{"rendered":"<ul>\n<li><strong>CONFORTO M\u00c1XIMO:<\/strong> Desfrute de conforto incompar\u00e1vel com a chaise longue. Com uma sobreposi\u00e7\u00e3o de pele de coelho e estofamento de espuma de alta resili\u00eancia, este sof\u00e1 garante o m\u00e1ximo conforto, esteja voc\u00ea sentado para ler um livro, assistir TV ou apenas relaxar ap\u00f3s um dia agitado.<\/li>\n<li><strong>ARTESANATO DE ALTA QUALIDADE:<\/strong> Este sof\u00e1 sem moldura apresenta uma capa de veludo cotel\u00ea felpudo e forro de algod\u00e3o PP, combinando praticidade e conforto para uma experi\u00eancia luxuosa e dur\u00e1vel. \u00c9 f\u00e1cil de desmontar e montar, garantindo eleg\u00e2ncia duradoura em qualquer ambiente.<\/li>\n<li><strong>SUPORTE EST\u00c1VEL:<\/strong> Desfrute de um relaxamento tranquilo com nosso sof\u00e1 de ch\u00e3o. A espuma de alta densidade fornece excelente suporte e amortecimento que abra\u00e7a as curvas do corpo e alivia os pontos de press\u00e3o. A estabilidade do sof\u00e1 drop-in garante seguran\u00e7a e confiabilidade.<\/li>\n<li><strong>DESIGN \u00daNICO E F\u00c1CIL DE LIMPAR:<\/strong> Este sof\u00e1 n\u00e3o \u00e9 apenas confort\u00e1vel, mas tamb\u00e9m f\u00e1cil de manter limpo. O design com z\u00edper invis\u00edvel \u00e9 f\u00e1cil de remover e limpar, mantendo o sof\u00e1 arrumado. Deixe voc\u00ea aproveitar seu tempo de lazer confortavelmente.<\/li>\n<li><strong>TAMANHO IDEAL PARA CONFORTO:<\/strong> Nossa espregui\u00e7adeira interna mede 122*122*27 cm, que \u00e9 o tamanho ideal para uma poltrona reclin\u00e1vel, al\u00e9m de ser f\u00e1cil de guardar e economizar espa\u00e7o.<\/li>\n<\/ul>","protected":false},"featured_media":4393,"comment_status":"open","ping_status":"closed","template":"","meta":[],"product_brand":[],"product_cat":[228],"product_tag":[],"class_list":{"0":"post-4405","1":"product","2":"type-product","3":"status-publish","4":"has-post-thumbnail","6":"product_cat-cushions","8":"first","9":"outofstock","10":"shipping-taxable","11":"purchasable","12":"product-type-simple"},"_links":{"self":[{"href":"https:\/\/www.largepillow.com\/pt\/wp-json\/wp\/v2\/product\/4405","targetHints":{"allow":["GET"]}}],"collection":[{"href":"https:\/\/www.largepillow.com\/pt\/wp-json\/wp\/v2\/product"}],"about":[{"href":"https:\/\/www.largepillow.com\/pt\/wp-json\/wp\/v2\/types\/product"}],"replies":[{"embeddable":true,"href":"https:\/\/www.largepillow.com\/pt\/wp-json\/wp\/v2\/comments?post=4405"}],"wp:featuredmedia":[{"embeddable":true,"href":"https:\/\/www.largepillow.com\/pt\/wp-json\/wp\/v2\/media\/4393"}],"wp:attachment":[{"href":"https:\/\/www.largepillow.com\/pt\/wp-json\/wp\/v2\/media?parent=4405"}],"wp:term":[{"taxonomy":"product_brand","embeddable":true,"href":"https:\/\/www.largepillow.com\/pt\/wp-json\/wp\/v2\/product_brand?post=4405"},{"taxonomy":"product_cat","embeddable":true,"href":"https:\/\/www.largepillow.com\/pt\/wp-json\/wp\/v2\/product_cat?post=4405"},{"taxonomy":"product_tag","embeddable":true,"href":"https:\/\/www.largepillow.com\/pt\/wp-json\/wp\/v2\/product_tag?post=4405"}],"curies":[{"name":"wp","href":"https:\/\/api.w.org\/{rel}","templated":true}]}}