{"id":459,"date":"2022-09-16T02:19:51","date_gmt":"2022-09-16T02:19:51","guid":{"rendered":"https:\/\/www.largepillow.com\/product\/large-bolster-cushion"},"modified":"2025-11-05T02:15:31","modified_gmt":"2025-11-05T02:15:31","slug":"travesseiro-de-cama","status":"publish","type":"product","link":"https:\/\/www.largepillow.com\/pt\/product\/bed-bolster","title":{"rendered":"Travesseiro"},"content":{"rendered":"<p>Descubra o m\u00e1ximo conforto com o travesseiro de cama: seu travesseiro multiuso perfeito<\/p>\n<p>No mundo acelerado de hoje, o relaxamento e o conforto em casa nunca foram t\u00e3o importantes. Quer voc\u00ea seja um leitor \u00e1vido, um not\u00edvago que trabalha at\u00e9 tarde ou algu\u00e9m que gosta de assistir suas s\u00e9ries favoritas na cama, o Bed Bolster est\u00e1 aqui para transformar sua experi\u00eancia. Esta almofada de cabeceira, com o seu design inovador e utiliza\u00e7\u00e3o multifuncional, garante que o conforto nunca \u00e9 comprometido. Vamos mergulhar no que torna o Bed Bolster um item obrigat\u00f3rio em todas as casas modernas.<\/p>\n<p>Conforto m\u00e1ximo com design de forma triangular<\/p>\n<p>Projetado com o seu m\u00e1ximo conforto em mente, o Bed Bolster n\u00e3o \u00e9 apenas um travesseiro comum. Seu formato triangular exclusivo foi criado especificamente para se ajustar perfeitamente \u00e0s suas costas e cintura, proporcionando suporte incompar\u00e1vel e reduzindo a press\u00e3o lombar e nas costas de forma eficaz. Esta almofada extragrande \u00e9 feita sob medida para acomodar duas pessoas, tornando-a a \u00fanica almofada de cabeceira em cunha que voc\u00ea precisa para um momento de relaxamento sem tens\u00e3o em sua cama ou sof\u00e1.<\/p>\n<p>Versatilidade no seu melhor: almofada grande 3 em 1<\/p>\n<p>O Bed Bolster redefine a versatilidade. Use-o na vertical como travesseiro de apoio para as costas na cabeceira enquanto est\u00e1 sentado na cama, coloque-o plano como um travesseiro grande para dormir de costas ou de lado, ou at\u00e9 mesmo como travesseiro de pernas para elevar as pernas e melhorar a circula\u00e7\u00e3o. \u00c9 a escolha perfeita para casais que procuram uma almofada de cabeceira grande que proporcione apoio e conforto para ambos os indiv\u00edduos em simult\u00e2neo.<\/p>\n<p>Design multifuncional para cada necessidade<\/p>\n<p>Al\u00e9m de servir como travesseiro de cabeceira, o travesseiro de cama funciona como um travesseiro de p\u00e1ra-choque e um sof\u00e1 elegante ou travesseiro de encosto de sof\u00e1. O seu design multifuncional garante que se adapta perfeitamente a qualquer quarto ou espa\u00e7o habitacional, acrescentando funcionalidade e estilo.<\/p>\n<p>Artesanato que fala por si<\/p>\n<p>O Bed Bolster apresenta acabamento superior com sua fronha de veludo de poli\u00e9ster 100% \u2013 macia, elegante e um prazer de tocar. Preenchido com fibras de poli\u00e9ster de alta densidade e alta qualidade, promete durabilidade e conforto sem flacidez, mesmo ap\u00f3s uso prolongado. Al\u00e9m disso, os pr\u00e1ticos bolsos laterais oferecem um local pr\u00e1tico para guardar o seu livro ou telefone, mantendo os itens essenciais ao seu alcance.<\/p>\n<p>Manuten\u00e7\u00e3o sem complica\u00e7\u00f5es<\/p>\n<p>Manter o travesseiro da cama limpo \u00e9 o mais f\u00e1cil poss\u00edvel. Equipada com um z\u00edper simples, a capa da almofada de leitura \u00e9 facilmente remov\u00edvel e lav\u00e1vel na m\u00e1quina, garantindo que seu travesseiro permane\u00e7a fresco e convidativo em todos os momentos.<\/p>\n<p>Adaptado para caber no seu espa\u00e7o<\/p>\n<p>Com tamanhos que variam de 45cm a 200cm de comprimento e equipado com at\u00e9 7 bot\u00f5es para f\u00e1cil ajuste e sustenta\u00e7\u00e3o, o Bed Bolster foi projetado para caber perfeitamente em qualquer espa\u00e7o. Escolha o tamanho que melhor se adapta \u00e0s suas necessidades e desfrute de uma sensa\u00e7\u00e3o personalizada de conforto e suporte.<\/p>\n<p>O que os clientes est\u00e3o dizendo<\/p>\n<p>A partir dos coment\u00e1rios sobre as mercadorias, fica claro que os clientes est\u00e3o entusiasmados com a compra. Muitos destacam a \u201calmofada de apoio triangular\u201d pelo seu excepcional conforto e apoio, enquanto outros elogiam o \u201cveludo\u201d pela sua suavidade e toque luxuoso. A cor \u201ccaf\u00e9\u201d parece ser a preferida dos compradores, acrescentando um toque de eleg\u00e2ncia a qualquer ambiente.<\/p>\n<p>Empacotando<\/p>\n<p>O Bed Bolster \u00e9 mais do que apenas um travesseiro; \u00e9 uma virada de jogo quando se trata de melhorar seu relaxamento e conforto em casa. Seu design multifuncional, acabamento excepcional e f\u00e1cil manuten\u00e7\u00e3o fazem dele um produto de destaque. Seja para ler, trabalhar ou simplesmente relaxar ap\u00f3s um longo dia, o Bed Bolster promete ser o seu companheiro perfeito. N\u00e3o acredite apenas na nossa palavra; experimente e experimente o m\u00e1ximo conforto para voc\u00ea!<\/p>","protected":false},"excerpt":{"rendered":"<ul>\n<li><strong>Conforto final:<\/strong> Esta almofada de cabeceira oferece excelente conforto gra\u00e7as ao seu design de forma triangular. A almofada do suporte da cama ajusta-se perfeitamente \u00e0s costas e \u00e0 cintura, minimizando a press\u00e3o lombar\/costas. Esta almofada de leitura em cunha pode ajud\u00e1-lo a ficar livre de tens\u00e3o na cama ou no sof\u00e1, o que \u00e9 ideal para trabalhar noct\u00edvagos, leitores \u00e1vidos e assistir TV na cama. Esta almofada extra grande \u00e9 a \u00fanica almofada de cabeceira em cunha que pode acomodar duas pessoas.<\/li>\n<li><strong>Almofada grande 3 em 1:<\/strong> Voc\u00ea pode usar o travesseiro na posi\u00e7\u00e3o vertical como travesseiro de cabeceira para sentar na cama ou coloc\u00e1-lo na cama para us\u00e1-lo como um travesseiro grande ao dormir de costas ou de lado, ou como travesseiro para elevar as pernas. Se voc\u00ea deseja uma almofada de cabeceira grande que d\u00ea suporte para voc\u00ea e seu c\u00f4njuge. \u00c9 uma excelente alternativa.<\/li>\n<li><strong>Design multifuncional:<\/strong> Algumas pessoas usam a almofada grande triangular como travesseiro de cabeceira, enquanto outras a usam como travesseiro de p\u00e1ra-choque, tamb\u00e9m pode ser um travesseiro de encosto de sof\u00e1 ou sof\u00e1-cama. \u00c9 elegante e funcional, o que o torna um excelente complemento para qualquer quarto.<\/li>\n<li><strong>Artesanato Superior:<\/strong> Nossa fronha \u00e9 feita de veludo de poli\u00e9ster 100%, macio, elegante e confort\u00e1vel ao toque. O forro \u00e9 feito de fibras de poli\u00e9ster de alta densidade e alta qualidade, que evitam flacidez mesmo ap\u00f3s meses de uso. Al\u00e9m disso, vem com bolsos laterais para guardar seu livro ou telefone.<\/li>\n<li><strong>F\u00e1cil de limpar:<\/strong> A capa da almofada de leitura \u00e9 fixada na almofada com bot\u00f5es e \u00e9 f\u00e1cil de remover com um simples z\u00edper. Isso torna sua limpeza descomplicada. Basta remover a capa e lavar rapidamente na m\u00e1quina para deixar seu travesseiro como novo.<\/li>\n<li><strong>Tamanho:<\/strong> 45cm (C45 x L20 x A50 | 0 bot\u00f5es), 60cm (C60 x L20 x A50 | 0 bot\u00f5es), 80cm (C80 x L20 x A50 | 2 bot\u00f5es), 100cm (C100 x L20 x A50 | 3 bot\u00f5es), 120cm ( C120 x L20 x A50 | 4 bot\u00f5es), 140cm (C140 x L20 x A50 | 4 bot\u00f5es), 160cm (C160 x L20 x A50 | 5 bot\u00f5es), 180cm (C180 x L20 x A50 | 6 bot\u00f5es), 200cm (C200 x W20 x H50 | 7 bot\u00f5es).<\/li>\n<\/ul>","protected":false},"featured_media":442,"comment_status":"open","ping_status":"closed","template":"","meta":[],"product_brand":[],"product_cat":[15],"product_tag":[66,210,206,102,75,168,132,163,143,59,120,65],"class_list":{"0":"post-459","1":"product","2":"type-product","3":"status-publish","4":"has-post-thumbnail","6":"product_cat-large-wedge-pillow","7":"product_tag-back-support-pillow","8":"product_tag-bed-bolster","9":"product_tag-bumper-pillow","10":"product_tag-couch-pillow","11":"product_tag-daybed-pillow","12":"product_tag-headboard-pillow","13":"product_tag-large-bolster-pillow","14":"product_tag-leg-pillow","15":"product_tag-multifunctional-pillow","16":"product_tag-reading-pillow","17":"product_tag-velvet-pillow","18":"product_tag-wedge-pillow","20":"first","21":"instock","22":"shipping-taxable","23":"purchasable","24":"product-type-variable"},"_links":{"self":[{"href":"https:\/\/www.largepillow.com\/pt\/wp-json\/wp\/v2\/product\/459","targetHints":{"allow":["GET"]}}],"collection":[{"href":"https:\/\/www.largepillow.com\/pt\/wp-json\/wp\/v2\/product"}],"about":[{"href":"https:\/\/www.largepillow.com\/pt\/wp-json\/wp\/v2\/types\/product"}],"replies":[{"embeddable":true,"href":"https:\/\/www.largepillow.com\/pt\/wp-json\/wp\/v2\/comments?post=459"}],"wp:featuredmedia":[{"embeddable":true,"href":"https:\/\/www.largepillow.com\/pt\/wp-json\/wp\/v2\/media\/442"}],"wp:attachment":[{"href":"https:\/\/www.largepillow.com\/pt\/wp-json\/wp\/v2\/media?parent=459"}],"wp:term":[{"taxonomy":"product_brand","embeddable":true,"href":"https:\/\/www.largepillow.com\/pt\/wp-json\/wp\/v2\/product_brand?post=459"},{"taxonomy":"product_cat","embeddable":true,"href":"https:\/\/www.largepillow.com\/pt\/wp-json\/wp\/v2\/product_cat?post=459"},{"taxonomy":"product_tag","embeddable":true,"href":"https:\/\/www.largepillow.com\/pt\/wp-json\/wp\/v2\/product_tag?post=459"}],"curies":[{"name":"wp","href":"https:\/\/api.w.org\/{rel}","templated":true}]}}