{"id":4670,"date":"2024-11-05T04:13:37","date_gmt":"2024-11-05T04:13:37","guid":{"rendered":"https:\/\/www.largepillow.com\/product\/wood-log-ottoman-pouf-cushion-foam-removable-cover"},"modified":"2025-11-24T01:41:33","modified_gmt":"2025-11-24T01:41:33","slug":"pufe-pufe-de-madeira-com-capa-removivel-de-espuma","status":"publish","type":"product","link":"https:\/\/www.largepillow.com\/pt\/product\/wood-log-ottoman-pouf-cushion-foam-removable-cover","title":{"rendered":"Almofada pufe otomana de madeira \u2013 espuma e capa remov\u00edvel"},"content":{"rendered":"[zc_getpagecontent mb=&#8221;mb_aplus&#8221; apid=&#8221;101&#8243;]\n","protected":false},"excerpt":{"rendered":"<ul>\n<li>Design de textura de \u00e1rvore distinta: Apresentando um padr\u00e3o de tronco criativo, este pufe de \u00e1rvore inovador exala estilo e adiciona drama visual e funcional ao seu espa\u00e7o. Suas cores vibrantes e usos vers\u00e1teis o tornam uma adi\u00e7\u00e3o de destaque a qualquer arranjo de m\u00f3veis, elevando a est\u00e9tica geral.<\/li>\n<li>Multifuncional e elegante: perfeito para v\u00e1rios ambientes, como na frente da penteadeira do quarto, como assento extra ou apoio para os p\u00e9s, este elegante pufe combinado adiciona um toque de eleg\u00e2ncia a qualquer ambiente. Use-o como uma mesa de centro com uma bandeja para decora\u00e7\u00e3o, tornando-o uma pe\u00e7a decorativa vers\u00e1til.<\/li>\n<li>Conforto e qualidade: Feito com capa de veludo macio e preenchido com espuma de alta densidade, este pufe geom\u00e9trico oferece uma experi\u00eancia de assento confort\u00e1vel e de suporte. Seus materiais amig\u00e1veis \u00e0 pele e constru\u00e7\u00e3o resistente tornam o pufe um ajuste ideal para qualquer estilo de decora\u00e7\u00e3o de casa.<\/li>\n<li>Manuten\u00e7\u00e3o conveniente: Projetado para uso interno, este pufe pufe estofado apresenta um z\u00edper suave para f\u00e1cil remo\u00e7\u00e3o da capa para limpeza. Leve e f\u00e1cil de mover entre os c\u00f4modos, ele garante manuten\u00e7\u00e3o sem complica\u00e7\u00f5es para manter seu espa\u00e7o com apar\u00eancia fresca e organizada.<\/li>\n<li>Envio e Desdobramento Eficientes: Para garantir um processo de envio seguro e eficiente, nossos apoios para os p\u00e9s tipo pufe s\u00e3o embalados a v\u00e1cuo. Simplesmente deixe-os desdobrar por 24-48 horas ap\u00f3s a chegada para a melhor experi\u00eancia, garantindo que seu pufe geom\u00e9trico esteja pronto para elevar seu espa\u00e7o com estilo e conforto.<\/li>\n<\/ul>","protected":false},"featured_media":4659,"comment_status":"open","ping_status":"closed","template":"","meta":[],"product_brand":[],"product_cat":[228],"product_tag":[],"class_list":{"0":"post-4670","1":"product","2":"type-product","3":"status-publish","4":"has-post-thumbnail","6":"product_cat-cushions","8":"first","9":"instock","10":"shipping-taxable","11":"purchasable","12":"product-type-variable","13":"has-default-attributes"},"_links":{"self":[{"href":"https:\/\/www.largepillow.com\/pt\/wp-json\/wp\/v2\/product\/4670","targetHints":{"allow":["GET"]}}],"collection":[{"href":"https:\/\/www.largepillow.com\/pt\/wp-json\/wp\/v2\/product"}],"about":[{"href":"https:\/\/www.largepillow.com\/pt\/wp-json\/wp\/v2\/types\/product"}],"replies":[{"embeddable":true,"href":"https:\/\/www.largepillow.com\/pt\/wp-json\/wp\/v2\/comments?post=4670"}],"wp:featuredmedia":[{"embeddable":true,"href":"https:\/\/www.largepillow.com\/pt\/wp-json\/wp\/v2\/media\/4659"}],"wp:attachment":[{"href":"https:\/\/www.largepillow.com\/pt\/wp-json\/wp\/v2\/media?parent=4670"}],"wp:term":[{"taxonomy":"product_brand","embeddable":true,"href":"https:\/\/www.largepillow.com\/pt\/wp-json\/wp\/v2\/product_brand?post=4670"},{"taxonomy":"product_cat","embeddable":true,"href":"https:\/\/www.largepillow.com\/pt\/wp-json\/wp\/v2\/product_cat?post=4670"},{"taxonomy":"product_tag","embeddable":true,"href":"https:\/\/www.largepillow.com\/pt\/wp-json\/wp\/v2\/product_tag?post=4670"}],"curies":[{"name":"wp","href":"https:\/\/api.w.org\/{rel}","templated":true}]}}