{"id":4896,"date":"2024-11-21T04:08:35","date_gmt":"2024-11-21T04:08:35","guid":{"rendered":"https:\/\/www.largepillow.com\/product\/large-shell-shaped-cat-couch-modern-cat-bed"},"modified":"2025-02-02T16:24:37","modified_gmt":"2025-02-02T16:24:37","slug":"sofa-grande-em-forma-de-concha-para-gatos-cama-moderna-para-gatos","status":"publish","type":"product","link":"https:\/\/www.largepillow.com\/pt\/product\/large-shell-shaped-cat-couch-modern-cat-bed\/","title":{"rendered":"Grande sof\u00e1 em forma de concha para gatos \u2013 Cama moderna para gatos"},"content":{"rendered":"[zc_getpagecontent mb=&#8221;mb_aplus&#8221; apid=&#8221;100&#8243;]\n","protected":false},"excerpt":{"rendered":"<ul>\n<li>Design inspirado em conchas: esta cama para gatos apresenta um design exclusivo inspirado em conchas que n\u00e3o s\u00f3 tem uma apar\u00eancia esteticamente agrad\u00e1vel, mas tamb\u00e9m proporciona um ambiente aconchegante e reconfortante para seu gato.<\/li>\n<li>Aberto e semifechado: com um design aberto que permite f\u00e1cil acesso e sa\u00edda, a cama para gatos tamb\u00e9m oferece prote\u00e7\u00f5es laterais que fornecem a privacidade e a seguran\u00e7a necess\u00e1rias para seu gato. Essa combina\u00e7\u00e3o satisfaz as necessidades dos gatos por um espa\u00e7o privado, ao mesmo tempo em que permite a intera\u00e7\u00e3o e a observa\u00e7\u00e3o do dono.<\/li>\n<li>Interior espa\u00e7oso: medindo 30 x 25 polegadas, a cama grande para gatos oferece amplo espa\u00e7o para gatos grandes ou dois gatos descansarem confortavelmente. Esse tamanho generoso garante que at\u00e9 mesmo os maiores felinos possam se esticar e relaxar sem se sentirem apertados.<\/li>\n<li>Materiais confort\u00e1veis: O interior da cama para gatos \u00e9 forrado com l\u00e3 macia para um toque suave no pelo do seu gato, e o enchimento \u00e9 feito de esponja para maior conforto e durabilidade; O exterior \u00e9 feito de material oxford respir\u00e1vel, e a parte inferior apresenta um design antiderrapante para garantir seguran\u00e7a e conforto durante o uso.<\/li>\n<li>F\u00e1cil de limpar e manter: a almofada remov\u00edvel da cama para gatos facilita a limpeza, ajudando a manter a cama higi\u00eanica e fresca. Este design simplifica a manuten\u00e7\u00e3o da cama para gatos e prolonga sua vida \u00fatil.<\/li>\n<\/ul>","protected":false},"featured_media":4882,"comment_status":"open","ping_status":"closed","template":"","meta":[],"product_brand":[],"product_cat":[227],"product_tag":[],"class_list":{"0":"post-4896","1":"product","2":"type-product","3":"status-publish","4":"has-post-thumbnail","6":"product_cat-pet-supplies","8":"first","9":"instock","10":"shipping-taxable","11":"purchasable","12":"product-type-variable","13":"has-default-attributes"},"_links":{"self":[{"href":"https:\/\/www.largepillow.com\/pt\/wp-json\/wp\/v2\/product\/4896","targetHints":{"allow":["GET"]}}],"collection":[{"href":"https:\/\/www.largepillow.com\/pt\/wp-json\/wp\/v2\/product"}],"about":[{"href":"https:\/\/www.largepillow.com\/pt\/wp-json\/wp\/v2\/types\/product"}],"replies":[{"embeddable":true,"href":"https:\/\/www.largepillow.com\/pt\/wp-json\/wp\/v2\/comments?post=4896"}],"wp:featuredmedia":[{"embeddable":true,"href":"https:\/\/www.largepillow.com\/pt\/wp-json\/wp\/v2\/media\/4882"}],"wp:attachment":[{"href":"https:\/\/www.largepillow.com\/pt\/wp-json\/wp\/v2\/media?parent=4896"}],"wp:term":[{"taxonomy":"product_brand","embeddable":true,"href":"https:\/\/www.largepillow.com\/pt\/wp-json\/wp\/v2\/product_brand?post=4896"},{"taxonomy":"product_cat","embeddable":true,"href":"https:\/\/www.largepillow.com\/pt\/wp-json\/wp\/v2\/product_cat?post=4896"},{"taxonomy":"product_tag","embeddable":true,"href":"https:\/\/www.largepillow.com\/pt\/wp-json\/wp\/v2\/product_tag?post=4896"}],"curies":[{"name":"wp","href":"https:\/\/api.w.org\/{rel}","templated":true}]}}