{"id":5237,"date":"2024-12-12T12:30:19","date_gmt":"2024-12-12T12:30:19","guid":{"rendered":"https:\/\/www.largepillow.com\/product\/cute-seashell-bean-bag-chair-for-teens-and-adults"},"modified":"2024-12-13T02:58:31","modified_gmt":"2024-12-13T02:58:31","slug":"linda-cadeira-de-pufe-em-forma-de-concha-para-adolescentes-e-adultos","status":"publish","type":"product","link":"https:\/\/www.largepillow.com\/pt\/product\/cute-seashell-bean-bag-chair-for-teens-and-adults","title":{"rendered":"Cadeira de pufe em forma de concha fofa para adolescentes e adultos"},"content":{"rendered":"[zc_getpagecontent mb=&#8221;mb_aplus&#8221; apid=&#8221;109&#8243;]\n","protected":false},"excerpt":{"rendered":"<ul>\n<li>Design inspirado em conchas \u2013 Feito com um design exclusivo de conchas, nossa cadeira de leitura tipo pufe \u00e9 uma bela mistura de forma e fun\u00e7\u00e3o. Sua abertura de 120 graus imita a curva natural de uma concha, proporcionando um abra\u00e7o acolhedor para relaxamento; A capa verde vibrante evoca a ess\u00eancia do oceano, enquanto as almofadas em formato de meia concha e p\u00e9rola adicionam um toque de charme costeiro, tornando-a a pe\u00e7a central perfeita para qualquer sala de decora\u00e7\u00e3o costeira.<\/li>\n<li>Para meninas e mulheres \u2013 Projetada com a eleg\u00e2ncia das mulheres e a alegria das meninas em mente, esta cadeira de ch\u00e3o oferece uma op\u00e7\u00e3o de assento vers\u00e1til que agrada a todas as idades; sua natureza suave e convidativa \u00e9 perfeita para o quarto de uma adolescente.<\/li>\n<li>Decora\u00e7\u00e3o de praia para casa \u2013 Abrace o estilo de vida praiano com nossa espregui\u00e7adeira com tema de praia e oceano. N\u00e3o \u00e9 apenas um assento, mas uma pe\u00e7a marcante que traz a serenidade do mar para dentro de casa. O design \u00e9 inspirado na beleza natural do oceano, com uma paleta de cores que reflete os verdes exuberantes das plantas marinhas e os brancos imaculados das p\u00e9rolas do oceano.<\/li>\n<li>Retiro de leitura \u2013 Perfeito para leitura e relaxamento em ambientes internos, estas cadeiras de sala de estar oferecem um recanto aconchegante que o incentiva a desacelerar e descontrair, mergulhar em seu abra\u00e7o suave com um bom livro ou simplesmente aproveitar um momento de sil\u00eancio; seu tamanho grande e design confort\u00e1vel fazem dele um local ideal para se aconchegar e se perder em pensamentos, proporcionando o equil\u00edbrio perfeito de apoio e conforto para uma tarde de lazer em casa.<\/li>\n<li>Conforto acolchoado \u2013 Medindo 44 x 40 x 30 polegadas, nossa cadeira confort\u00e1vel tem um tamanho generoso para acomodar crian\u00e7as e adultos confortavelmente. Preenchida com algod\u00e3o PP de alta qualidade, ela oferece uma experi\u00eancia de assento macia e de suporte que se adapta ao formato do seu corpo, garantindo o m\u00e1ximo conforto durante longas sess\u00f5es de leitura ou descanso pregui\u00e7oso no fim de semana. A capa dur\u00e1vel e f\u00e1cil de limpar n\u00e3o \u00e9 apenas elegante, mas tamb\u00e9m pr\u00e1tica, o que a torna uma escolha inteligente para qualquer casa.<\/li>\n<\/ul>","protected":false},"featured_media":5229,"comment_status":"open","ping_status":"closed","template":"","meta":[],"product_brand":[],"product_cat":[228],"product_tag":[],"class_list":{"0":"post-5237","1":"product","2":"type-product","3":"status-publish","4":"has-post-thumbnail","6":"product_cat-cushions","8":"first","9":"instock","10":"sale","11":"shipping-taxable","12":"purchasable","13":"product-type-simple"},"_links":{"self":[{"href":"https:\/\/www.largepillow.com\/pt\/wp-json\/wp\/v2\/product\/5237","targetHints":{"allow":["GET"]}}],"collection":[{"href":"https:\/\/www.largepillow.com\/pt\/wp-json\/wp\/v2\/product"}],"about":[{"href":"https:\/\/www.largepillow.com\/pt\/wp-json\/wp\/v2\/types\/product"}],"replies":[{"embeddable":true,"href":"https:\/\/www.largepillow.com\/pt\/wp-json\/wp\/v2\/comments?post=5237"}],"wp:featuredmedia":[{"embeddable":true,"href":"https:\/\/www.largepillow.com\/pt\/wp-json\/wp\/v2\/media\/5229"}],"wp:attachment":[{"href":"https:\/\/www.largepillow.com\/pt\/wp-json\/wp\/v2\/media?parent=5237"}],"wp:term":[{"taxonomy":"product_brand","embeddable":true,"href":"https:\/\/www.largepillow.com\/pt\/wp-json\/wp\/v2\/product_brand?post=5237"},{"taxonomy":"product_cat","embeddable":true,"href":"https:\/\/www.largepillow.com\/pt\/wp-json\/wp\/v2\/product_cat?post=5237"},{"taxonomy":"product_tag","embeddable":true,"href":"https:\/\/www.largepillow.com\/pt\/wp-json\/wp\/v2\/product_tag?post=5237"}],"curies":[{"name":"wp","href":"https:\/\/api.w.org\/{rel}","templated":true}]}}