{"id":538,"date":"2022-09-16T02:24:42","date_gmt":"2022-09-16T02:24:42","guid":{"rendered":"https:\/\/www.largepillow.com\/product\/large-bolster-pillow"},"modified":"2025-11-05T02:15:31","modified_gmt":"2025-11-05T02:15:31","slug":"travesseiro-almofada-cunha-grande","status":"publish","type":"product","link":"https:\/\/www.largepillow.com\/pt\/product\/large-wedge-bolster-pillow","title":{"rendered":"Travesseiro de cunha grande"},"content":{"rendered":"<p>Delicie-se com o conforto com a melhor almofada de refor\u00e7o de cunha grande<\/p>\n<p>Voc\u00ea est\u00e1 procurando uma almofada de cabeceira que proporcione conforto e suporte excepcionais? N\u00e3o procure mais, a almofada de refor\u00e7o de cunha grande. Esta vers\u00e1til almofada oferece uma s\u00e9rie de benef\u00edcios que far\u00e3o do seu tempo na cama ou no sof\u00e1 um verdadeiro deleite.<\/p>\n<p>M\u00e1ximo conforto e suporte<\/p>\n<p>O design triangular da almofada de refor\u00e7o em cunha grande se ajusta perfeitamente aos contornos de suas costas e cintura, minimizando a press\u00e3o lombar e nas costas. Esteja voc\u00ea lendo um livro, trabalhando at\u00e9 tarde ou assistindo TV, este travesseiro ir\u00e1 mant\u00ea-lo livre de tens\u00e3o e confort\u00e1vel. Tamb\u00e9m \u00e9 grande o suficiente para acomodar duas pessoas, sendo a escolha perfeita para casais.<\/p>\n<p>Versatilidade 3 em 1<\/p>\n<p>A almofada de refor\u00e7o de cunha grande n\u00e3o \u00e9 apenas uma almofada de cabeceira. \u00c9 tamb\u00e9m um acess\u00f3rio vers\u00e1til que pode ser usado como travesseiro de cunha para dormir, travesseiro de pernas para eleva\u00e7\u00e3o ou at\u00e9 mesmo travesseiro de p\u00e1ra-choque para maior conforto. As possibilidades s\u00e3o infinitas!<\/p>\n<p>Artesanato e design superiores<\/p>\n<p>Feita com aten\u00e7\u00e3o meticulosa aos detalhes, a almofada grande em cunha \u00e9 feita de materiais de alta qualidade. A capa de veludo macia e elegante \u00e9 suave ao toque, enquanto o enchimento de fibra de poli\u00e9ster de alta densidade oferece um suporte excepcional que n\u00e3o cede com o tempo. Al\u00e9m disso, os bolsos laterais oferecem armazenamento conveniente para o seu livro ou telefone.<\/p>\n<p>Manuten\u00e7\u00e3o f\u00e1cil<\/p>\n<p>Manter a almofada de refor\u00e7o de cunha grande \u00e9 muito f\u00e1cil. A fronha \u00e9 remov\u00edvel com bot\u00f5es e possui z\u00edper oculto para facilitar a limpeza. Basta remover a capa e coloc\u00e1-la na m\u00e1quina de lavar para uma atualiza\u00e7\u00e3o r\u00e1pida.<\/p>\n<p>Depoimentos de clientes<\/p>\n<p>\u201cEste travesseiro \u00e9 uma virada de jogo! Sempre tive dificuldade em encontrar uma almofada de cabeceira que desse o suporte certo, mas esta \u00e9 perfeita. \u00c9 t\u00e3o confort\u00e1vel e realmente ajudou a melhorar minha postura.\u201d \u2013 Karen, cliente satisfeito<\/p>\n<p>\u201cAdoro a versatilidade desta almofada. \u00c9 um \u00f3timo travesseiro de cabeceira, mas tamb\u00e9m o uso como travesseiro quando durmo e como travesseiro para as pernas quando estou relaxando. A qualidade \u00e9 incr\u00edvel e mant\u00e9m-se bem ap\u00f3s meses de uso.\u201d \u2013 Sarah, outra cliente feliz<\/p>\n<p>Conclus\u00e3o<\/p>\n<p>A almofada grande em cunha \u00e9 a escolha perfeita para quem procura uma almofada confort\u00e1vel, de suporte e vers\u00e1til. Com seu acabamento superior, funcionalidade 3 em 1 e f\u00e1cil manuten\u00e7\u00e3o, \u00e9 um investimento que melhorar\u00e1 seu tempo de relaxamento nos pr\u00f3ximos anos. Encomende o seu hoje e experimente o m\u00e1ximo em conforto e suporte!<\/p>","protected":false},"excerpt":{"rendered":"<ul>\n<li><strong>Conforto final:<\/strong> Esta almofada de cabeceira oferece excelente conforto gra\u00e7as ao seu design de forma triangular. A almofada do suporte da cama ajusta-se perfeitamente \u00e0s costas e \u00e0 cintura, minimizando a press\u00e3o lombar\/costas. Esta almofada de leitura em cunha pode ajud\u00e1-lo a ficar livre de tens\u00e3o na cama ou no sof\u00e1, o que \u00e9 ideal para trabalhar noct\u00edvagos, leitores \u00e1vidos e assistir TV na cama. Esta almofada extra grande \u00e9 a \u00fanica almofada de cabeceira em cunha que pode acomodar duas pessoas.<\/li>\n<li><strong>Almofada grande 3 em 1:<\/strong> Voc\u00ea pode usar o travesseiro na posi\u00e7\u00e3o vertical como travesseiro de cabeceira para sentar na cama ou coloc\u00e1-lo na cama para us\u00e1-lo como um travesseiro grande ao dormir de costas ou de lado, ou como travesseiro para elevar as pernas. Se voc\u00ea deseja uma almofada de cabeceira grande que d\u00ea suporte para voc\u00ea e seu c\u00f4njuge. \u00c9 uma excelente alternativa.<\/li>\n<li><strong>Design multifuncional:<\/strong> Algumas pessoas usam a almofada grande triangular como travesseiro de cabeceira, enquanto outras a usam como travesseiro de p\u00e1ra-choque, tamb\u00e9m pode ser um travesseiro de encosto de sof\u00e1 ou sof\u00e1-cama. \u00c9 elegante e funcional, o que o torna um excelente complemento para qualquer quarto.<\/li>\n<li><strong>Artesanato Superior:<\/strong> Nossa fronha \u00e9 feita de veludo de poli\u00e9ster 100%, macio, elegante e confort\u00e1vel ao toque. O forro \u00e9 feito de fibras de poli\u00e9ster de alta densidade e alta qualidade, que evitam flacidez mesmo ap\u00f3s meses de uso. Al\u00e9m disso, vem com bolsos laterais para guardar seu livro ou telefone.<\/li>\n<li><strong>F\u00e1cil de limpar:<\/strong> A capa da almofada de leitura \u00e9 fixada na almofada com bot\u00f5es e \u00e9 f\u00e1cil de remover com um simples z\u00edper. Isso torna sua limpeza descomplicada. Basta remover a capa e lavar rapidamente na m\u00e1quina para deixar seu travesseiro como novo.<\/li>\n<li><strong>Tamanho:<\/strong> 45cm (C45 x L20 x A50 | 0 bot\u00f5es), 60cm (C60 x L20 x A50 | 0 bot\u00f5es), 80cm (C80 x L20 x A50 | 2 bot\u00f5es), 100cm (C100 x L20 x A50 | 3 bot\u00f5es), 120cm ( C120 x L20 x A50 | 4 bot\u00f5es), 140cm (C140 x L20 x A50 | 4 bot\u00f5es), 160cm (C160 x L20 x A50 | 5 bot\u00f5es), 180cm (C180 x L20 x A50 | 6 bot\u00f5es), 200cm (C200 x W20 x H50 | 7 bot\u00f5es).<\/li>\n<\/ul>","protected":false},"featured_media":522,"comment_status":"open","ping_status":"closed","template":"","meta":[],"product_brand":[],"product_cat":[15],"product_tag":[66,70,102,75,168,202,163,112,143,59],"class_list":{"0":"post-538","1":"product","2":"type-product","3":"status-publish","4":"has-post-thumbnail","6":"product_cat-large-wedge-pillow","7":"product_tag-back-support-pillow","8":"product_tag-bed-wedge-pillow","9":"product_tag-couch-pillow","10":"product_tag-daybed-pillow","11":"product_tag-headboard-pillow","12":"product_tag-large-wedge-bolster-pillow","13":"product_tag-leg-pillow","14":"product_tag-lumbar-support-pillow","15":"product_tag-multifunctional-pillow","16":"product_tag-reading-pillow","18":"first","19":"instock","20":"featured","21":"shipping-taxable","22":"purchasable","23":"product-type-variable"},"_links":{"self":[{"href":"https:\/\/www.largepillow.com\/pt\/wp-json\/wp\/v2\/product\/538","targetHints":{"allow":["GET"]}}],"collection":[{"href":"https:\/\/www.largepillow.com\/pt\/wp-json\/wp\/v2\/product"}],"about":[{"href":"https:\/\/www.largepillow.com\/pt\/wp-json\/wp\/v2\/types\/product"}],"replies":[{"embeddable":true,"href":"https:\/\/www.largepillow.com\/pt\/wp-json\/wp\/v2\/comments?post=538"}],"wp:featuredmedia":[{"embeddable":true,"href":"https:\/\/www.largepillow.com\/pt\/wp-json\/wp\/v2\/media\/522"}],"wp:attachment":[{"href":"https:\/\/www.largepillow.com\/pt\/wp-json\/wp\/v2\/media?parent=538"}],"wp:term":[{"taxonomy":"product_brand","embeddable":true,"href":"https:\/\/www.largepillow.com\/pt\/wp-json\/wp\/v2\/product_brand?post=538"},{"taxonomy":"product_cat","embeddable":true,"href":"https:\/\/www.largepillow.com\/pt\/wp-json\/wp\/v2\/product_cat?post=538"},{"taxonomy":"product_tag","embeddable":true,"href":"https:\/\/www.largepillow.com\/pt\/wp-json\/wp\/v2\/product_tag?post=538"}],"curies":[{"name":"wp","href":"https:\/\/api.w.org\/{rel}","templated":true}]}}