{"id":565,"date":"2022-09-16T02:43:46","date_gmt":"2022-09-16T02:43:46","guid":{"rendered":"https:\/\/www.largepillow.com\/product\/bed-wedge-bolster"},"modified":"2026-01-07T18:09:48","modified_gmt":"2026-01-07T18:09:48","slug":"cabeceira-travesseiro","status":"publish","type":"product","link":"https:\/\/www.largepillow.com\/pt\/product\/headboard-pillow","title":{"rendered":"almofada cabeceira"},"content":{"rendered":"<p>O m\u00e1ximo em conforto e versatilidade: a almofada de cabeceira<\/p>\n<p>Prepare-se para elevar seu conforto e estilo com nossa excepcional almofada de cabeceira, projetada para fornecer suporte e funcionalidade incompar\u00e1veis.<\/p>\n<p>M\u00e1ximo conforto para cada necessidade<\/p>\n<p>Nossa almofada de cabeceira \u00e9 meticulosamente trabalhada para oferecer o m\u00e1ximo conforto, quer voc\u00ea esteja relaxando na cama, descansando no sof\u00e1 ou desfrutando de um bom livro. Seu acolchoamento de pel\u00facia contorna perfeitamente o seu corpo, proporcionando suporte excepcional para sua cabe\u00e7a, pesco\u00e7o e costas.<\/p>\n<p>Projetos vers\u00e1teis para m\u00faltiplas finalidades<\/p>\n<p>Esta almofada multifuncional pode ser usada de in\u00fameras maneiras:<\/p>\n<p>* Travesseiro de leitura com suporte para as costas: apoie-o atr\u00e1s de voc\u00ea para uma leitura confort\u00e1vel ou assistir TV.<br \/>\n* Travesseiro de cunha longa: crie uma inclina\u00e7\u00e3o confort\u00e1vel para dormir ou elevar as pernas.<br \/>\n* Almofada para pernas: Apoie as pernas e reduza a press\u00e3o para aliviar o incha\u00e7o e o desconforto.<\/p>\n<p>Materiais Premium para Durabilidade e Estilo<\/p>\n<p>Nossa fronha \u00e9 feita de uma mistura dur\u00e1vel de poli\u00e9ster e linho, com pontos requintados e uma textura entrela\u00e7ada. As fibras de poli\u00e9ster de alta densidade no acolchoamento garantem anos de uso sem flacidez ou perda de forma.<\/p>\n<p>Limpeza e conveni\u00eancia sem esfor\u00e7o<\/p>\n<p>Manter a almofada da cabeceira \u00e9 muito f\u00e1cil. A fronha pode ser facilmente removida com um simples z\u00edper e jogada na m\u00e1quina de lavar. Ele tamb\u00e9m possui um bolso lateral conveniente para guardar seus itens essenciais, mantendo-os \u00e0 m\u00e3o.<\/p>\n<p>Ajuste perfeito para qualquer tamanho de cama<\/p>\n<p>Escolha entre uma variedade de tamanhos para complementar perfeitamente a sua cama ou qualquer outra pe\u00e7a de mobili\u00e1rio. Dos aconchegantes 45 cm aos generosos 200 cm, voc\u00ea encontrar\u00e1 o ajuste ideal para suas necessidades.<\/p>\n<p>Depoimentos de clientes<\/p>\n<p>Nossa almofada de cabeceira recebeu \u00f3timas cr\u00edticas de clientes satisfeitos:<\/p>\n<p>* \u201cEste travesseiro \u00e9 muito confort\u00e1vel e oferece suporte. \u00c9 perfeito para ler na cama ou assistir TV. Adoro poder ajust\u00e1-lo para v\u00e1rias posi\u00e7\u00f5es.\u201d<br \/>\n* \u201cO tecido \u00e9 macio e dur\u00e1vel e a costura \u00e9 de primeira qualidade. J\u00e1 lavei v\u00e1rias vezes e ainda parece novo.\u201d<br \/>\n* \u201cO bolso lateral \u00e9 uma adi\u00e7\u00e3o genial. \u00c9 muito conveniente ter um lugar para guardar meu controle remoto, livros ou lanches.\u201d<\/p>\n<p>Atualize seu conforto e estilo hoje com a almofada de cabeceira. \u00c9 o complemento perfeito para qualquer quarto ou sala de estar e com certeza se tornar\u00e1 seu local favorito para relaxar e descontrair.<\/p>","protected":false},"excerpt":{"rendered":"<ul>\n<li><strong>Conforto final:<\/strong> Nossa almofada de cabeceira foi projetada para lhe proporcionar o m\u00e1ximo conforto enquanto l\u00ea, assiste TV ou dorme. \u00c9 perfeito para cama, sof\u00e1, sof\u00e1 e muito mais!<\/li>\n<li><strong>Design multifuncional:<\/strong> Nossa almofada grande pode ser usada de v\u00e1rias maneiras - como almofada de leitura para apoio nas costas, como almofada de cunha longa ou como almofada para elevar as pernas. \u00c9 elegante e funcional, tornando-se um excelente complemento para qualquer quarto.<\/li>\n<li><strong>Materiais premium:<\/strong> Nossa fronha \u00e9 feita de poli\u00e9ster 100% com uma textura entrela\u00e7ada e pontos requintados que s\u00e3o resistentes em toda a volta. O acolchoamento \u00e9 feito de fibras de poli\u00e9ster de alta densidade e alta qualidade que evitam flacidez mesmo ap\u00f3s meses de uso.<\/li>\n<li><strong>F\u00e1cil de limpar:<\/strong> A capa da almofada da cabeceira \u00e9 fixada na almofada com bot\u00f5es e \u00e9 f\u00e1cil de remover com um simples z\u00edper. Basta remover a capa e lavar rapidamente na m\u00e1quina para deixar seu travesseiro como novo.<\/li>\n<li><strong>Bolso de armazenamento perfeito:<\/strong> Nossa almofada de cabeceira possui um bolso lateral conveniente, garantindo que voc\u00ea nunca mais perder\u00e1 seu controle remoto.<\/li>\n<li><strong>Tecido:<\/strong>\u00a0Mistura de poli\u00e9ster e linho.<\/li>\n<li><strong>Tamanho:<\/strong> 45cm (C45 x L20 x A50 | 0 bot\u00f5es), 60cm (C60 x L20 x A50 | 0 bot\u00f5es), 80cm (C80 x L20 x A50 | 2 bot\u00f5es), 100cm (C100 x L20 x A50 | 3 bot\u00f5es), 120cm ( C120 x L20 x A50 | 4 bot\u00f5es), 140cm (C140 x L20 x A50 | 4 bot\u00f5es), 160cm (C160 x L20 x A50 | 5 bot\u00f5es), 180cm (C180 x L20 x A50 | 6 bot\u00f5es), 200cm (C200 x W20 x H50 | 7 bot\u00f5es).<\/li>\n<\/ul>","protected":false},"featured_media":548,"comment_status":"open","ping_status":"closed","template":"","meta":[],"product_brand":[],"product_cat":[15],"product_tag":[187,102,75,201,168,131,189,184,143,59,65],"class_list":{"0":"post-565","1":"product","2":"type-product","3":"status-publish","4":"has-post-thumbnail","6":"product_cat-large-wedge-pillow","7":"product_tag-back-support-reading-pillow","8":"product_tag-couch-pillow","9":"product_tag-daybed-pillow","10":"product_tag-grey-pillow","11":"product_tag-headboard-pillow","12":"product_tag-leg-support-pillow","13":"product_tag-linen-pillow","14":"product_tag-long-wedge-pillow","15":"product_tag-multifunctional-pillow","16":"product_tag-reading-pillow","17":"product_tag-wedge-pillow","19":"first","20":"instock","21":"shipping-taxable","22":"purchasable","23":"product-type-variable"},"_links":{"self":[{"href":"https:\/\/www.largepillow.com\/pt\/wp-json\/wp\/v2\/product\/565","targetHints":{"allow":["GET"]}}],"collection":[{"href":"https:\/\/www.largepillow.com\/pt\/wp-json\/wp\/v2\/product"}],"about":[{"href":"https:\/\/www.largepillow.com\/pt\/wp-json\/wp\/v2\/types\/product"}],"replies":[{"embeddable":true,"href":"https:\/\/www.largepillow.com\/pt\/wp-json\/wp\/v2\/comments?post=565"}],"wp:featuredmedia":[{"embeddable":true,"href":"https:\/\/www.largepillow.com\/pt\/wp-json\/wp\/v2\/media\/548"}],"wp:attachment":[{"href":"https:\/\/www.largepillow.com\/pt\/wp-json\/wp\/v2\/media?parent=565"}],"wp:term":[{"taxonomy":"product_brand","embeddable":true,"href":"https:\/\/www.largepillow.com\/pt\/wp-json\/wp\/v2\/product_brand?post=565"},{"taxonomy":"product_cat","embeddable":true,"href":"https:\/\/www.largepillow.com\/pt\/wp-json\/wp\/v2\/product_cat?post=565"},{"taxonomy":"product_tag","embeddable":true,"href":"https:\/\/www.largepillow.com\/pt\/wp-json\/wp\/v2\/product_tag?post=565"}],"curies":[{"name":"wp","href":"https:\/\/api.w.org\/{rel}","templated":true}]}}