{"id":5959,"date":"2025-02-02T13:23:53","date_gmt":"2025-02-02T13:23:53","guid":{"rendered":"https:\/\/www.largepillow.com\/product\/side-sleeper-pillow-with-arm-hole-foam-wedge-for-neck-and-shoulder-pain"},"modified":"2025-11-23T05:21:48","modified_gmt":"2025-11-23T05:21:48","slug":"travesseiro-para-quem-dorme-de-lado-com-furo-para-braco-e-cunha-de-espuma-para-dor-no-pescoco-e-ombros","status":"publish","type":"product","link":"https:\/\/www.largepillow.com\/pt\/product\/side-sleeper-pillow-with-arm-hole-foam-wedge-for-neck-and-shoulder-pain\/","title":{"rendered":"Travesseiro para quem dorme de lado com furo para os bra\u00e7os e cunha de espuma para dores no pesco\u00e7o e nos ombros"},"content":{"rendered":"[zc_getpagecontent mb=&#8221;mb_aplus&#8221; apid=&#8221;116&#8243;]\n","protected":false},"excerpt":{"rendered":"<ul>\n<li>Design avan\u00e7ado: Nosso novo travesseiro para dormir de lado para dor no ombro compreende tr\u00eas partes essenciais: um travesseiro de espuma em cunha para suporte est\u00e1vel, um pequeno apoio de cabe\u00e7a e um confort\u00e1vel travesseiro corporal em formato de H. Este design revolucion\u00e1rio oferece melhorias funcionais significativas em rela\u00e7\u00e3o aos travesseiros corporais tradicionais em formato de U, permitindo mudan\u00e7as laterais sem esfor\u00e7o durante o sono.<\/li>\n<li>Funcionalidade aprimorada: diferentemente do travesseiro convencional em formato de U para quem dorme de lado, que dificulta o movimento durante o sono, nosso travesseiro corporal em formato de H e o design do apoio de cabe\u00e7a separado permitem f\u00e1cil movimenta\u00e7\u00e3o dos bra\u00e7os e mudan\u00e7as laterais. A inclina\u00e7\u00e3o otimizada do travesseiro em cunha garante um suporte suave, atendendo \u00e0s diversas necessidades de quem dorme de lado.<\/li>\n<li>Al\u00edvio da press\u00e3o do bra\u00e7o: abrace o conforto inigual\u00e1vel com o recurso de furo duplo para o bra\u00e7o inteligentemente projetado no travesseiro de espuma wedgepillow. Este design alivia a press\u00e3o do bra\u00e7o, promove melhor circula\u00e7\u00e3o sangu\u00ednea e garante uma noite de sono tranquila sem o desconforto de bra\u00e7os balan\u00e7ando.<\/li>\n<li>Conforto M\u00e1ximo: Feito de fibra de poli\u00e9ster macia e fofa, o travesseiro corporal em formato de H e o apoio de cabe\u00e7a garantem o m\u00e1ximo conforto enquanto voc\u00ea dorme. O tecido respir\u00e1vel da fronha garante uma noite de sono tranquila. O travesseiro ergon\u00f4mico de espuma eleva a parte superior do corpo, aliviando efetivamente dores nas costas, refluxo \u00e1cido e azia. Preenchido com espuma de alta densidade para estabilidade duradoura, este travesseiro fornece suporte firme durante a noite, auxiliando quem dorme de lado a uma recupera\u00e7\u00e3o mais r\u00e1pida.<\/li>\n<li>Suporte abrangente: aproveite o suporte de corpo inteiro com a se\u00e7\u00e3o superior alongada do travesseiro ergon\u00f4mico em forma de H para quem dorme de lado, estendendo-se da cabe\u00e7a aos p\u00e9s. Sejam seus quadris, costas, pesco\u00e7o ou abd\u00f4men que exigem relaxamento, este travesseiro corporal fornece suporte personalizado. O design de conex\u00e3o no meio do travesseiro corporal garante que os travesseiros para adultos que dormem de lado n\u00e3o se enrolem em seu corpo quando voc\u00ea se vira.<\/li>\n<\/ul>","protected":false},"featured_media":5945,"comment_status":"open","ping_status":"closed","template":"","meta":[],"product_brand":[],"product_cat":[228],"product_tag":[],"class_list":{"0":"post-5959","1":"product","2":"type-product","3":"status-publish","4":"has-post-thumbnail","6":"product_cat-cushions","8":"first","9":"instock","10":"shipping-taxable","11":"purchasable","12":"product-type-variable","13":"has-default-attributes"},"_links":{"self":[{"href":"https:\/\/www.largepillow.com\/pt\/wp-json\/wp\/v2\/product\/5959","targetHints":{"allow":["GET"]}}],"collection":[{"href":"https:\/\/www.largepillow.com\/pt\/wp-json\/wp\/v2\/product"}],"about":[{"href":"https:\/\/www.largepillow.com\/pt\/wp-json\/wp\/v2\/types\/product"}],"replies":[{"embeddable":true,"href":"https:\/\/www.largepillow.com\/pt\/wp-json\/wp\/v2\/comments?post=5959"}],"wp:featuredmedia":[{"embeddable":true,"href":"https:\/\/www.largepillow.com\/pt\/wp-json\/wp\/v2\/media\/5945"}],"wp:attachment":[{"href":"https:\/\/www.largepillow.com\/pt\/wp-json\/wp\/v2\/media?parent=5959"}],"wp:term":[{"taxonomy":"product_brand","embeddable":true,"href":"https:\/\/www.largepillow.com\/pt\/wp-json\/wp\/v2\/product_brand?post=5959"},{"taxonomy":"product_cat","embeddable":true,"href":"https:\/\/www.largepillow.com\/pt\/wp-json\/wp\/v2\/product_cat?post=5959"},{"taxonomy":"product_tag","embeddable":true,"href":"https:\/\/www.largepillow.com\/pt\/wp-json\/wp\/v2\/product_tag?post=5959"}],"curies":[{"name":"wp","href":"https:\/\/api.w.org\/{rel}","templated":true}]}}