{"id":640,"date":"2022-09-16T03:40:56","date_gmt":"2022-09-16T03:40:56","guid":{"rendered":"https:\/\/www.largepillow.com\/product\/leg-elevation-pillow-2"},"modified":"2025-11-24T12:37:09","modified_gmt":"2025-11-24T12:37:09","slug":"almofada-para-cabeceira","status":"publish","type":"product","link":"https:\/\/www.largepillow.com\/pt\/product\/cushion-for-headboard","title":{"rendered":"almofada para cabeceira"},"content":{"rendered":"<p>A Almofada Para Cabeceira \u2013 o m\u00e1ximo conforto que voc\u00ea procura! Esta almofada de cabeceira foi projetada pensando no seu conforto, perfeita para ler, assistir TV ou simplesmente ter uma boa noite de sono. \u00c9 multifuncional, elegante e um excelente complemento para qualquer quarto.<\/p>\n<p>Nossa almofada grande pode ser usada de v\u00e1rias maneiras - como almofada de leitura para apoio nas costas, como almofada de cunha longa ou como almofada para elevar as pernas. \u00c9 feito de fibras de poli\u00e9ster de alta densidade e alta qualidade que evitam flacidez mesmo ap\u00f3s meses de uso. A fronha \u00e9 feita de poli\u00e9ster 100% com textura entrela\u00e7ada e pontos requintados e resistentes em toda a volta.<\/p>\n<p>Uma das melhores caracter\u00edsticas desta almofada de cabeceira \u00e9 que \u00e9 f\u00e1cil de limpar. Basta remover a capa com um z\u00edper simples e lavar rapidamente na m\u00e1quina para deixar seu travesseiro como novo.<\/p>\n<p>Mas isso n\u00e3o \u00e9 tudo \u2013 a nossa almofada de cabeceira tamb\u00e9m possui um pr\u00e1tico bolso lateral, garantindo que nunca mais perder\u00e1 o seu controlo remoto. \u00c9 o bolso de armazenamento perfeito para todos os seus itens essenciais.<\/p>\n<p>Oferecemos diferentes tamanhos desta almofada, variando de 45cm a 200cm. Voc\u00ea pode escolher o tamanho que melhor se adapta \u00e0 sua cama e cabeceira. A almofada \u00e9 confeccionada em tecido mesclado de poli\u00e9ster e linho, um material confort\u00e1vel e dur\u00e1vel.<\/p>\n<p>N\u00e3o acredite apenas na nossa palavra, aqui est\u00e3o alguns coment\u00e1rios de nossos clientes satisfeitos:<\/p>\n<p>\u201cEu absolutamente amo essa almofada. \u00c9 t\u00e3o confort\u00e1vel e resistente. Eu uso todas as noites para ler antes de dormir.\u201d<\/p>\n<p>\u201cO tecido \u00e9 de alta qualidade e a almofada \u00e9 lindamente feita. Adoro o bolso lateral porque \u00e9 muito conveniente.\u201d<\/p>\n<p>\u201cEssa almofada deixou minha cama muito mais confort\u00e1vel. \u00c9 como ter um ninho aconchegante para relaxar.\u201d<\/p>\n<p>Concluindo, se voc\u00ea procura uma almofada de cabeceira confort\u00e1vel e multifuncional, nossa Almofada Para Cabeceira \u00e9 a escolha perfeita para voc\u00ea. \u00c9 elegante, funcional e f\u00e1cil de limpar. Encomende o seu hoje e experimente o m\u00e1ximo conforto!<\/p>","protected":false},"excerpt":{"rendered":"<ul>\n<li><strong>Conforto final:<\/strong> Nossa almofada de cabeceira foi projetada para lhe proporcionar o m\u00e1ximo conforto enquanto l\u00ea, assiste TV ou dorme. \u00c9 perfeito para cama, sof\u00e1, sof\u00e1 e muito mais!<\/li>\n<li><strong>Design multifuncional:<\/strong> Nossa almofada grande pode ser usada de v\u00e1rias maneiras - como almofada de leitura para apoio nas costas, como almofada de cunha longa ou como almofada para elevar as pernas. \u00c9 elegante e funcional, tornando-se um excelente complemento para qualquer quarto.<\/li>\n<li><strong>Materiais premium:<\/strong> Nossa fronha \u00e9 feita de poli\u00e9ster 100% com uma textura entrela\u00e7ada e pontos requintados que s\u00e3o resistentes em toda a volta. O acolchoamento \u00e9 feito de fibras de poli\u00e9ster de alta densidade e alta qualidade que evitam flacidez mesmo ap\u00f3s meses de uso.<\/li>\n<li><strong>F\u00e1cil de limpar:<\/strong> A capa da almofada da cabeceira \u00e9 fixada na almofada com bot\u00f5es e \u00e9 f\u00e1cil de remover com um simples z\u00edper. Basta remover a capa e lavar rapidamente na m\u00e1quina para deixar seu travesseiro como novo.<\/li>\n<li><strong>Bolso de armazenamento perfeito:<\/strong> Nossa almofada de cabeceira possui um bolso lateral conveniente, garantindo que voc\u00ea nunca mais perder\u00e1 seu controle remoto.<\/li>\n<li><strong>Tecido:<\/strong>\u00a0Mistura de poli\u00e9ster e linho.<\/li>\n<li><strong>Tamanho:<\/strong> 45cm (C45 x L20 x A50 | 0 bot\u00f5es), 60cm (C60 x L20 x A50 | 0 bot\u00f5es), 80cm (C80 x L20 x A50 | 2 bot\u00f5es), 100cm (C100 x L20 x A50 | 3 bot\u00f5es), 120cm ( C120 x L20 x A50 | 4 bot\u00f5es), 140cm (C140 x L20 x A50 | 4 bot\u00f5es), 160cm (C160 x L20 x A50 | 5 bot\u00f5es), 180cm (C180 x L20 x A50 | 6 bot\u00f5es), 200cm (C200 x W20 x H50 | 7 bot\u00f5es).<\/li>\n<\/ul>","protected":false},"featured_media":624,"comment_status":"open","ping_status":"closed","template":"","meta":[],"product_brand":[],"product_cat":[15],"product_tag":[66,187,195,196,192,189,184,143,59],"class_list":{"0":"post-640","1":"product","2":"type-product","3":"status-publish","4":"has-post-thumbnail","6":"product_cat-large-wedge-pillow","7":"product_tag-back-support-pillow","8":"product_tag-back-support-reading-pillow","9":"product_tag-brown-pillow","10":"product_tag-cushion-for-headboard","11":"product_tag-headboard-cushion","12":"product_tag-linen-pillow","13":"product_tag-long-wedge-pillow","14":"product_tag-multifunctional-pillow","15":"product_tag-reading-pillow","17":"first","18":"instock","19":"shipping-taxable","20":"purchasable","21":"product-type-variable"},"_links":{"self":[{"href":"https:\/\/www.largepillow.com\/pt\/wp-json\/wp\/v2\/product\/640","targetHints":{"allow":["GET"]}}],"collection":[{"href":"https:\/\/www.largepillow.com\/pt\/wp-json\/wp\/v2\/product"}],"about":[{"href":"https:\/\/www.largepillow.com\/pt\/wp-json\/wp\/v2\/types\/product"}],"replies":[{"embeddable":true,"href":"https:\/\/www.largepillow.com\/pt\/wp-json\/wp\/v2\/comments?post=640"}],"wp:featuredmedia":[{"embeddable":true,"href":"https:\/\/www.largepillow.com\/pt\/wp-json\/wp\/v2\/media\/624"}],"wp:attachment":[{"href":"https:\/\/www.largepillow.com\/pt\/wp-json\/wp\/v2\/media?parent=640"}],"wp:term":[{"taxonomy":"product_brand","embeddable":true,"href":"https:\/\/www.largepillow.com\/pt\/wp-json\/wp\/v2\/product_brand?post=640"},{"taxonomy":"product_cat","embeddable":true,"href":"https:\/\/www.largepillow.com\/pt\/wp-json\/wp\/v2\/product_cat?post=640"},{"taxonomy":"product_tag","embeddable":true,"href":"https:\/\/www.largepillow.com\/pt\/wp-json\/wp\/v2\/product_tag?post=640"}],"curies":[{"name":"wp","href":"https:\/\/api.w.org\/{rel}","templated":true}]}}