{"id":665,"date":"2022-09-16T03:51:40","date_gmt":"2022-09-16T03:51:40","guid":{"rendered":"https:\/\/www.largepillow.com\/product\/bed-wedge-cushion"},"modified":"2025-12-13T21:06:55","modified_gmt":"2025-12-13T21:06:55","slug":"cama-cabeceira-almofada","status":"publish","type":"product","link":"https:\/\/www.largepillow.com\/pt\/product\/bed-headboard-cushion","title":{"rendered":"Almofada de cabeceira de cama"},"content":{"rendered":"<p>Nossa almofada para cabeceira de cama \u2013 sua solu\u00e7\u00e3o definitiva em conforto e comodidade. Esteja voc\u00ea lendo, assistindo TV ou dormindo, nossa almofada de cabeceira foi projetada para fornecer conforto e suporte ideais para sua cabe\u00e7a, costas e pernas.<\/p>\n<p>Feita com uma mistura premium de poli\u00e9ster e linho, nossa fronha apresenta uma textura entrela\u00e7ada e costura requintada que \u00e9 resistente e dur\u00e1vel. O forro \u00e9 feito de fibras de poli\u00e9ster de alta densidade e alta qualidade que evitam flacidez, mesmo ap\u00f3s meses de uso.<\/p>\n<p>Nosso travesseiro grande \u00e9 multifuncional e pode ser usado como travesseiro de leitura de apoio para as costas, travesseiro de cunha longa ou travesseiro de perna para elevar as pernas. \u00c9 elegante e funcional, tornando-se um excelente complemento para qualquer quarto.<\/p>\n<p>Um dos recursos favoritos de nossos clientes \u00e9 a capa f\u00e1cil de limpar. Fixado com bot\u00f5es e z\u00edper, basta retirar a capa e lavar rapidamente na m\u00e1quina para deixar seu travesseiro como novo.<\/p>\n<p>Mas isso n\u00e3o \u00e9 tudo \u2013 a nossa almofada de cabeceira tamb\u00e9m inclui um pr\u00e1tico bolso lateral para armazenamento. Voc\u00ea nunca mais perder\u00e1 seu controle remoto!<\/p>\n<p>Oferecemos uma variedade de tamanhos para caber em qualquer cama \u2013 45cm, 60cm, 80cm, 100cm, 120cm, 140cm, 160cm, 180cm e 200cm, todos com diferentes n\u00fameros de bot\u00f5es para caber perfeitamente na estrutura da sua cama.<\/p>\n<p>Um cliente satisfeito disse: \u201cAdoro esta almofada de cabeceira de cama. O material de algod\u00e3o e linho \u00e9 macio e confort\u00e1vel. A cor azul \u00e9 linda e combina perfeitamente com a minha roupa de cama. Al\u00e9m disso, o bolso lateral \u00e9 muito \u00fatil para meu telefone e controle remoto.\u201d<\/p>\n<p>Invista no seu conforto com nossa Almofada para Cabeceira de Cama. Encomende agora e transforme a sua cama num retiro acolhedor.<\/p>","protected":false},"excerpt":{"rendered":"<ul>\n<li><strong>Conforto final:<\/strong> Nossa almofada de cabeceira foi projetada para lhe proporcionar o m\u00e1ximo conforto enquanto l\u00ea, assiste TV ou dorme. \u00c9 perfeito para cama, sof\u00e1, sof\u00e1 e muito mais!<\/li>\n<li><strong>Design multifuncional:<\/strong> Nossa almofada grande pode ser usada de v\u00e1rias maneiras - como almofada de leitura para apoio nas costas, como almofada de cunha longa ou como almofada para elevar as pernas. \u00c9 elegante e funcional, tornando-se um excelente complemento para qualquer quarto.<\/li>\n<li><strong>Materiais premium:<\/strong> Nossa fronha \u00e9 feita de poli\u00e9ster 100% com uma textura entrela\u00e7ada e pontos requintados que s\u00e3o resistentes em toda a volta. O acolchoamento \u00e9 feito de fibras de poli\u00e9ster de alta densidade e alta qualidade que evitam flacidez mesmo ap\u00f3s meses de uso.<\/li>\n<li><strong>F\u00e1cil de limpar:<\/strong> A capa da almofada da cabeceira \u00e9 fixada na almofada com bot\u00f5es e \u00e9 f\u00e1cil de remover com um simples z\u00edper. Basta remover a capa e lavar rapidamente na m\u00e1quina para deixar seu travesseiro como novo.<\/li>\n<li><strong>Bolso de armazenamento perfeito:<\/strong> Nossa almofada de cabeceira possui um bolso lateral conveniente, garantindo que voc\u00ea nunca mais perder\u00e1 seu controle remoto.<\/li>\n<li><strong>Tecido:<\/strong>\u00a0Mistura de poli\u00e9ster e linho.<\/li>\n<li><strong>Tamanho:<\/strong> 45cm (C45 x L20 x A50 | 0 bot\u00f5es), 60cm (C60 x L20 x A50 | 0 bot\u00f5es), 80cm (C80 x L20 x A50 | 2 bot\u00f5es), 100cm (C100 x L20 x A50 | 3 bot\u00f5es), 120cm ( C120 x L20 x A50 | 4 bot\u00f5es), 140cm (C140 x L20 x A50 | 4 bot\u00f5es), 160cm (C160 x L20 x A50 | 5 bot\u00f5es), 180cm (C180 x L20 x A50 | 6 bot\u00f5es), 200cm (C200 x W20 x H50 | 7 bot\u00f5es).<\/li>\n<\/ul>","protected":false},"featured_media":650,"comment_status":"open","ping_status":"closed","template":"","meta":[],"product_brand":[],"product_cat":[15],"product_tag":[193,194,75,192,191,189,143,59,71,167,68],"class_list":{"0":"post-665","1":"product","2":"type-product","3":"status-publish","4":"has-post-thumbnail","6":"product_cat-large-wedge-pillow","7":"product_tag-bed-headboard-cushion","8":"product_tag-blue-pillow","9":"product_tag-daybed-pillow","10":"product_tag-headboard-cushion","11":"product_tag-headboard-pillow-wedge","12":"product_tag-linen-pillow","13":"product_tag-multifunctional-pillow","14":"product_tag-reading-pillow","15":"product_tag-tv-pillow","16":"product_tag-wedge-bolster-pillow","17":"product_tag-wedge-reading-pillow","19":"first","20":"instock","21":"featured","22":"shipping-taxable","23":"purchasable","24":"product-type-variable"},"_links":{"self":[{"href":"https:\/\/www.largepillow.com\/pt\/wp-json\/wp\/v2\/product\/665","targetHints":{"allow":["GET"]}}],"collection":[{"href":"https:\/\/www.largepillow.com\/pt\/wp-json\/wp\/v2\/product"}],"about":[{"href":"https:\/\/www.largepillow.com\/pt\/wp-json\/wp\/v2\/types\/product"}],"replies":[{"embeddable":true,"href":"https:\/\/www.largepillow.com\/pt\/wp-json\/wp\/v2\/comments?post=665"}],"wp:featuredmedia":[{"embeddable":true,"href":"https:\/\/www.largepillow.com\/pt\/wp-json\/wp\/v2\/media\/650"}],"wp:attachment":[{"href":"https:\/\/www.largepillow.com\/pt\/wp-json\/wp\/v2\/media?parent=665"}],"wp:term":[{"taxonomy":"product_brand","embeddable":true,"href":"https:\/\/www.largepillow.com\/pt\/wp-json\/wp\/v2\/product_brand?post=665"},{"taxonomy":"product_cat","embeddable":true,"href":"https:\/\/www.largepillow.com\/pt\/wp-json\/wp\/v2\/product_cat?post=665"},{"taxonomy":"product_tag","embeddable":true,"href":"https:\/\/www.largepillow.com\/pt\/wp-json\/wp\/v2\/product_tag?post=665"}],"curies":[{"name":"wp","href":"https:\/\/api.w.org\/{rel}","templated":true}]}}