{"id":688,"date":"2022-09-16T04:08:00","date_gmt":"2022-09-16T04:08:00","guid":{"rendered":"https:\/\/www.largepillow.com\/product\/wedge-pillow-for-acid-reflux"},"modified":"2025-11-05T02:15:32","modified_gmt":"2025-11-05T02:15:32","slug":"cunha-de-travesseiro-de-cabeceira","status":"publish","type":"product","link":"https:\/\/www.largepillow.com\/pt\/product\/headboard-pillow-wedge","title":{"rendered":"Travesseiro Cunha Cabeceira"},"content":{"rendered":"<p>A melhor almofada de cabeceira para maior conforto e versatilidade<\/p>\n<p>Prepare-se para experimentar um conforto incompar\u00e1vel com nosso exclusivo travesseiro de cabeceira. Projetada para elevar o seu tempo de relaxamento, esta almofada vers\u00e1til transformar\u00e1 sua cama, sof\u00e1, sof\u00e1-cama e qualquer canto aconchegante em um o\u00e1sis de conforto.<\/p>\n<p>M\u00e1ximo conforto e suporte<\/p>\n<p>Delicie-se com o abra\u00e7o macio de nosso travesseiro de cabeceira, meticulosamente elaborado para fornecer suporte excepcional enquanto l\u00ea, assiste TV ou simplesmente adormece. Quer prefira recostar-se ou reclinar-se com estilo, esta almofada ir\u00e1 embal\u00e1-lo com o m\u00e1ximo conforto.<\/p>\n<p>Design Multifuncional<\/p>\n<p>Al\u00e9m do seu conforto excepcional, a nossa almofada de cabeceira possui uma funcionalidade incr\u00edvel. Use-o como travesseiro de leitura de apoio para as costas para horas de leitura confort\u00e1vel, sem qualquer tens\u00e3o no pesco\u00e7o. Transforme-o em um travesseiro de cunha longa para maior suporte para as costas e pesco\u00e7o enquanto dorme. Ou eleve as pernas com a nossa almofada para reduzir o incha\u00e7o e melhorar a circula\u00e7\u00e3o.<\/p>\n<p>Materiais e constru\u00e7\u00e3o premium<\/p>\n<p>Nossa fronha \u00e9 meticulosamente confeccionada com uma mistura dur\u00e1vel de poli\u00e9ster e linho, adornada com uma textura entrela\u00e7ada e pontos requintados. As fibras de poli\u00e9ster de alta densidade utilizadas no forro garantem um suporte excepcional e evitam a flacidez, mesmo ap\u00f3s uso prolongado.<\/p>\n<p>Limpeza sem esfor\u00e7o<\/p>\n<p>Manter a condi\u00e7\u00e3o impec\u00e1vel do travesseiro da cabeceira \u00e9 muito f\u00e1cil. A fronha \u00e9 fechada com bot\u00f5es e possui um z\u00edper conveniente, tornando-a remov\u00edvel sem esfor\u00e7o para uma lavagem r\u00e1pida na m\u00e1quina. Basta abrir o z\u00edper, remover e lavar para manter seu travesseiro com aspecto fresco e convidativo.<\/p>\n<p>Bolso de armazenamento conveniente<\/p>\n<p>Aproveite a conveni\u00eancia adicional do nosso bolso lateral cuidadosamente projetado. Mantenha seu controle remoto, telefone ou outros itens essenciais ao alcance do bra\u00e7o, garantindo que eles nunca mais sejam perdidos.<\/p>\n<p>Op\u00e7\u00f5es de tamanho para atender \u00e0s suas necessidades<\/p>\n<p>A nossa almofada de cabeceira est\u00e1 dispon\u00edvel numa vasta gama de tamanhos, de 45 cm a 200 cm, para acomodar perfeitamente as suas prefer\u00eancias individuais. Quer voc\u00ea tenha um pequeno recanto aconchegante ou uma espa\u00e7osa su\u00edte master, n\u00f3s temos o que voc\u00ea precisa.<\/p>\n<p>Depoimentos de clientes<\/p>\n<p>\u201cEsta almofada triangular \u00e9 uma virada de jogo! \u00c9 muito confort\u00e1vel e oferece excelente suporte para as costas enquanto leio ou assisto TV. O tecido com mistura de algod\u00e3o e linho \u00e9 macio e estiloso, e a cor roxa adiciona um toque de eleg\u00e2ncia ao meu quarto.\u201d - Cliente satisfeito<\/p>\n<p>\u201cAdoro a versatilidade desta almofada. Eu o uso como travesseiro de apoio para as costas, travesseiro para as pernas e travesseiro de leitura. \u00c9 t\u00e3o bem feito e o preenchimento d\u00e1 muito suporte. \u00c9 como ter v\u00e1rios travesseiros em um s\u00f3!\u201d \u2013 F\u00e3 Leal<\/p>\n<p>Atualize sua experi\u00eancia de relaxamento com nossa excepcional cunha de travesseiro de cabeceira hoje mesmo. Desfrute do m\u00e1ximo conforto, versatilidade e conveni\u00eancia, tudo em um pacote elegante e funcional.<\/p>","protected":false},"excerpt":{"rendered":"<ul>\n<li><strong>Conforto final:<\/strong> Nossa almofada de cabeceira foi projetada para lhe proporcionar o m\u00e1ximo conforto enquanto l\u00ea, assiste TV ou dorme. \u00c9 perfeito para cama, sof\u00e1, sof\u00e1 e muito mais!<\/li>\n<li><strong>Design multifuncional:<\/strong> Nossa almofada grande pode ser usada de v\u00e1rias maneiras - como almofada de leitura para apoio nas costas, como almofada de cunha longa ou como almofada para elevar as pernas. \u00c9 elegante e funcional, tornando-se um excelente complemento para qualquer quarto.<\/li>\n<li><strong>Materiais premium:<\/strong> Nossa fronha \u00e9 feita de poli\u00e9ster 100% com uma textura entrela\u00e7ada e pontos requintados que s\u00e3o resistentes em toda a volta. O acolchoamento \u00e9 feito de fibras de poli\u00e9ster de alta densidade e alta qualidade que evitam flacidez mesmo ap\u00f3s meses de uso.<\/li>\n<li><strong>F\u00e1cil de limpar:<\/strong> A capa da almofada da cabeceira \u00e9 fixada na almofada com bot\u00f5es e \u00e9 f\u00e1cil de remover com um simples z\u00edper. Basta remover a capa e lavar rapidamente na m\u00e1quina para deixar seu travesseiro como novo.<\/li>\n<li><strong>Bolso de armazenamento perfeito:<\/strong> Nossa almofada de cabeceira possui um bolso lateral conveniente, garantindo que voc\u00ea nunca mais perder\u00e1 seu controle remoto.<\/li>\n<li><strong>Tecido:<\/strong>\u00a0Mistura de poli\u00e9ster e linho.<\/li>\n<li><strong>Tamanho:<\/strong> 45cm (C45 x L20 x A50 | 0 bot\u00f5es), 60cm (C60 x L20 x A50 | 0 bot\u00f5es), 80cm (C80 x L20 x A50 | 2 bot\u00f5es), 100cm (C100 x L20 x A50 | 3 bot\u00f5es), 120cm ( C120 x L20 x A50 | 4 bot\u00f5es), 140cm (C140 x L20 x A50 | 4 bot\u00f5es), 160cm (C160 x L20 x A50 | 5 bot\u00f5es), 180cm (C180 x L20 x A50 | 6 bot\u00f5es), 200cm (C200 x W20 x H50 | 7 bot\u00f5es).<\/li>\n<\/ul>","protected":false},"featured_media":675,"comment_status":"open","ping_status":"closed","template":"","meta":[],"product_brand":[],"product_cat":[15],"product_tag":[66,187,168,191,189,184,143,188,190,59],"class_list":{"0":"post-688","1":"product","2":"type-product","3":"status-publish","4":"has-post-thumbnail","6":"product_cat-large-wedge-pillow","7":"product_tag-back-support-pillow","8":"product_tag-back-support-reading-pillow","9":"product_tag-headboard-pillow","10":"product_tag-headboard-pillow-wedge","11":"product_tag-linen-pillow","12":"product_tag-long-wedge-pillow","13":"product_tag-multifunctional-pillow","14":"product_tag-pillow-wedge","15":"product_tag-purple-pillow","16":"product_tag-reading-pillow","18":"first","19":"instock","20":"shipping-taxable","21":"purchasable","22":"product-type-variable"},"_links":{"self":[{"href":"https:\/\/www.largepillow.com\/pt\/wp-json\/wp\/v2\/product\/688","targetHints":{"allow":["GET"]}}],"collection":[{"href":"https:\/\/www.largepillow.com\/pt\/wp-json\/wp\/v2\/product"}],"about":[{"href":"https:\/\/www.largepillow.com\/pt\/wp-json\/wp\/v2\/types\/product"}],"replies":[{"embeddable":true,"href":"https:\/\/www.largepillow.com\/pt\/wp-json\/wp\/v2\/comments?post=688"}],"wp:featuredmedia":[{"embeddable":true,"href":"https:\/\/www.largepillow.com\/pt\/wp-json\/wp\/v2\/media\/675"}],"wp:attachment":[{"href":"https:\/\/www.largepillow.com\/pt\/wp-json\/wp\/v2\/media?parent=688"}],"wp:term":[{"taxonomy":"product_brand","embeddable":true,"href":"https:\/\/www.largepillow.com\/pt\/wp-json\/wp\/v2\/product_brand?post=688"},{"taxonomy":"product_cat","embeddable":true,"href":"https:\/\/www.largepillow.com\/pt\/wp-json\/wp\/v2\/product_cat?post=688"},{"taxonomy":"product_tag","embeddable":true,"href":"https:\/\/www.largepillow.com\/pt\/wp-json\/wp\/v2\/product_tag?post=688"}],"curies":[{"name":"wp","href":"https:\/\/api.w.org\/{rel}","templated":true}]}}