{"id":802,"date":"2022-09-17T13:48:56","date_gmt":"2022-09-17T13:48:56","guid":{"rendered":"https:\/\/www.largepillow.com\/product\/wedge-pillow-for-acid-reflux_37_38_39_40"},"modified":"2026-03-13T16:55:31","modified_gmt":"2026-03-13T16:55:31","slug":"travesseiro-de-reforco-de-cunha","status":"publish","type":"product","link":"https:\/\/www.largepillow.com\/pt\/product\/wedge-bolster-pillow","title":{"rendered":"Cunha Almofada Almofada"},"content":{"rendered":"<p>A almofada de refor\u00e7o em cunha Ultimate Comfort<\/p>\n<p>Voc\u00ea est\u00e1 procurando a almofada perfeita para ler ou assistir TV? Permita-nos apresentar a almofada Wedge Bolster \u2013 a melhor almofada de cabeceira elevada para conforto e suporte superiores.<\/p>\n<p>Com sua forma curva e design de encosto elevado de duas fileiras, esta almofada XL apoia adequadamente o pesco\u00e7o e as costas enquanto voc\u00ea est\u00e1 sentado na cama. O design multifuncional funciona muito bem como travesseiro vertical para as costas, travesseiro em cunha ou travesseiro para as pernas. <\/p>\n<p>Confeccionado em poli\u00e9ster 100% com enchimento de fibra de poli\u00e9ster ecologicamente correto, o tecido tem aspecto de linho que complementa qualquer decora\u00e7\u00e3o de quarto. A capa remov\u00edvel pode ser lavada na m\u00e1quina para facilitar o cuidado. Esta almofada de cabeceira grande tamb\u00e9m possui pequenos bolsos laterais para guardar livros, controles remotos, telefones e muito mais. <\/p>\n<p>Aqui est\u00e1 o que alguns clientes t\u00eam a dizer:<\/p>\n<p>\u201cEu adoro a apar\u00eancia deste travesseiro de cama. O tecido de linho \u00e9 muito macio e a cor fica \u00f3tima no meu quarto.\u201d<\/p>\n<p>\u201cEsta almofada de leitura oferece um apoio fant\u00e1stico para as costas. Posso ficar sentado na cama por horas sem sentir dores no pesco\u00e7o ou nas costas.\u201d<\/p>\n<p>\u201cO design elevado \u00e9 perfeito para ler ou trabalhar no meu laptop na cama. \u00c9 um \u00f3timo encosto que me mant\u00e9m em p\u00e9 confortavelmente.\u201d<\/p>\n<p>\u201cComprei o tamanho 160cm e ocupa toda a cabeceira da minha cama. Grande o suficiente para sentar e assistir filmes.\u201d<\/p>\n<p>Com comprimentos dispon\u00edveis que variam de 100 cm a 200 cm, voc\u00ea certamente encontrar\u00e1 um tamanho de almofada em cunha que se adapta ao seu espa\u00e7o. D\u00ea \u00e0s suas costas, pesco\u00e7o e pernas o conforto que merecem! Compre hoje mesmo sua almofada de cabeceira multifuncional.<\/p>","protected":false},"excerpt":{"rendered":"<ul>\n<li><strong>Conforto final:<\/strong> Esta almofada de cabeceira elevada xl oferece excelente conforto gra\u00e7as ao seu design curvo. Esta almofada de leitura na cabeceira pode ajud\u00e1-lo a ficar livre de tens\u00e3o no sof\u00e1-cama ou no sof\u00e1, o que \u00e9 ideal para trabalhar not\u00edvagos, leitores \u00e1vidos e assistir TV na cama.<\/li>\n<li><strong>Design de encosto elevado:<\/strong> Desfrute de conforto incompar\u00e1vel com o design exclusivo de encosto elevado de duas fileiras da nossa almofada de cabeceira. A almofada de cabeceira com encosto elevado proporciona um apoio superior para o pesco\u00e7o e as costas, tornando-a no local perfeito para relaxar e ler na cama.<\/li>\n<li><strong>Almofada multifuncional:<\/strong> Com tr\u00eas formas diferentes de utiliza\u00e7\u00e3o, nossa almofada \u00e9 perfeita para qualquer situa\u00e7\u00e3o. Quer prefira us\u00e1-lo como travesseiro vertical para as costas, travesseiro em cunha ou travesseiro para as pernas para suporte elevado, \u00e9 o acess\u00f3rio ideal para descanso e relaxamento confort\u00e1veis.<\/li>\n<li><strong>Artesanato Superior:<\/strong> Confeccionada com tecido aspecto linho cuja composi\u00e7\u00e3o \u00e9 poli\u00e9ster 100%, nossa almofada de cabeceira \u00e9 preenchida com enchimento de fibra de poli\u00e9ster ecologicamente correto e de alta resili\u00eancia. A almofada de cama remov\u00edvel \u00e9 f\u00e1cil de lavar na m\u00e1quina, enquanto os pequenos bolsos laterais agregam praticidade a este produto j\u00e1 luxuoso.<\/li>\n<li><strong>F\u00e1cil de lavar:<\/strong> A capa da almofada da cabeceira \u00e9 fixada na parte interna do travesseiro com bot\u00f5es e \u00e9 f\u00e1cil de remover com um simples z\u00edper. Isso torna sua limpeza descomplicada. Basta remover a capa e lavar rapidamente na m\u00e1quina para deixar seu travesseiro como novo.<\/li>\n<li><strong>Tamanho:<\/strong> 100cm (C100 x L26 x A55 | Bot\u00f5es de 3 colunas), 120cm (C120 x L26 x A55 | Bot\u00f5es de 4 colunas), 140cm (C140 x L26 x A55 | Bot\u00f5es de 4 colunas), 160cm (C160 x L26 x A55 | Bot\u00f5es de 5 colunas ), 180cm (C180 x L26 x A55 | Bot\u00f5es de 6 colunas), 200cm (C200 x L26 x A55 | Bot\u00f5es de 7 colunas).<\/li>\n<\/ul>","protected":false},"featured_media":788,"comment_status":"open","ping_status":"closed","template":"","meta":[],"product_brand":[],"product_cat":[15],"product_tag":[164,161,168,163,143,169,162,167,65],"class_list":{"0":"post-802","1":"product","2":"type-product","3":"status-publish","4":"has-post-thumbnail","6":"product_cat-large-wedge-pillow","7":"product_tag-detachable-bolster-bed-cushion","8":"product_tag-elevated-headboard-pillow","9":"product_tag-headboard-pillow","10":"product_tag-leg-pillow","11":"product_tag-multifunctional-pillow","12":"product_tag-support-pillow","13":"product_tag-upright-back-pillow","14":"product_tag-wedge-bolster-pillow","15":"product_tag-wedge-pillow","17":"first","18":"instock","19":"shipping-taxable","20":"purchasable","21":"product-type-variable"},"_links":{"self":[{"href":"https:\/\/www.largepillow.com\/pt\/wp-json\/wp\/v2\/product\/802","targetHints":{"allow":["GET"]}}],"collection":[{"href":"https:\/\/www.largepillow.com\/pt\/wp-json\/wp\/v2\/product"}],"about":[{"href":"https:\/\/www.largepillow.com\/pt\/wp-json\/wp\/v2\/types\/product"}],"replies":[{"embeddable":true,"href":"https:\/\/www.largepillow.com\/pt\/wp-json\/wp\/v2\/comments?post=802"}],"wp:featuredmedia":[{"embeddable":true,"href":"https:\/\/www.largepillow.com\/pt\/wp-json\/wp\/v2\/media\/788"}],"wp:attachment":[{"href":"https:\/\/www.largepillow.com\/pt\/wp-json\/wp\/v2\/media?parent=802"}],"wp:term":[{"taxonomy":"product_brand","embeddable":true,"href":"https:\/\/www.largepillow.com\/pt\/wp-json\/wp\/v2\/product_brand?post=802"},{"taxonomy":"product_cat","embeddable":true,"href":"https:\/\/www.largepillow.com\/pt\/wp-json\/wp\/v2\/product_cat?post=802"},{"taxonomy":"product_tag","embeddable":true,"href":"https:\/\/www.largepillow.com\/pt\/wp-json\/wp\/v2\/product_tag?post=802"}],"curies":[{"name":"wp","href":"https:\/\/api.w.org\/{rel}","templated":true}]}}