{"id":866,"date":"2022-09-17T14:44:55","date_gmt":"2022-09-17T14:44:55","guid":{"rendered":"https:\/\/www.largepillow.com\/product\/wedge-pillow-for-acid-reflux_37_38_39_40_41_42_43"},"modified":"2025-04-18T01:36:58","modified_gmt":"2025-04-18T01:36:58","slug":"almofada-para-dormir","status":"publish","type":"product","link":"https:\/\/www.largepillow.com\/pt\/product\/back-pillow-for-sleeping","title":{"rendered":"Travesseiro De Costas Para Dormir"},"content":{"rendered":"<p>A almofada traseira para dormir: o acess\u00f3rio de conforto definitivo<\/p>\n<p>Voc\u00ea est\u00e1 cansado de sentir desconforto ao tentar relaxar na cama, no sof\u00e1, na espregui\u00e7adeira ou no sof\u00e1? Voc\u00ea costuma ter dificuldade para se sentir confort\u00e1vel enquanto l\u00ea, assiste TV ou trabalha na cama? Se sim, ent\u00e3o a Almofada de Dormir \u00e9 o acess\u00f3rio perfeito para voc\u00ea!<\/p>\n<p>Um dos destaques deste produto \u00e9 seu design curvo, que oferece excelente conforto. Esta almofada de leitura na cabeceira pode ajud\u00e1-lo a ficar livre de tens\u00e3o, n\u00e3o importa onde voc\u00ea esteja. Quer voc\u00ea seja um not\u00edvago que gosta de trabalhar at\u00e9 tarde da noite, um leitor \u00e1vido que adora ler na cama ou algu\u00e9m que simplesmente gosta de assistir TV na cama, este travesseiro tem tudo para voc\u00ea.<\/p>\n<p>Outra caracter\u00edstica exclusiva da Almofada de Costas para Dormir \u00e9 o design do encosto elevado. Gra\u00e7as ao seu encosto elevado de duas carreiras, esta almofada proporciona um apoio superior para o pesco\u00e7o e as costas. Isso o torna o acess\u00f3rio perfeito para quem sofre de dores nas costas ou no pesco\u00e7o, ou para quem simplesmente quer relaxar e ler na cama.<\/p>\n<p>O design multifuncional da Almofada de Costas para Dormir \u00e9 outro grande diferencial. Com tr\u00eas formas diferentes de utiliza\u00e7\u00e3o, esta almofada \u00e9 perfeita para qualquer situa\u00e7\u00e3o. Quer prefira us\u00e1-lo como travesseiro vertical para as costas, travesseiro em cunha ou travesseiro para as pernas para suporte elevado, \u00e9 o acess\u00f3rio ideal para descanso e relaxamento confort\u00e1veis.<\/p>\n<p>Quando se trata de artesanato, a Almofada de Costas para Dormir \u00e9 confeccionada com materiais de alta qualidade. O tecido com aspecto de linho \u00e9 composto por poli\u00e9ster 100%, e a almofada \u00e9 preenchida com enchimento de fibra de poli\u00e9ster ecologicamente correto e de alta resili\u00eancia. Al\u00e9m disso, a almofada remov\u00edvel da cama \u00e9 f\u00e1cil de lavar na m\u00e1quina, enquanto os pequenos bolsos laterais agregam praticidade a este produto j\u00e1 luxuoso.<\/p>\n<p>Um dos aspectos mais atraentes desta almofada \u00e9 a sua facilidade de uso e manuten\u00e7\u00e3o. A capa da almofada da cabeceira \u00e9 fixada na parte interna do travesseiro com bot\u00f5es e \u00e9 f\u00e1cil de remover com um simples z\u00edper. Isso torna a limpeza descomplicada. Basta remover a capa e lavar rapidamente na m\u00e1quina para deixar seu travesseiro como novo.<\/p>\n<p>A almofada de costas para dormir vem em uma variedade de tamanhos que se adaptam a qualquer tamanho de cama: 100cm, 120cm, 140cm, 160cm, 180cm e 200cm. Isso torna mais f\u00e1cil encontrar o ajuste perfeito para suas necessidades espec\u00edficas.<\/p>\n<p>Como escreveu um cliente satisfeito: \u201cEste travesseiro \u00e9 uma virada de jogo! Oferece muito suporte e conforto, e as m\u00faltiplas formas de utiliz\u00e1-lo o tornam perfeito para qualquer situa\u00e7\u00e3o. Recomendo fortemente para quem deseja melhorar suas experi\u00eancias de sono e relaxamento.\u201d<\/p>\n<p>No geral, a Almofada de Costas para Dormir \u00e9 um excelente investimento para quem deseja melhorar sua experi\u00eancia de conforto e relaxamento. Com seu acabamento de alta qualidade, design multifuncional e facilidade de uso e manuten\u00e7\u00e3o, esta almofada certamente se tornar\u00e1 um acess\u00f3rio favorito nos pr\u00f3ximos anos.<\/p>","protected":false},"excerpt":{"rendered":"<ul>\n<li><strong>Conforto final:<\/strong> Esta almofada de cabeceira elevada xl oferece excelente conforto gra\u00e7as ao seu design curvo. Esta almofada de leitura na cabeceira pode ajud\u00e1-lo a ficar livre de tens\u00e3o no sof\u00e1-cama ou no sof\u00e1, o que \u00e9 ideal para trabalhar not\u00edvagos, leitores \u00e1vidos e assistir TV na cama.<\/li>\n<li><strong>Design de encosto elevado:<\/strong> Desfrute de conforto incompar\u00e1vel com o design exclusivo de encosto elevado de duas fileiras da nossa almofada de cabeceira. A almofada de cabeceira com encosto elevado proporciona um apoio superior para o pesco\u00e7o e as costas, tornando-a no local perfeito para relaxar e ler na cama.<\/li>\n<li><strong>Almofada multifuncional:<\/strong> Com tr\u00eas formas diferentes de utiliza\u00e7\u00e3o, nossa almofada \u00e9 perfeita para qualquer situa\u00e7\u00e3o. Quer prefira us\u00e1-lo como travesseiro vertical para as costas, travesseiro em cunha ou travesseiro para as pernas para suporte elevado, \u00e9 o acess\u00f3rio ideal para descanso e relaxamento confort\u00e1veis.<\/li>\n<li><strong>Artesanato Superior:<\/strong> Confeccionada com tecido aspecto linho cuja composi\u00e7\u00e3o \u00e9 poli\u00e9ster 100%, nossa almofada de cabeceira \u00e9 preenchida com enchimento de fibra de poli\u00e9ster ecologicamente correto e de alta resili\u00eancia. A almofada de cama remov\u00edvel \u00e9 f\u00e1cil de lavar na m\u00e1quina, enquanto os pequenos bolsos laterais agregam praticidade a este produto j\u00e1 luxuoso.<\/li>\n<li><strong>F\u00e1cil de lavar:<\/strong> A capa da almofada da cabeceira \u00e9 fixada na parte interna do travesseiro com bot\u00f5es e \u00e9 f\u00e1cil de remover com um simples z\u00edper. Isso torna sua limpeza descomplicada. Basta remover a capa e lavar rapidamente na m\u00e1quina para deixar seu travesseiro como novo.<\/li>\n<li><strong>Tamanho:<\/strong> 100cm (C100 x L26 x A55 | Bot\u00f5es de 3 colunas), 120cm (C120 x L26 x A55 | Bot\u00f5es de 4 colunas), 140cm (C140 x L26 x A55 | Bot\u00f5es de 4 colunas), 160cm (C160 x L26 x A55 | Bot\u00f5es de 5 colunas ), 180cm (C180 x L26 x A55 | Bot\u00f5es de 6 colunas), 200cm (C200 x L26 x A55 | Bot\u00f5es de 7 colunas).<\/li>\n<\/ul>","protected":false},"featured_media":852,"comment_status":"open","ping_status":"closed","template":"","meta":[],"product_brand":[],"product_cat":[15],"product_tag":[160,66,164,161,163,143,162,65],"class_list":{"0":"post-866","1":"product","2":"type-product","3":"status-publish","4":"has-post-thumbnail","6":"product_cat-large-wedge-pillow","7":"product_tag-back-pillow-for-sleeping","8":"product_tag-back-support-pillow","9":"product_tag-detachable-bolster-bed-cushion","10":"product_tag-elevated-headboard-pillow","11":"product_tag-leg-pillow","12":"product_tag-multifunctional-pillow","13":"product_tag-upright-back-pillow","14":"product_tag-wedge-pillow","16":"first","17":"instock","18":"featured","19":"shipping-taxable","20":"purchasable","21":"product-type-variable"},"_links":{"self":[{"href":"https:\/\/www.largepillow.com\/pt\/wp-json\/wp\/v2\/product\/866","targetHints":{"allow":["GET"]}}],"collection":[{"href":"https:\/\/www.largepillow.com\/pt\/wp-json\/wp\/v2\/product"}],"about":[{"href":"https:\/\/www.largepillow.com\/pt\/wp-json\/wp\/v2\/types\/product"}],"replies":[{"embeddable":true,"href":"https:\/\/www.largepillow.com\/pt\/wp-json\/wp\/v2\/comments?post=866"}],"wp:featuredmedia":[{"embeddable":true,"href":"https:\/\/www.largepillow.com\/pt\/wp-json\/wp\/v2\/media\/852"}],"wp:attachment":[{"href":"https:\/\/www.largepillow.com\/pt\/wp-json\/wp\/v2\/media?parent=866"}],"wp:term":[{"taxonomy":"product_brand","embeddable":true,"href":"https:\/\/www.largepillow.com\/pt\/wp-json\/wp\/v2\/product_brand?post=866"},{"taxonomy":"product_cat","embeddable":true,"href":"https:\/\/www.largepillow.com\/pt\/wp-json\/wp\/v2\/product_cat?post=866"},{"taxonomy":"product_tag","embeddable":true,"href":"https:\/\/www.largepillow.com\/pt\/wp-json\/wp\/v2\/product_tag?post=866"}],"curies":[{"name":"wp","href":"https:\/\/api.w.org\/{rel}","templated":true}]}}