{"id":97,"date":"2022-09-15T04:01:03","date_gmt":"2022-09-15T04:01:03","guid":{"rendered":"https:\/\/www.largepillow.com\/product\/wedge-bolster-pillow"},"modified":"2026-03-22T07:11:02","modified_gmt":"2026-03-22T07:11:02","slug":"cunha-apoio-travesseiro","status":"publish","type":"product","link":"https:\/\/www.largepillow.com\/pt\/product\/wedge-support-pillow\/","title":{"rendered":"Almofada de apoio de cunha"},"content":{"rendered":"<p>O m\u00e1ximo em conforto e suporte: almofada de suporte em cunha<\/p>\n<p>Voc\u00ea est\u00e1 procurando uma maneira de melhorar seu relaxamento e conforto, seja lendo, trabalhando ou assistindo TV na cama? N\u00e3o procure mais, a almofada de suporte em cunha! Esta almofada vers\u00e1til oferece uma s\u00e9rie de benef\u00edcios, tornando-a obrigat\u00f3ria em qualquer casa.<\/p>\n<p>Conforto excepcional e suporte lombar<\/p>\n<p>O formato triangular da almofada de suporte em cunha adapta-se perfeitamente \u00e0s suas costas e cintura, proporcionando excelente suporte lombar e minimizando a press\u00e3o na parte inferior das costas. O amortecimento macio garante o m\u00e1ximo conforto, permitindo que voc\u00ea relaxe e aproveite suas atividades por horas a fio.<\/p>\n<p>Design multifuncional para cada necessidade<\/p>\n<p>A versatilidade desta almofada vai al\u00e9m de seu uso principal como almofada de cabeceira. Voc\u00ea tamb\u00e9m pode us\u00e1-lo como travesseiro em cunha para suporte adicional durante o sono ou como travesseiro para as pernas para aliviar o desconforto e melhorar a circula\u00e7\u00e3o. Seu tamanho generoso oferece amplo espa\u00e7o para duas pessoas, sendo a solu\u00e7\u00e3o ideal para casais.<\/p>\n<p>Adi\u00e7\u00e3o elegante e funcional<\/p>\n<p>A almofada de suporte em cunha n\u00e3o \u00e9 apenas confort\u00e1vel; tamb\u00e9m \u00e9 elegante. A fronha de veludo cotel\u00ea adiciona um toque de sofistica\u00e7\u00e3o ao seu quarto ou sala. Sua funcionalidade como travesseiro ou encosto de sof\u00e1 o torna uma adi\u00e7\u00e3o pr\u00e1tica e esteticamente agrad\u00e1vel a qualquer espa\u00e7o.<\/p>\n<p>Artesanato premium e cuidado f\u00e1cil<\/p>\n<p>Fabricada com materiais de alta qualidade, esta almofada foi projetada para durar. A fronha de poli\u00e9ster respir\u00e1vel garante conforto e durabilidade, mantendo a sua forma ao longo do tempo. Bolsos laterais convenientes proporcionam f\u00e1cil acesso ao seu telefone ou livro.<\/p>\n<p>Limpeza sem esfor\u00e7o<\/p>\n<p>Manter a almofada de suporte em cunha \u00e9 muito f\u00e1cil. A fronha remov\u00edvel com fecho de correr permite uma lavagem f\u00e1cil. Basta remover a capa e lav\u00e1-la na m\u00e1quina para manter seu travesseiro com aspecto fresco e limpo.<\/p>\n<p>Avalia\u00e7\u00f5es excepcionais de clientes<\/p>\n<p>Aqui est\u00e1 o que os clientes satisfeitos t\u00eam a dizer sobre a almofada de suporte em cunha:<\/p>\n<p>\u201cEsta almofada \u00e9 como um sonho! Proporciona suporte e conforto incr\u00edveis. Eu recomendo.&quot;<br \/>\n\u201cO tecido de veludo cotel\u00ea \u00e9 t\u00e3o macio e luxuoso. Acrescenta um toque de classe ao meu quarto.\u201d<br \/>\n\u201cNunca pensei que um travesseiro pudesse fazer tanta diferen\u00e7a. \u00c9 o melhor investimento que fiz para o meu conforto.\u201d<\/p>\n<p>Tamanhos para cada necessidade<\/p>\n<p>Escolha entre uma variedade de tamanhos para atender \u00e0s suas necessidades individuais:<\/p>\n<p>45cm, 60cm, 80cm, 100cm, 120cm, 140cm, 160cm, 180cm, 200cm<\/p>\n<p>Encomende hoje a sua almofada de suporte em cunha e experimente o m\u00e1ximo em conforto e suporte. Seu tempo de relaxamento nunca mais ser\u00e1 o mesmo!<\/p>","protected":false},"excerpt":{"rendered":"<ul>\n<li><strong>Conforto final:<\/strong> Esta almofada de cabeceira oferece excelente conforto gra\u00e7as ao seu design de forma triangular. A almofada do suporte da cama ajusta-se perfeitamente \u00e0s costas e \u00e0 cintura, minimizando a press\u00e3o lombar\/costas. Esta almofada de leitura em cunha pode ajud\u00e1-lo a ficar livre de tens\u00e3o na cama ou no sof\u00e1, o que \u00e9 ideal para trabalhar noct\u00edvagos, leitores \u00e1vidos e assistir TV na cama. Esta almofada extra grande \u00e9 a \u00fanica almofada de cabeceira em cunha que pode acomodar duas pessoas.<\/li>\n<li><strong>Almofada grande 3 em 1:<\/strong> Voc\u00ea pode usar o travesseiro na posi\u00e7\u00e3o vertical como travesseiro de cabeceira para sentar na cama ou coloc\u00e1-lo na cama para us\u00e1-lo como um travesseiro grande ao dormir de costas ou de lado, ou como travesseiro para elevar as pernas. Se voc\u00ea deseja uma almofada de cabeceira grande que d\u00ea suporte para voc\u00ea e seu c\u00f4njuge. \u00c9 uma excelente alternativa.<\/li>\n<li><strong>Design multifuncional:<\/strong> Algumas pessoas usam a almofada grande triangular como travesseiro de cabeceira, enquanto outras a usam como travesseiro de p\u00e1ra-choque, tamb\u00e9m pode ser um travesseiro de encosto de sof\u00e1 ou sof\u00e1-cama. \u00c9 elegante e funcional, o que o torna um excelente complemento para qualquer quarto.<\/li>\n<li><strong>Artesanato Superior:<\/strong> A fronha \u00e9 de veludo cotel\u00ea cuja composi\u00e7\u00e3o \u00e9 poli\u00e9ster 100%. nossa almofada de cabeceira \u00e9 respir\u00e1vel e confort\u00e1vel o suficiente para manter sua forma e n\u00e3o perder sua forma com o tempo. Um bolso lateral de cada lado permite que voc\u00ea coloque seu livro ou telefone.<\/li>\n<li><strong>F\u00e1cil de lavar:<\/strong> A capa da almofada de leitura \u00e9 fixada na almofada com bot\u00f5es e \u00e9 f\u00e1cil de remover com um simples z\u00edper. Isso torna sua limpeza descomplicada. Basta remover a capa e lavar rapidamente na m\u00e1quina para deixar seu travesseiro como novo.<\/li>\n<li><strong>Tamanho:<\/strong> 45cm (C45 x L20 x A50 | 0 bot\u00f5es), 60cm (C60 x L20 x A50 | 0 bot\u00f5es), 80cm (C80 x L20 x A50 | 2 bot\u00f5es), 100cm (C100 x L20 x A50 | 3 bot\u00f5es), 120cm ( C120 x L20 x A50 | 4 bot\u00f5es), 140cm (C140 x L20 x A50 | 4 bot\u00f5es), 160cm (C160 x L20 x A50 | 5 bot\u00f5es), 180cm (C180 x L20 x A50 | 6 bot\u00f5es), 200cm (C200 x W20 x H50 | 7 bot\u00f5es).<\/li>\n<\/ul>","protected":false},"featured_media":80,"comment_status":"open","ping_status":"closed","template":"","meta":[],"product_brand":[],"product_cat":[15],"product_tag":[205,194,206,218,226,207,132,163,68],"class_list":{"0":"post-97","1":"product","2":"type-product","3":"status-publish","4":"has-post-thumbnail","6":"product_cat-large-wedge-pillow","7":"product_tag-back-support-headboard-pillow","8":"product_tag-blue-pillow","9":"product_tag-bumper-pillow","10":"product_tag-corduroy-pillow","11":"product_tag-couch-backrest-bolster-pillow","12":"product_tag-daybed-backrest-bolster-pillow","13":"product_tag-large-bolster-pillow","14":"product_tag-leg-pillow","15":"product_tag-wedge-reading-pillow","17":"first","18":"instock","19":"featured","20":"shipping-taxable","21":"purchasable","22":"product-type-variable"},"_links":{"self":[{"href":"https:\/\/www.largepillow.com\/pt\/wp-json\/wp\/v2\/product\/97","targetHints":{"allow":["GET"]}}],"collection":[{"href":"https:\/\/www.largepillow.com\/pt\/wp-json\/wp\/v2\/product"}],"about":[{"href":"https:\/\/www.largepillow.com\/pt\/wp-json\/wp\/v2\/types\/product"}],"replies":[{"embeddable":true,"href":"https:\/\/www.largepillow.com\/pt\/wp-json\/wp\/v2\/comments?post=97"}],"wp:featuredmedia":[{"embeddable":true,"href":"https:\/\/www.largepillow.com\/pt\/wp-json\/wp\/v2\/media\/80"}],"wp:attachment":[{"href":"https:\/\/www.largepillow.com\/pt\/wp-json\/wp\/v2\/media?parent=97"}],"wp:term":[{"taxonomy":"product_brand","embeddable":true,"href":"https:\/\/www.largepillow.com\/pt\/wp-json\/wp\/v2\/product_brand?post=97"},{"taxonomy":"product_cat","embeddable":true,"href":"https:\/\/www.largepillow.com\/pt\/wp-json\/wp\/v2\/product_cat?post=97"},{"taxonomy":"product_tag","embeddable":true,"href":"https:\/\/www.largepillow.com\/pt\/wp-json\/wp\/v2\/product_tag?post=97"}],"curies":[{"name":"wp","href":"https:\/\/api.w.org\/{rel}","templated":true}]}}