{"id":1038,"date":"2022-09-19T02:09:34","date_gmt":"2022-09-19T02:09:34","guid":{"rendered":"https:\/\/www.largepillow.com\/product\/living-wedge-bolster"},"modified":"2025-09-19T02:32:00","modified_gmt":"2025-09-19T02:32:00","slug":"perna-pentru-corp","status":"publish","type":"product","link":"https:\/\/www.largepillow.com\/ro\/product\/bed-body-pillow\/","title":{"rendered":"Pern\u0103 pentru corp"},"content":{"rendered":"<p>Pern\u0103 pentru corp: Solu\u021bia suprem\u0103 de confort pentru citit, odihn\u0103 \u0219i decor<\/p>\n<p>Cau\u021bi o pern\u0103 care s\u0103 ofere un confort de neegalat pentru activit\u0103\u021bi multiple \u0219i s\u0103 \u00eembun\u0103t\u0103\u021beasc\u0103 estetica dormitorului t\u0103u? Nu c\u0103uta mai departe dec\u00e2t perna Bed Body, o pern\u0103 versatil\u0103 \u0219i elegant\u0103 care r\u0103spunde tuturor nevoilor tale.<\/p>\n<p>Pern\u0103 perfect\u0103 pentru citit<\/p>\n<p>Cu forma sa dreptunghiular\u0103, perna Bed Body ofer\u0103 un suport optim pentru spate atunci c\u00e2nd stai \u00een pat pentru a citi, a te uita la televizor, a naviga pe telefon sau a te implica \u00een alte activit\u0103\u021bi relaxante. C\u0103ptu\u0219eala sa moale asigur\u0103 ore \u00eentregi de suport confortabil, permi\u021b\u00e2ndu-\u021bi s\u0103 te cufunzi \u00een romanul t\u0103u preferat sau s\u0103 urm\u0103re\u0219ti emisiunile tale preferate f\u0103r\u0103 niciun disconfort.<\/p>\n<p>Pern\u0103 confortabil\u0103 pentru corp<\/p>\n<p>Aceast\u0103 pern\u0103 mare pentru corp \u00eenlocuie\u0219te toate pernele obi\u0219nuite pentru odihn\u0103 la pat sau lombare, oferind mai multe pozi\u021bii pentru a v\u0103 sus\u021bine spatele, umerii, coloana vertebral\u0103, abdomenul, picioarele \u0219i multe altele. Promoveaz\u0103 o coloan\u0103 vertebral\u0103 aliniat\u0103 pentru to\u021bi dormitorii, indiferent de pozi\u021bia lor preferat\u0103. Indiferent dac\u0103 ave\u021bi nevoie de o pern\u0103 pentru odihn\u0103 la pat cu sus\u021binere sau de o pern\u0103 mare pentru sus\u021binerea spatelui, perna pentru corp pentru pat v\u0103 st\u0103 la dispozi\u021bie.<\/p>\n<p>Materiale \u0219i construc\u021bie premium<\/p>\n<p>Perna Bed Body este realizat\u0103 meticulos din materiale de \u00eenalt\u0103 calitate, av\u00e2nd dungi tridimensionale, nasturi din material textil \u0219i margini complet tivite. Fermoarul s\u0103u durabil, cu dou\u0103 c\u0103i, asigur\u0103 longevitate \u0219i u\u0219urin\u021b\u0103 \u00een utilizare. Umplutura rezistent\u0103 din microfibra de poliester \u00ee\u0219i men\u021bine forma de sus\u021binere \u00een timp, oferind un confort constant.<\/p>\n<p>Decor frumos pentru noptier\u0103<\/p>\n<p>Dac\u0103 dori\u021bi s\u0103 ad\u0103uga\u021bi o not\u0103 de elegan\u021b\u0103 dormitorului dvs., perna Bed Body poate fi folosit\u0103 \u0219i ca o t\u0103blie de pat uimitoare. Designul s\u0103u atractiv creeaz\u0103 o atmosfer\u0103 primitoare \u0219i completeaz\u0103 orice stil de decor. Este adaosul perfect pentru dormitoare, hoteluri, spitale, locuri la fereastr\u0103 \u0219i o varietate de alte decoruri.<\/p>\n<p>Hus\u0103 de pern\u0103 deta\u0219abil\u0103 \u0219i \u00eengrijire u\u0219oar\u0103<\/p>\n<p>Perna de dormit are o hus\u0103 deta\u0219abil\u0103 care poate fi sp\u0103lat\u0103 cu u\u0219urin\u021b\u0103 la ma\u0219ina de sp\u0103lat pentru o cur\u0103\u021bare f\u0103r\u0103 efort. Pur \u0219i simplu deschide\u021bi fermoarul, desface\u021bi nasturii \u0219i pune\u021bi-o \u00een ma\u0219ina de sp\u0103lat.<\/p>\n<p>Recenzii ale clien\u021bilor<\/p>\n<p>\u201c\u00cemi place foarte mult aceast\u0103 pern\u0103! Este cea mai bun\u0103 pentru citit \u00een pat. Este at\u00e2t de confortabil\u0103 \u0219i ofer\u0103 un suport excelent.\u201d \u2013 Cump\u0103r\u0103tor verificat<\/p>\n<p>\u201cAceast\u0103 pern\u0103 este o salvare! M\u0103 ajut\u0103 s\u0103 ameliorez durerea \u0219i disconfortul dup\u0103 opera\u021bie.\u201d \u2013 Cump\u0103r\u0103tor verificat<\/p>\n<p>\u201cFolosesc aceast\u0103 pern\u0103 ca t\u0103blie de pat \u0219i arat\u0103 uimitor. De asemenea, este foarte confortabil s\u0103 te sprijini de ea.\u201d \u2013 Cump\u0103r\u0103tor verificat<\/p>\n<p>M\u0103rimi disponibile<\/p>\n<p>Pentru a se adapta diferitelor dimensiuni de pat \u0219i preferin\u021be personale, perna Bed Body este disponibil\u0103 \u00eentr-o gam\u0103 larg\u0103 de dimensiuni:<\/p>\n<p>* 100x50x8cm (3 nasturi)<br \/>\n* 120x50x8cm (4 nasturi)<br \/>\n* 140x50x8cm (4 nasturi)<br \/>\n* 160x50x8cm (5 nasturi)<br \/>\n* 180x50x8cm (6 nasturi)<br \/>\n* 200x50x8cm (7 nasturi)<\/p>\n<p>Dac\u0103 sunte\u021bi \u00een c\u0103utarea unei perne care s\u0103 combine confortul, func\u021bionalitatea \u0219i stilul, perna Bed Body este alegerea perfect\u0103. Comanda\u021bi-o ast\u0103zi \u0219i experimenta\u021bi relaxarea \u0219i sprijinul suprem \u00een pat \u0219i nu numai.<\/p>","protected":false},"excerpt":{"rendered":"<ul>\n<li><strong>PERN\u0102 PERFECT\u0102 PENTRU CITIT:<\/strong> Cu o pern\u0103 de form\u0103 dreptunghiular\u0103, aceast\u0103 pern\u0103 confortabil\u0103 pentru citit l\u00e2ng\u0103 pat func\u021bioneaz\u0103 perfect pentru a oferi un suport moale pentru spate ca pern\u0103 lombar\u0103 atunci c\u00e2nd stai \u00een pat pentru a citi, a te uita la televizor, a naviga pe telefon, a naviga pe tablet\u0103, a te juca jocuri video, a face yoga, a al\u0103pta \u0219i te odihne\u0219ti dup\u0103 o interven\u021bie chirurgical\u0103.<\/li>\n<li><strong>PERN\u0102 DE CORP CONFORTABIL\u0102:<\/strong> Ca pern\u0103 mare pentru corp, \u00eenlocuie\u0219te toate pernele normale de odihn\u0103 la pat sau lombare, creeaz\u0103 pozi\u021bii multiple ca pern\u0103 de pozi\u021bionare pentru a sus\u021bine spatele, umerii, coloana vertebral\u0103, abdomenul, picioarele \u0219i permite mu\u0219chilor s\u0103 r\u0103m\u00e2n\u0103 relaxa\u021bi. Promoveaz\u0103 o coloan\u0103 vertebral\u0103 aliniat\u0103 pentru orice persoan\u0103 care doarme, indiferent dac\u0103 ave\u021bi nevoie de o pern\u0103 tapi\u021bat\u0103 pentru odihn\u0103 la pat sau de o pern\u0103 mare pentru sus\u021binerea spatelui, dac\u0103 ave\u021bi nevoie doar de mai mult\u0103 sau mai pu\u021bin\u0103 \u00een\u0103l\u021bime. O pute\u021bi folosi, de asemenea, ca pern\u0103 de sarcin\u0103 care ofer\u0103 suport pentru diferite p\u0103r\u021bi ale corpului \u0219i amelioreaz\u0103 durerile cauzate de sarcin\u0103.<\/li>\n<li><strong>PROIECTAT INI\u021aIAL CU MATERIALE DE \u00ceNALT\u0102 CALITATE:<\/strong> Perna de citit dreptunghiular\u0103 este prev\u0103zut\u0103 cu dungi tridimensionale, smocuri din material textil \u0219i margini complet tivite, care o diferen\u021biaz\u0103 de toate celelalte perne de sp\u0103tar normale. De\u0219i perna decorativ\u0103 pentru sp\u0103tar este moale, \u00ee\u0219i men\u021bine forma de sus\u021binere, profit\u00e2nd din plin de umplutura din fibre de micropoliester rezistente \u0219i flexibile. Fermoarul bidirec\u021bional al pernei de noptier\u0103 este foarte rezistent \u0219i durabil pentru utilizare pe termen lung.<\/li>\n<li><strong>PERN\u0102 DECORATIV\u0102 FRUMOAS\u0102 PENTRU NOPTIER\u0102:<\/strong> Dac\u0103 ave\u021bi nevoie de o t\u0103blie de pat rapid\u0103 \u0219i u\u0219oar\u0103, aceast\u0103 pern\u0103 tapi\u021bat\u0103 pentru citit poate fi folosit\u0103 ca o alternativ\u0103 de \u00eenlocuire, fiind \u00een acela\u0219i timp un decor frumos pentru pat. Designul s\u0103u elegant va ad\u0103uga o priveli\u0219te primitoare dormitorului dumneavoastr\u0103. Cu aspectul s\u0103u atractiv, aceast\u0103 pern\u0103 original\u0103 pentru sp\u0103tarul noptierei este reglabil\u0103 pentru dormitor, hotel, spital, scaun la fereastr\u0103, canapea, canapea extensibil\u0103, pat supraetajat, pat de c\u0103min, pat cu platform\u0103.<\/li>\n<li><strong>HUSA DE PERN\u0102 LOMBAR\u0102 DETA\u0218ABIL\u0102 \u0218I U\u0218OR DE SP\u0102LAT:<\/strong> Pute\u021bi \u00eendep\u0103rta cu u\u0219urin\u021b\u0103 fa\u021ba pernei de odihn\u0103 la pat deschiz\u00e2nd fermoarul \u0219i desf\u0103c\u00e2nd nasturii de la fa\u021ba pernei de citit \u0219i o pute\u021bi sp\u0103la la ma\u0219in\u0103.<\/li>\n<li><strong>Material:<\/strong> Amestec de poliester \u0219i in.<\/li>\n<li><strong>Dimensiune:<\/strong> 100x50x8cm (3 nasturi), 120x50x8cm (4 nasturi), 140x50x8cm (4 nasturi), 160x50x8cm (5 nasturi), 180x50x8cm (6 nasturi), 200x50x8cm (7 nasturi)<\/li>\n<\/ul>","protected":false},"featured_media":1027,"comment_status":"open","ping_status":"closed","template":"","meta":[],"product_brand":[],"product_cat":[28],"product_tag":[66,142,115,154,79,141,144,118],"class_list":{"0":"post-1038","1":"product","2":"type-product","3":"status-publish","4":"has-post-thumbnail","6":"product_cat-large-body-pillow","7":"product_tag-back-support-pillow","8":"product_tag-bedside-reading-pillow","9":"product_tag-comfortable-body-pillow","10":"product_tag-large-body-pillow","11":"product_tag-lumbar-pillow","12":"product_tag-perfect-reading-pillow","13":"product_tag-positioner-pillow","14":"product_tag-pregnancy-pillow","16":"first","17":"instock","18":"featured","19":"shipping-taxable","20":"purchasable","21":"product-type-variable"},"_links":{"self":[{"href":"https:\/\/www.largepillow.com\/ro\/wp-json\/wp\/v2\/product\/1038","targetHints":{"allow":["GET"]}}],"collection":[{"href":"https:\/\/www.largepillow.com\/ro\/wp-json\/wp\/v2\/product"}],"about":[{"href":"https:\/\/www.largepillow.com\/ro\/wp-json\/wp\/v2\/types\/product"}],"replies":[{"embeddable":true,"href":"https:\/\/www.largepillow.com\/ro\/wp-json\/wp\/v2\/comments?post=1038"}],"wp:featuredmedia":[{"embeddable":true,"href":"https:\/\/www.largepillow.com\/ro\/wp-json\/wp\/v2\/media\/1027"}],"wp:attachment":[{"href":"https:\/\/www.largepillow.com\/ro\/wp-json\/wp\/v2\/media?parent=1038"}],"wp:term":[{"taxonomy":"product_brand","embeddable":true,"href":"https:\/\/www.largepillow.com\/ro\/wp-json\/wp\/v2\/product_brand?post=1038"},{"taxonomy":"product_cat","embeddable":true,"href":"https:\/\/www.largepillow.com\/ro\/wp-json\/wp\/v2\/product_cat?post=1038"},{"taxonomy":"product_tag","embeddable":true,"href":"https:\/\/www.largepillow.com\/ro\/wp-json\/wp\/v2\/product_tag?post=1038"}],"curies":[{"name":"wp","href":"https:\/\/api.w.org\/{rel}","templated":true}]}}