{"id":10595,"date":"2025-07-29T06:53:48","date_gmt":"2025-07-29T06:53:48","guid":{"rendered":"https:\/\/www.largepillow.com\/product\/bean-bag-lounger-sofa-giant-floor-couch-for-adults"},"modified":"2025-07-29T12:28:41","modified_gmt":"2025-07-29T12:28:41","slug":"canapea-extensibila-tip-sac-de-fasole-canapea-gigantica-de-podea-pentru-adulti","status":"publish","type":"product","link":"https:\/\/www.largepillow.com\/ro\/product\/bean-bag-lounger-sofa-giant-floor-couch-for-adults","title":{"rendered":"Canapea extensibil\u0103 tip bean bag \u2013 Canapea gigantic\u0103 de podea pentru adul\u021bi"},"content":{"rendered":"[zc_getpagecontent mb=&#8221;mb_aplus&#8221; apid=&#8221;139&#8243;]\n","protected":false},"excerpt":{"rendered":"<ul>\n<li>Design spa\u021bios pentru doi (sau mai mul\u021bi!): Cu dimensiuni generoase de 167 cm * 137 cm * 43 cm (66\u2033 x 54\u2033 x 17\u2033), aceast\u0103 canapea tip puf supradimensionat\u0103 poate g\u0103zdui confortabil 2-3 adul\u021bi - perfect\u0103 pentru cupluri, familii sau prieteni. Fie c\u0103 este vorba de sufragerie, dormitor, camer\u0103 de jocuri sau birou, acest fotoliu pentru dormitor adaug\u0103 o \u0219edere confortabil\u0103 \u0219i relaxant\u0103 oriunde ave\u021bi nevoie.<\/li>\n<li>Umplutur\u0103 ultra-confortabil\u0103 \u0219i cu sus\u021binere bun\u0103: Spune\u021bi adio fotoliilor tip puf zgomotoase \u0219i l\u0103sate! Aceast\u0103 canapea tip puf pentru adul\u021bi este umplut\u0103 cu fibr\u0103 de poliester pufoas\u0103 premium - oferind o sus\u021binere mai bun\u0103 \u0219i o men\u021binere superioar\u0103 a formei \u00een compara\u021bie cu umpluturile tradi\u021bionale cu pufuri. Bucura\u021bi-v\u0103 de confortul moale, f\u0103r\u0103 sc\u00e2r\u021b\u00e2iturile enervante.<\/li>\n<li>Upgrade elegant la fotoliul puf gigant clasic: Cu designul s\u0103u modern \u0219i scaunele spa\u021bioase, acesta nu este un puf obi\u0219nuit. Forma unic\u0103, conturat\u0103, poate g\u0103zdui confortabil 2-3 persoane, cre\u00e2nd o experien\u021b\u0103 de lounge privat\u0103 care v\u0103 invit\u0103 s\u0103 v\u0103 relaxa\u021bi, s\u0103 v\u0103 destinde\u021bi \u0219i s\u0103 v\u0103 sim\u021bi\u021bi pe deplin sprijini\u021bi.<\/li>\n<li>Material textil luxos \u0219i moale din plu\u0219: \u00cenvelit \u00eentr-un material textil scurt \u0219i plu\u0219at, cu dungi late, acest canapea puf este la fel de moale pe c\u00e2t este de elegant. Materialul texturat ofer\u0103 o moliciune excep\u021bional\u0103 \u0219i o not\u0103 de elegan\u021b\u0103. (Not\u0103: Poate ap\u0103rea o n\u0103p\u00e2rlire minim\u0103, dar nu afecteaz\u0103 func\u021bionalitatea sau confortul.)<\/li>\n<li>Instalare \u0219i \u00eentre\u021binere u\u0219oar\u0103: Livrat \u00eentr-un singur pachet pentru transport u\u0219or. Fermoarul inferior supradimensionat permite \u00eendep\u0103rtarea u\u0219oar\u0103, iar husa se poate sp\u0103la la ma\u0219in\u0103 pentru o \u00eentre\u021binere f\u0103r\u0103 efort.<\/li>\n<\/ul>","protected":false},"featured_media":10582,"comment_status":"open","ping_status":"closed","template":"","meta":[],"product_brand":[],"product_cat":[228],"product_tag":[],"class_list":{"0":"post-10595","1":"product","2":"type-product","3":"status-publish","4":"has-post-thumbnail","6":"product_cat-cushions","8":"first","9":"instock","10":"sold-individually","11":"shipping-taxable","12":"purchasable","13":"product-type-simple"},"_links":{"self":[{"href":"https:\/\/www.largepillow.com\/ro\/wp-json\/wp\/v2\/product\/10595","targetHints":{"allow":["GET"]}}],"collection":[{"href":"https:\/\/www.largepillow.com\/ro\/wp-json\/wp\/v2\/product"}],"about":[{"href":"https:\/\/www.largepillow.com\/ro\/wp-json\/wp\/v2\/types\/product"}],"replies":[{"embeddable":true,"href":"https:\/\/www.largepillow.com\/ro\/wp-json\/wp\/v2\/comments?post=10595"}],"wp:featuredmedia":[{"embeddable":true,"href":"https:\/\/www.largepillow.com\/ro\/wp-json\/wp\/v2\/media\/10582"}],"wp:attachment":[{"href":"https:\/\/www.largepillow.com\/ro\/wp-json\/wp\/v2\/media?parent=10595"}],"wp:term":[{"taxonomy":"product_brand","embeddable":true,"href":"https:\/\/www.largepillow.com\/ro\/wp-json\/wp\/v2\/product_brand?post=10595"},{"taxonomy":"product_cat","embeddable":true,"href":"https:\/\/www.largepillow.com\/ro\/wp-json\/wp\/v2\/product_cat?post=10595"},{"taxonomy":"product_tag","embeddable":true,"href":"https:\/\/www.largepillow.com\/ro\/wp-json\/wp\/v2\/product_tag?post=10595"}],"curies":[{"name":"wp","href":"https:\/\/api.w.org\/{rel}","templated":true}]}}